{"id":2128,"date":"2022-04-12T11:12:33","date_gmt":"2022-04-12T11:12:33","guid":{"rendered":"https:\/\/kansanmusiikki-instituutti.fi\/?page_id=2128"},"modified":"2026-02-11T11:59:11","modified_gmt":"2026-02-11T11:59:11","slug":"strategia","status":"publish","type":"page","link":"http:\/\/kansanmusiikki-instituutti.fi\/en\/strategia\/","title":{"rendered":"Strategy (FI)"},"content":{"rendered":"<p>[et_pb_section fb_built=&#8221;1&#8243; _builder_version=&#8221;4.16&#8243; _module_preset=&#8221;default&#8221; background_enable_image=&#8221;off&#8221; parallax=&#8221;on&#8221; custom_padding=&#8221;||7px|||&#8221; global_colors_info=&#8221;{}&#8221;][et_pb_row column_structure=&#8221;2_3,1_3&#8243; _builder_version=&#8221;4.27.3&#8243; _module_preset=&#8221;default&#8221; animation_direction=&#8221;right&#8221; hover_enabled=&#8221;0&#8243; global_colors_info=&#8221;{}&#8221; sticky_enabled=&#8221;0&#8243;][et_pb_column type=&#8221;2_3&#8243; _builder_version=&#8221;4.16&#8243; _module_preset=&#8221;default&#8221; background_color=&#8221;rgba(255,255,255,0.89)&#8221; global_colors_info=&#8221;{}&#8221;][et_pb_gallery _builder_version=&#8221;4.27.3&#8243; _module_preset=&#8221;default&#8221; gallery_ids=&#8221;3280,3292,3293&#8243; hover_enabled=&#8221;0&#8243; sticky_enabled=&#8221;0&#8243; background_color=&#8221;#FFFFFF&#8221; fullwidth=&#8221;on&#8221; max_width=&#8221;91%&#8221;][\/et_pb_gallery][\/et_pb_column][et_pb_column type=&#8221;1_3&#8243; _builder_version=&#8221;4.16&#8243; _module_preset=&#8221;default&#8221; global_colors_info=&#8221;{}&#8221;][et_pb_sidebar area=&#8221;sidebar-6&#8243; _builder_version=&#8221;4.24.0&#8243; _module_preset=&#8221;default&#8221; header_font=&#8221;||||||||&#8221; custom_padding=&#8221;24px|24px|24px|24px|true|true&#8221; sticky_limit_bottom=&#8221;row&#8221; sticky_position_tablet=&#8221;none&#8221; sticky_position_phone=&#8221;&#8221; sticky_position_last_edited=&#8221;on|tablet&#8221; border_width_all=&#8221;1px&#8221; border_color_all=&#8221;rgba(51,51,51,0.43)&#8221; global_module=&#8221;1595&#8243; saved_tabs=&#8221;all&#8221; global_colors_info=&#8221;{}&#8221;][\/et_pb_sidebar][\/et_pb_column][\/et_pb_row][et_pb_row _builder_version=&#8221;4.16&#8243; _module_preset=&#8221;default&#8221; global_colors_info=&#8221;{}&#8221;][et_pb_column type=&#8221;4_4&#8243; _builder_version=&#8221;4.16&#8243; _module_preset=&#8221;default&#8221; global_colors_info=&#8221;{}&#8221;][et_pb_text _builder_version=&#8221;4.16&#8243; _module_preset=&#8221;default&#8221; global_colors_info=&#8221;{}&#8221;]<\/p>\n<p style=\"font-weight: 400;\"><strong><span style=\"font-size: xx-large;\">Strategia 2026\u20132029<\/span><\/strong><\/p>\n<p style=\"font-weight: 400;\"><span style=\"font-size: large;\">Kansanmusiikki-instituutti<\/span><strong><span style=\"font-size: xx-large;\"><\/span><\/strong><\/p>\n<p style=\"font-weight: 400;\">\n<p style=\"font-weight: 400;\"><strong><span style=\"font-size: x-large;\">Visio<\/span><\/strong><\/p>\n<p style=\"font-weight: 400;\">\n<p style=\"font-weight: 400;\">Tavoittelemme yhteiskuntaa, jossa kulttuurin ja kulttuuriperinn\u00f6n merkitys ja vaikuttavuus tunnistetaan, kansanmusiikki- ja kansantanssialan arvostus ja rahoitus vahvistuvat ja vuoropuhelu eri yhteis\u00f6jen, ryhmien ja toimijoiden v\u00e4lill\u00e4 on runsasta. Kansanmusiikki-instituutti toimii t\u00e4ss\u00e4 kehityksess\u00e4 laajasti vaikuttavana suunnann\u00e4ytt\u00e4j\u00e4n\u00e4 muun muassa museo- ja arkistoty\u00f6n, tutkimuksen, koulutuksen sek\u00e4 aineettoman kulttuuriperinn\u00f6n suojeluty\u00f6n kautta.<\/p>\n<p style=\"font-weight: 400;\">\n<p style=\"font-weight: 400;\"><strong><span style=\"font-size: x-large;\">N\u00e4in maailma muuttuu<\/span><\/strong><\/p>\n<p style=\"font-weight: 400;\">\n<ul>\n<li style=\"font-weight: 400;\">Digitalisaatio ja erityisesti teko\u00e4lyn kehitys etenee ja koskettaa kaikkia toimintasektoreitamme.<\/li>\n<li style=\"font-weight: 400;\">K\u00e4sitys kulttuuriperinn\u00f6st\u00e4 muuttuu nykyhetke\u00e4 ja yhteis\u00f6l\u00e4ht\u00f6isyytt\u00e4 painottavaksi ja sitoutuu systeemisiin kest\u00e4v\u00e4n kehityksen tavoitteisiin.<\/li>\n<li style=\"font-weight: 400;\">Kansainv\u00e4listen verkostojen merkitys korostuu. Geopoliittiset ja globaaliin turvallisuuspolitiikkaan liittyv\u00e4t muutokset vaikuttavat vahvasti kansainv\u00e4liseen toimintaymp\u00e4rist\u00f6\u00f6n my\u00f6s kulttuuritoimijoiden osalta.<\/li>\n<li style=\"font-weight: 400;\">Toiminnan rahoitusl\u00e4hteet tulevat muuttumaan. Erityisesti yksityisen rahoituksen merkitys kasvaa.<\/li>\n<\/ul>\n<p style=\"font-weight: 400;\">\n<p style=\"font-weight: 400;\"><strong><span style=\"font-size: x-large;\">Meid\u00e4n teht\u00e4v\u00e4mme on<\/span><\/strong><\/p>\n<ul>\n<li style=\"font-weight: 400;\">edist\u00e4\u00e4 ja tehd\u00e4 tunnetuksi kansanmusiikin ja -tanssin harjoittamista sek\u00e4 palvella alaa mm. tutkimus-, tallennus-, arkistointi-, tiedotus-, julkaisu- ja koulutustoiminnalla.<\/li>\n<li style=\"font-weight: 400;\">lis\u00e4t\u00e4 tietoa eri kansanmusiikki- ja kansantanssi-ilmi\u00f6ist\u00e4, perinteist\u00e4 ja niihin liittyvist\u00e4 historiallisista tai esteettisist\u00e4 ilmi\u00f6ist\u00e4.<\/li>\n<li style=\"font-weight: 400;\">edist\u00e4\u00e4 aineettoman kulttuuriperinn\u00f6n turvaamista lis\u00e4\u00e4m\u00e4ll\u00e4 ymm\u00e4rryst\u00e4 ja osaamista kulttuuriperinn\u00f6n suojeluun liittyvist\u00e4 sosiaalisista ja kulttuurisista merkityksist\u00e4 ja k\u00e4yt\u00e4nteist\u00e4.<\/li>\n<\/ul>\n<p style=\"font-weight: 400;\">\n<p style=\"font-weight: 400;\"><strong><span style=\"font-size: x-large;\">N\u00e4in menestymme teht\u00e4v\u00e4ss\u00e4mme<\/span><\/strong><\/p>\n<p style=\"font-weight: 400;\">\n<ul>\n<li style=\"font-weight: 400;\">Olemme jatkuvassa vuorovaikutuksessa eri yleis\u00f6ihin, toimijoihin ja sidosryhmiin kaikilla tasoilla ja suunnilla heid\u00e4n tarpeitaan kuunnellen.<\/li>\n<li style=\"font-weight: 400;\">Vahvistamme vaikuttavuuttamme hanketoiminnalla ja kumppanuuksilla.<\/li>\n<li style=\"font-weight: 400;\">Pid\u00e4mme huolta talouden tasapainosta ja hyv\u00e4st\u00e4 hallintokulttuurista.<\/li>\n<li style=\"font-weight: 400;\">Huolehdimme innostavasta ty\u00f6ilmapiirist\u00e4 ja henkil\u00f6st\u00f6n mahdollisuuksista vaikuttaa ty\u00f6h\u00f6ns\u00e4 ja kehitt\u00e4\u00e4 osaamistaan.<\/li>\n<\/ul>\n<p style=\"font-weight: 400;\">\n<p style=\"font-weight: 400;\"><strong><span style=\"font-size: x-large;\">Arvot<\/span><\/strong><\/p>\n<p style=\"font-weight: 400;\">\n<p style=\"font-weight: 400;\"><strong>Oppiva:<\/strong> Kehit\u00e4mme osaamistamme ja rakennamme osaajaverkostoja t\u00e4ydent\u00e4m\u00e4\u00e4n omaa osaamistamme.<\/p>\n<p style=\"font-weight: 400;\"><strong>Yhteis\u00f6llinen:<\/strong> Uskomme yhteis\u00f6l\u00e4ht\u00f6isyyteen kulttuuriperinn\u00f6n vaalimisen ja kehitysty\u00f6n perustana.<\/p>\n<p style=\"font-weight: 400;\"><strong>Ajassa el\u00e4v\u00e4:<\/strong> Seuraamme kehityst\u00e4 ja muutumme joustavasti tinkim\u00e4tt\u00e4 perusteht\u00e4v\u00e4mme hoidosta.<\/p>\n<p style=\"font-weight: 400;\">\n<p style=\"font-weight: 400;\"><strong><span style=\"font-size: x-large;\">K\u00e4rkihankkeet<\/span><\/strong><\/p>\n<p style=\"font-weight: 400;\">\n<ul>\n<li style=\"font-weight: 400;\">Valtakunnallisen vaikuttavuuden ja yhteisty\u00f6verkostojen vahvistaminen<\/li>\n<li style=\"font-weight: 400;\">Aineettoman kulttuuriperinn\u00f6n asiantuntijuuden, yhteis\u00f6l\u00e4ht\u00f6isen arkisto- ja museoty\u00f6n sek\u00e4 Kaustinen ICH Academy -ohjelman ja siihen kytkeytyv\u00e4n tutkimusyksik\u00f6n kehitt\u00e4minen ja vakiinnuttaminen<\/li>\n<li style=\"font-weight: 400;\">Kansainv\u00e4lisen hankeyhteisty\u00f6n kehitt\u00e4minen ja lis\u00e4\u00e4minen<\/li>\n<\/ul>\n<p style=\"font-weight: 400;\">\n<p style=\"font-weight: 400;\"><strong><span style=\"font-size: x-large;\">Kehityskohteet<\/span><\/strong><\/p>\n<p style=\"font-weight: 400;\">\n<ul>\n<li style=\"font-weight: 400;\">Kest\u00e4v\u00e4 rahoitus<\/li>\n<li style=\"font-weight: 400;\">Strategisen osaamisen kehitt\u00e4minen<\/li>\n<li style=\"font-weight: 400;\">Tutkimustoiminta<\/li>\n<\/ul>\n<p style=\"font-weight: 400;\">\n<p style=\"font-weight: 400;\"><strong><span style=\"font-size: x-large;\">Toimintaamme ohjaavat asiakirjat<\/span><\/strong><\/p>\n<p style=\"font-weight: 400;\">\n<ul>\n<li style=\"font-weight: 400;\">YK:n Kest\u00e4v\u00e4n kehityksen tavoitteet<\/li>\n<li style=\"font-weight: 400;\">Unescon yleissopimus aineettoman kulttuuriperinn\u00f6n suojelemisesta<\/li>\n<li style=\"font-weight: 400;\">Euroopan neuvoston puiteyleissopimus kulttuuriperinn\u00f6n yhteiskunnallisesta merkityksest\u00e4 (Faron sopimus)<\/li>\n<li style=\"font-weight: 400;\">Kansanmusiikin ja kansantanssin Visio 2030 (valmisteilla)<\/li>\n<li style=\"font-weight: 400;\">Kulttuuripoliittinen selonteko<\/li>\n<li style=\"font-weight: 400;\">Kulttuuriperint\u00f6strategia 2030<\/li>\n<\/ul>\n<p>&nbsp;<\/p>\n<p>Lataa <a href=\"https:\/\/kansanmusiikki-instituutti.fi\/wp-content\/uploads\/2026\/02\/Strategia-2026\u20132029LOP2.pdf\">t\u00e4\u00e4lt\u00e4<\/a> strategia PDF-muodossa.<\/p>\n<p>&nbsp;<\/p>\n<p>[\/et_pb_text][\/et_pb_column][\/et_pb_row][et_pb_row _builder_version=&#8221;4.16&#8243; _module_preset=&#8221;default&#8221; global_colors_info=&#8221;{}&#8221;][et_pb_column type=&#8221;4_4&#8243; _builder_version=&#8221;4.16&#8243; _module_preset=&#8221;default&#8221; global_colors_info=&#8221;{}&#8221;][\/et_pb_column][\/et_pb_row][et_pb_row _builder_version=&#8221;4.16&#8243; _module_preset=&#8221;default&#8221; custom_padding=&#8221;||4px|||&#8221; global_colors_info=&#8221;{}&#8221;][et_pb_column type=&#8221;4_4&#8243; _builder_version=&#8221;4.16&#8243; _module_preset=&#8221;default&#8221; global_colors_info=&#8221;{}&#8221;][et_pb_divider _builder_version=&#8221;4.16&#8243; _module_preset=&#8221;default&#8221; global_colors_info=&#8221;{}&#8221;][\/et_pb_divider][\/et_pb_column][\/et_pb_row][\/et_pb_section][et_pb_section fb_built=&#8221;1&#8243; _builder_version=&#8221;4.6.6&#8243; _module_preset=&#8221;default&#8221; custom_padding=&#8221;29px|||||&#8221; global_module=&#8221;1551&#8243; saved_tabs=&#8221;all&#8221; global_colors_info=&#8221;{}&#8221;][et_pb_row use_custom_gutter=&#8221;on&#8221; gutter_width=&#8221;2&#8243; _builder_version=&#8221;4.24.2&#8243; _module_preset=&#8221;default&#8221; width=&#8221;70%&#8221; width_tablet=&#8221;90%&#8221; width_phone=&#8221;&#8221; width_last_edited=&#8221;on|tablet&#8221; custom_padding=&#8221;27px|||||&#8221; global_colors_info=&#8221;{}&#8221;][et_pb_column type=&#8221;4_4&#8243; _builder_version=&#8221;4.16&#8243; _module_preset=&#8221;default&#8221; global_colors_info=&#8221;{}&#8221;][et_pb_text _builder_version=&#8221;4.24.2&#8243; _module_preset=&#8221;default&#8221; header_2_font_size=&#8221;2vw&#8221; custom_margin=&#8221;||40px|||&#8221; header_2_font_size_tablet=&#8221;4vw&#8221; header_2_font_size_phone=&#8221;7vw&#8221; header_2_font_size_last_edited=&#8221;on|phone&#8221; border_width_bottom=&#8221;1px&#8221; global_colors_info=&#8221;{}&#8221;]<\/p>\n<h2>Ajankohtaista<\/h2>\n<p>[\/et_pb_text][et_pb_blog fullwidth=&#8221;off&#8221; posts_number=&#8221;3&#8243; meta_date=&#8221;j.m.Y&#8221; use_manual_excerpt=&#8221;off&#8221; excerpt_length=&#8221;200&#8243; show_author=&#8221;off&#8221; show_categories=&#8221;off&#8221; show_excerpt=&#8221;off&#8221; _builder_version=&#8221;4.24.0&#8243; _module_preset=&#8221;default&#8221; body_line_height=&#8221;1.6em&#8221; pagination_font=&#8221;|800||on|||||&#8221; pagination_text_color=&#8221;#000000&#8243; pagination_font_size=&#8221;14px&#8221; background_color=&#8221;rgba(0,0,0,0)&#8221; text_orientation=&#8221;center&#8221; border_color_all=&#8221;#000000&#8243; border_width_top=&#8221;10px&#8221; border_color_top=&#8221;gcid-9253885b-3508-44a2-9922-3a4034f3e389&#8243; global_colors_info=&#8221;{%22gcid-9253885b-3508-44a2-9922-3a4034f3e389%22:%91%22border_color_top%22%93}&#8221;][\/et_pb_blog][\/et_pb_column][\/et_pb_row][\/et_pb_section]<\/p>\n","protected":false},"excerpt":{"rendered":"<p>Strategia 2026\u20132029 Kansanmusiikki-instituutti Visio Tavoittelemme yhteiskuntaa, jossa kulttuurin ja kulttuuriperinn\u00f6n merkitys ja vaikuttavuus tunnistetaan, kansanmusiikki- ja kansantanssialan arvostus ja rahoitus vahvistuvat ja vuoropuhelu eri yhteis\u00f6jen, ryhmien ja toimijoiden v\u00e4lill\u00e4 on runsasta. Kansanmusiikki-instituutti toimii t\u00e4ss\u00e4 kehityksess\u00e4 laajasti vaikuttavana suunnann\u00e4ytt\u00e4j\u00e4n\u00e4 muun muassa museo- ja arkistoty\u00f6n, tutkimuksen, koulutuksen sek\u00e4 aineettoman kulttuuriperinn\u00f6n suojeluty\u00f6n kautta. N\u00e4in maailma muuttuu Digitalisaatio ja [&hellip;]<\/p>\n","protected":false},"author":4,"featured_media":0,"parent":0,"menu_order":0,"comment_status":"closed","ping_status":"closed","template":"","meta":{"_et_pb_use_builder":"on","_et_pb_old_content":"","_et_gb_content_width":"","footnotes":""},"class_list":["post-2128","page","type-page","status-publish","hentry"],"yoast_head":"<!-- This site is optimized with the Yoast SEO plugin v27.0 - https:\/\/yoast.com\/product\/yoast-seo-wordpress\/ -->\n<title>Strategia - Kansanmusiikki-instituutti<\/title>\n<meta name=\"robots\" content=\"index, follow, max-snippet:-1, max-image-preview:large, max-video-preview:-1\" \/>\n<link rel=\"canonical\" href=\"https:\/\/kansanmusiikki-instituutti.fi\/en\/strategia\/\" \/>\n<meta property=\"og:locale\" content=\"en_GB\" \/>\n<meta property=\"og:type\" content=\"article\" \/>\n<meta property=\"og:title\" content=\"Strategia - Kansanmusiikki-instituutti\" \/>\n<meta property=\"og:description\" content=\"Strategia 2026\u20132029 Kansanmusiikki-instituutti Visio Tavoittelemme yhteiskuntaa, jossa kulttuurin ja kulttuuriperinn\u00f6n merkitys ja vaikuttavuus tunnistetaan, kansanmusiikki- ja kansantanssialan arvostus ja rahoitus vahvistuvat ja vuoropuhelu eri yhteis\u00f6jen, ryhmien ja toimijoiden v\u00e4lill\u00e4 on runsasta. Kansanmusiikki-instituutti toimii t\u00e4ss\u00e4 kehityksess\u00e4 laajasti vaikuttavana suunnann\u00e4ytt\u00e4j\u00e4n\u00e4 muun muassa museo- ja arkistoty\u00f6n, tutkimuksen, koulutuksen sek\u00e4 aineettoman kulttuuriperinn\u00f6n suojeluty\u00f6n kautta. N\u00e4in maailma muuttuu Digitalisaatio ja [&hellip;]\" \/>\n<meta property=\"og:url\" content=\"https:\/\/kansanmusiikki-instituutti.fi\/en\/strategia\/\" \/>\n<meta property=\"og:site_name\" content=\"Kansanmusiikki-instituutti\" \/>\n<meta property=\"article:modified_time\" content=\"2026-02-11T11:59:11+00:00\" \/>\n<meta name=\"twitter:card\" content=\"summary_large_image\" \/>\n<meta name=\"twitter:label1\" content=\"Estimated reading time\" \/>\n\t<meta name=\"twitter:data1\" content=\"2 minutes\" \/>\n<script type=\"application\/ld+json\" class=\"yoast-schema-graph\">{\"@context\":\"https:\/\/schema.org\",\"@graph\":[{\"@type\":\"WebPage\",\"@id\":\"https:\/\/kansanmusiikki-instituutti.fi\/strategia\/\",\"url\":\"https:\/\/kansanmusiikki-instituutti.fi\/strategia\/\",\"name\":\"Strategia - Kansanmusiikki-instituutti\",\"isPartOf\":{\"@id\":\"https:\/\/kansanmusiikki-instituutti.fi\/#website\"},\"datePublished\":\"2022-04-12T11:12:33+00:00\",\"dateModified\":\"2026-02-11T11:59:11+00:00\",\"breadcrumb\":{\"@id\":\"https:\/\/kansanmusiikki-instituutti.fi\/strategia\/#breadcrumb\"},\"inLanguage\":\"en-GB\",\"potentialAction\":[{\"@type\":\"ReadAction\",\"target\":[\"https:\/\/kansanmusiikki-instituutti.fi\/strategia\/\"]}]},{\"@type\":\"BreadcrumbList\",\"@id\":\"https:\/\/kansanmusiikki-instituutti.fi\/strategia\/#breadcrumb\",\"itemListElement\":[{\"@type\":\"ListItem\",\"position\":1,\"name\":\"Home\",\"item\":\"https:\/\/kansanmusiikki-instituutti.fi\/\"},{\"@type\":\"ListItem\",\"position\":2,\"name\":\"Strategia\"}]},{\"@type\":\"WebSite\",\"@id\":\"https:\/\/kansanmusiikki-instituutti.fi\/#website\",\"url\":\"https:\/\/kansanmusiikki-instituutti.fi\/\",\"name\":\"Kansanmusiikki-instituutti\",\"description\":\"Finnish Folk Music Institute\",\"potentialAction\":[{\"@type\":\"SearchAction\",\"target\":{\"@type\":\"EntryPoint\",\"urlTemplate\":\"https:\/\/kansanmusiikki-instituutti.fi\/?s={search_term_string}\"},\"query-input\":{\"@type\":\"PropertyValueSpecification\",\"valueRequired\":true,\"valueName\":\"search_term_string\"}}],\"inLanguage\":\"en-GB\"}]}<\/script>\n<!-- \/ Yoast SEO plugin. -->","yoast_head_json":{"title":"Strategia - Kansanmusiikki-instituutti","robots":{"index":"index","follow":"follow","max-snippet":"max-snippet:-1","max-image-preview":"max-image-preview:large","max-video-preview":"max-video-preview:-1"},"canonical":"https:\/\/kansanmusiikki-instituutti.fi\/en\/strategia\/","og_locale":"en_GB","og_type":"article","og_title":"Strategia - Kansanmusiikki-instituutti","og_description":"Strategia 2026\u20132029 Kansanmusiikki-instituutti Visio Tavoittelemme yhteiskuntaa, jossa kulttuurin ja kulttuuriperinn\u00f6n merkitys ja vaikuttavuus tunnistetaan, kansanmusiikki- ja kansantanssialan arvostus ja rahoitus vahvistuvat ja vuoropuhelu eri yhteis\u00f6jen, ryhmien ja toimijoiden v\u00e4lill\u00e4 on runsasta. Kansanmusiikki-instituutti toimii t\u00e4ss\u00e4 kehityksess\u00e4 laajasti vaikuttavana suunnann\u00e4ytt\u00e4j\u00e4n\u00e4 muun muassa museo- ja arkistoty\u00f6n, tutkimuksen, koulutuksen sek\u00e4 aineettoman kulttuuriperinn\u00f6n suojeluty\u00f6n kautta. N\u00e4in maailma muuttuu Digitalisaatio ja [&hellip;]","og_url":"https:\/\/kansanmusiikki-instituutti.fi\/en\/strategia\/","og_site_name":"Kansanmusiikki-instituutti","article_modified_time":"2026-02-11T11:59:11+00:00","twitter_card":"summary_large_image","twitter_misc":{"Estimated reading time":"2 minutes"},"schema":{"@context":"https:\/\/schema.org","@graph":[{"@type":"WebPage","@id":"https:\/\/kansanmusiikki-instituutti.fi\/strategia\/","url":"https:\/\/kansanmusiikki-instituutti.fi\/strategia\/","name":"Strategia - Kansanmusiikki-instituutti","isPartOf":{"@id":"https:\/\/kansanmusiikki-instituutti.fi\/#website"},"datePublished":"2022-04-12T11:12:33+00:00","dateModified":"2026-02-11T11:59:11+00:00","breadcrumb":{"@id":"https:\/\/kansanmusiikki-instituutti.fi\/strategia\/#breadcrumb"},"inLanguage":"en-GB","potentialAction":[{"@type":"ReadAction","target":["https:\/\/kansanmusiikki-instituutti.fi\/strategia\/"]}]},{"@type":"BreadcrumbList","@id":"https:\/\/kansanmusiikki-instituutti.fi\/strategia\/#breadcrumb","itemListElement":[{"@type":"ListItem","position":1,"name":"Home","item":"https:\/\/kansanmusiikki-instituutti.fi\/"},{"@type":"ListItem","position":2,"name":"Strategia"}]},{"@type":"WebSite","@id":"https:\/\/kansanmusiikki-instituutti.fi\/#website","url":"https:\/\/kansanmusiikki-instituutti.fi\/","name":"The Finnish Folk Music Institute","description":"Finnish Folk Music Institute","potentialAction":[{"@type":"SearchAction","target":{"@type":"EntryPoint","urlTemplate":"https:\/\/kansanmusiikki-instituutti.fi\/?s={search_term_string}"},"query-input":{"@type":"PropertyValueSpecification","valueRequired":true,"valueName":"search_term_string"}}],"inLanguage":"en-GB"}]}},"_links":{"self":[{"href":"http:\/\/kansanmusiikki-instituutti.fi\/en\/wp-json\/wp\/v2\/pages\/2128","targetHints":{"allow":["GET"]}}],"collection":[{"href":"http:\/\/kansanmusiikki-instituutti.fi\/en\/wp-json\/wp\/v2\/pages"}],"about":[{"href":"http:\/\/kansanmusiikki-instituutti.fi\/en\/wp-json\/wp\/v2\/types\/page"}],"author":[{"embeddable":true,"href":"http:\/\/kansanmusiikki-instituutti.fi\/en\/wp-json\/wp\/v2\/users\/4"}],"replies":[{"embeddable":true,"href":"http:\/\/kansanmusiikki-instituutti.fi\/en\/wp-json\/wp\/v2\/comments?post=2128"}],"version-history":[{"count":22,"href":"http:\/\/kansanmusiikki-instituutti.fi\/en\/wp-json\/wp\/v2\/pages\/2128\/revisions"}],"predecessor-version":[{"id":3295,"href":"http:\/\/kansanmusiikki-instituutti.fi\/en\/wp-json\/wp\/v2\/pages\/2128\/revisions\/3295"}],"wp:attachment":[{"href":"http:\/\/kansanmusiikki-instituutti.fi\/en\/wp-json\/wp\/v2\/media?parent=2128"}],"curies":[{"name":"wp","href":"https:\/\/api.w.org\/{rel}","templated":true}]}}