{"id":1516,"date":"2021-01-11T09:24:46","date_gmt":"2021-01-11T09:24:46","guid":{"rendered":"https:\/\/kansanmusiikki-instituutti.fi\/?page_id=1516"},"modified":"2026-03-06T09:56:38","modified_gmt":"2026-03-06T09:56:38","slug":"tutkimus","status":"publish","type":"page","link":"https:\/\/kansanmusiikki-instituutti.fi\/en\/tutkimus\/","title":{"rendered":"Research"},"content":{"rendered":"<p>[et_pb_section fb_built=&#8221;1&#8243; _builder_version=&#8221;4.16&#8243; _module_preset=&#8221;default&#8221; background_enable_image=&#8221;off&#8221; parallax=&#8221;on&#8221; global_colors_info=&#8221;{}&#8221;][et_pb_row column_structure=&#8221;2_3,1_3&#8243; _builder_version=&#8221;4.16&#8243; _module_preset=&#8221;default&#8221; animation_direction=&#8221;right&#8221; global_colors_info=&#8221;{}&#8221;][et_pb_column type=&#8221;2_3&#8243; _builder_version=&#8221;4.16&#8243; _module_preset=&#8221;default&#8221; background_color=&#8221;rgba(255,255,255,0.89)&#8221; global_colors_info=&#8221;{}&#8221;][et_pb_image src=&#8221;https:\/\/kansanmusiikki-instituutti.fi\/wp-content\/uploads\/2021\/01\/orig_9743.jpg&#8221; alt=&#8221;Vasemmalta Elias Kentala (viulu) , Aarne J\u00e4rvel\u00e4 (soittaa puusta veistetty\u00e4 pient\u00e4 viulua), Johannes J\u00e4rvel\u00e4 (viulu) ja Veikko Sylvester J\u00e4rvel\u00e4 (harmonikka).&#8221; title_text=&#8221;orig_9743&#8243; _builder_version=&#8221;4.16&#8243; _module_preset=&#8221;default&#8221; global_colors_info=&#8221;{}&#8221;][\/et_pb_image][et_pb_text _builder_version=&#8221;4.16&#8243; _module_preset=&#8221;default&#8221; global_colors_info=&#8221;{}&#8221;]<\/p>\n<h1>Tutkimus<\/h1>\n<p>Kansanmusiikki-instituutin tutkimustoiminnalla lis\u00e4t\u00e4\u00e4n yleist\u00e4 tietoisuutta Suomen historiallisesta ja nykyisest\u00e4 kansanmusiikista ja tuotetaan kansanmusiikin harjoittamista, musiikkikasvatusta ja aineettoman kulttuuriperinn\u00f6n yhteiskunnallista vaikuttavuutta tukevaa kriittist\u00e4 asiantuntijuutta ja tietoa.<\/p>\n<p>Tutkimustoiminnan strategisena painopisteen\u00e4 on yhteisty\u00f6 korkeakoulujen tutkimushankkeiden kanssa sek\u00e4 kotimainen ja kansainv\u00e4linen verkostoyhteisty\u00f6. Kaustinen ICH Academy \u2011ohjelma koostuu tutkija- ja opiskelijavierailuista sek\u00e4 luento\u2011 ja seminaarikokonaisuudesta Kaustisen kansanmusiikkijuhlien yhteydess\u00e4. J\u00e4rjest\u00e4mme my\u00f6s kotimaisia seminaareja ja tutkijatapaamisia. Tutkimustuloksia julkaistaan tutkielmina, \u00e4\u00e4nittein\u00e4 ja lehtiartikkeleina ja esimerkiksi n\u00e4yttelyjen yhteydess\u00e4.<\/p>\n<p>Lis\u00e4ksi avustamme tutkijoita tiedonhankinnassa ja opinn\u00e4ytet\u00f6iden ohjauksessa, teemme julkaisu- tai asiantuntijayhteisty\u00f6t\u00e4 muissa aineettomaan kulttuuriperint\u00f6\u00f6n, kansanmusiikkiin ja -tanssiin liittyviss\u00e4 tutkimushankkeissa, otamme osaa alan tieteelliseen keskusteluun ja huomioimme toiminnassamme alan tutkimuksen yleisen kehityksen.<\/p>\n<p>&nbsp;<\/p>\n<p>[\/et_pb_text][\/et_pb_column][et_pb_column type=&#8221;1_3&#8243; _builder_version=&#8221;4.16&#8243; _module_preset=&#8221;default&#8221; global_colors_info=&#8221;{}&#8221;][et_pb_sidebar _builder_version=&#8221;4.27.3&#8243; _module_preset=&#8221;default&#8221; header_font=&#8221;||||||||&#8221; custom_padding=&#8221;24px|24px|0px|24px|false|true&#8221; sticky_limit_bottom=&#8221;row&#8221; sticky_position_tablet=&#8221;none&#8221; sticky_position_phone=&#8221;&#8221; sticky_position_last_edited=&#8221;on|phone&#8221; border_width_all=&#8221;1px&#8221; border_color_all=&#8221;rgba(51,51,51,0.43)&#8221; global_module=&#8221;1538&#8243; saved_tabs=&#8221;all&#8221; global_colors_info=&#8221;{}&#8221;][\/et_pb_sidebar][\/et_pb_column][\/et_pb_row][\/et_pb_section]<\/p>\n","protected":false},"excerpt":{"rendered":"<p>Tutkimus Kansanmusiikki-instituutin tutkimustoiminnalla lis\u00e4t\u00e4\u00e4n yleist\u00e4 tietoisuutta Suomen historiallisesta ja nykyisest\u00e4 kansanmusiikista ja tuotetaan kansanmusiikin harjoittamista, musiikkikasvatusta ja aineettoman kulttuuriperinn\u00f6n yhteiskunnallista vaikuttavuutta tukevaa kriittist\u00e4 asiantuntijuutta ja tietoa. Tutkimustoiminnan strategisena painopisteen\u00e4 on yhteisty\u00f6 korkeakoulujen tutkimushankkeiden kanssa sek\u00e4 kotimainen ja kansainv\u00e4linen verkostoyhteisty\u00f6. Kaustinen ICH Academy \u2011ohjelma koostuu tutkija- ja opiskelijavierailuista sek\u00e4 luento\u2011 ja seminaarikokonaisuudesta Kaustisen kansanmusiikkijuhlien yhteydess\u00e4. J\u00e4rjest\u00e4mme [&hellip;]<\/p>\n","protected":false},"author":1,"featured_media":0,"parent":0,"menu_order":0,"comment_status":"closed","ping_status":"closed","template":"","meta":{"_et_pb_use_builder":"on","_et_pb_old_content":"","_et_gb_content_width":"","footnotes":""},"class_list":["post-1516","page","type-page","status-publish","hentry"],"yoast_head":"<!-- This site is optimized with the Yoast SEO plugin v27.0 - https:\/\/yoast.com\/product\/yoast-seo-wordpress\/ -->\n<title>Tutkimus - Kansanmusiikki-instituutti<\/title>\n<meta name=\"robots\" content=\"index, follow, max-snippet:-1, max-image-preview:large, max-video-preview:-1\" \/>\n<link rel=\"canonical\" href=\"https:\/\/kansanmusiikki-instituutti.fi\/en\/tutkimus\/\" \/>\n<meta property=\"og:locale\" content=\"en_GB\" \/>\n<meta property=\"og:type\" content=\"article\" \/>\n<meta property=\"og:title\" content=\"Tutkimus - Kansanmusiikki-instituutti\" \/>\n<meta property=\"og:description\" content=\"Tutkimus Kansanmusiikki-instituutin tutkimustoiminnalla lis\u00e4t\u00e4\u00e4n yleist\u00e4 tietoisuutta Suomen historiallisesta ja nykyisest\u00e4 kansanmusiikista ja tuotetaan kansanmusiikin harjoittamista, musiikkikasvatusta ja aineettoman kulttuuriperinn\u00f6n yhteiskunnallista vaikuttavuutta tukevaa kriittist\u00e4 asiantuntijuutta ja tietoa. Tutkimustoiminnan strategisena painopisteen\u00e4 on yhteisty\u00f6 korkeakoulujen tutkimushankkeiden kanssa sek\u00e4 kotimainen ja kansainv\u00e4linen verkostoyhteisty\u00f6. Kaustinen ICH Academy \u2011ohjelma koostuu tutkija- ja opiskelijavierailuista sek\u00e4 luento\u2011 ja seminaarikokonaisuudesta Kaustisen kansanmusiikkijuhlien yhteydess\u00e4. J\u00e4rjest\u00e4mme [&hellip;]\" \/>\n<meta property=\"og:url\" content=\"https:\/\/kansanmusiikki-instituutti.fi\/en\/tutkimus\/\" \/>\n<meta property=\"og:site_name\" content=\"Kansanmusiikki-instituutti\" \/>\n<meta property=\"article:modified_time\" content=\"2026-03-06T09:56:38+00:00\" \/>\n<meta name=\"twitter:card\" content=\"summary_large_image\" \/>\n<meta name=\"twitter:label1\" content=\"Estimated reading time\" \/>\n\t<meta name=\"twitter:data1\" content=\"2 minutes\" \/>\n<script type=\"application\/ld+json\" class=\"yoast-schema-graph\">{\"@context\":\"https:\/\/schema.org\",\"@graph\":[{\"@type\":\"WebPage\",\"@id\":\"https:\/\/kansanmusiikki-instituutti.fi\/tutkimus\/\",\"url\":\"https:\/\/kansanmusiikki-instituutti.fi\/tutkimus\/\",\"name\":\"Tutkimus - Kansanmusiikki-instituutti\",\"isPartOf\":{\"@id\":\"https:\/\/kansanmusiikki-instituutti.fi\/#website\"},\"datePublished\":\"2021-01-11T09:24:46+00:00\",\"dateModified\":\"2026-03-06T09:56:38+00:00\",\"breadcrumb\":{\"@id\":\"https:\/\/kansanmusiikki-instituutti.fi\/tutkimus\/#breadcrumb\"},\"inLanguage\":\"en-GB\",\"potentialAction\":[{\"@type\":\"ReadAction\",\"target\":[\"https:\/\/kansanmusiikki-instituutti.fi\/tutkimus\/\"]}]},{\"@type\":\"BreadcrumbList\",\"@id\":\"https:\/\/kansanmusiikki-instituutti.fi\/tutkimus\/#breadcrumb\",\"itemListElement\":[{\"@type\":\"ListItem\",\"position\":1,\"name\":\"Home\",\"item\":\"https:\/\/kansanmusiikki-instituutti.fi\/\"},{\"@type\":\"ListItem\",\"position\":2,\"name\":\"Tutkimus\"}]},{\"@type\":\"WebSite\",\"@id\":\"https:\/\/kansanmusiikki-instituutti.fi\/#website\",\"url\":\"https:\/\/kansanmusiikki-instituutti.fi\/\",\"name\":\"Kansanmusiikki-instituutti\",\"description\":\"Finnish Folk Music Institute\",\"potentialAction\":[{\"@type\":\"SearchAction\",\"target\":{\"@type\":\"EntryPoint\",\"urlTemplate\":\"https:\/\/kansanmusiikki-instituutti.fi\/?s={search_term_string}\"},\"query-input\":{\"@type\":\"PropertyValueSpecification\",\"valueRequired\":true,\"valueName\":\"search_term_string\"}}],\"inLanguage\":\"en-GB\"}]}<\/script>\n<!-- \/ Yoast SEO plugin. -->","yoast_head_json":{"title":"Tutkimus - Kansanmusiikki-instituutti","robots":{"index":"index","follow":"follow","max-snippet":"max-snippet:-1","max-image-preview":"max-image-preview:large","max-video-preview":"max-video-preview:-1"},"canonical":"https:\/\/kansanmusiikki-instituutti.fi\/en\/tutkimus\/","og_locale":"en_GB","og_type":"article","og_title":"Tutkimus - Kansanmusiikki-instituutti","og_description":"Tutkimus Kansanmusiikki-instituutin tutkimustoiminnalla lis\u00e4t\u00e4\u00e4n yleist\u00e4 tietoisuutta Suomen historiallisesta ja nykyisest\u00e4 kansanmusiikista ja tuotetaan kansanmusiikin harjoittamista, musiikkikasvatusta ja aineettoman kulttuuriperinn\u00f6n yhteiskunnallista vaikuttavuutta tukevaa kriittist\u00e4 asiantuntijuutta ja tietoa. Tutkimustoiminnan strategisena painopisteen\u00e4 on yhteisty\u00f6 korkeakoulujen tutkimushankkeiden kanssa sek\u00e4 kotimainen ja kansainv\u00e4linen verkostoyhteisty\u00f6. Kaustinen ICH Academy \u2011ohjelma koostuu tutkija- ja opiskelijavierailuista sek\u00e4 luento\u2011 ja seminaarikokonaisuudesta Kaustisen kansanmusiikkijuhlien yhteydess\u00e4. J\u00e4rjest\u00e4mme [&hellip;]","og_url":"https:\/\/kansanmusiikki-instituutti.fi\/en\/tutkimus\/","og_site_name":"Kansanmusiikki-instituutti","article_modified_time":"2026-03-06T09:56:38+00:00","twitter_card":"summary_large_image","twitter_misc":{"Estimated reading time":"2 minutes"},"schema":{"@context":"https:\/\/schema.org","@graph":[{"@type":"WebPage","@id":"https:\/\/kansanmusiikki-instituutti.fi\/tutkimus\/","url":"https:\/\/kansanmusiikki-instituutti.fi\/tutkimus\/","name":"Tutkimus - Kansanmusiikki-instituutti","isPartOf":{"@id":"https:\/\/kansanmusiikki-instituutti.fi\/#website"},"datePublished":"2021-01-11T09:24:46+00:00","dateModified":"2026-03-06T09:56:38+00:00","breadcrumb":{"@id":"https:\/\/kansanmusiikki-instituutti.fi\/tutkimus\/#breadcrumb"},"inLanguage":"en-GB","potentialAction":[{"@type":"ReadAction","target":["https:\/\/kansanmusiikki-instituutti.fi\/tutkimus\/"]}]},{"@type":"BreadcrumbList","@id":"https:\/\/kansanmusiikki-instituutti.fi\/tutkimus\/#breadcrumb","itemListElement":[{"@type":"ListItem","position":1,"name":"Home","item":"https:\/\/kansanmusiikki-instituutti.fi\/"},{"@type":"ListItem","position":2,"name":"Tutkimus"}]},{"@type":"WebSite","@id":"https:\/\/kansanmusiikki-instituutti.fi\/#website","url":"https:\/\/kansanmusiikki-instituutti.fi\/","name":"The Finnish Folk Music Institute","description":"Finnish Folk Music Institute","potentialAction":[{"@type":"SearchAction","target":{"@type":"EntryPoint","urlTemplate":"https:\/\/kansanmusiikki-instituutti.fi\/?s={search_term_string}"},"query-input":{"@type":"PropertyValueSpecification","valueRequired":true,"valueName":"search_term_string"}}],"inLanguage":"en-GB"}]}},"_links":{"self":[{"href":"https:\/\/kansanmusiikki-instituutti.fi\/en\/wp-json\/wp\/v2\/pages\/1516","targetHints":{"allow":["GET"]}}],"collection":[{"href":"https:\/\/kansanmusiikki-instituutti.fi\/en\/wp-json\/wp\/v2\/pages"}],"about":[{"href":"https:\/\/kansanmusiikki-instituutti.fi\/en\/wp-json\/wp\/v2\/types\/page"}],"author":[{"embeddable":true,"href":"https:\/\/kansanmusiikki-instituutti.fi\/en\/wp-json\/wp\/v2\/users\/1"}],"replies":[{"embeddable":true,"href":"https:\/\/kansanmusiikki-instituutti.fi\/en\/wp-json\/wp\/v2\/comments?post=1516"}],"version-history":[{"count":12,"href":"https:\/\/kansanmusiikki-instituutti.fi\/en\/wp-json\/wp\/v2\/pages\/1516\/revisions"}],"predecessor-version":[{"id":3364,"href":"https:\/\/kansanmusiikki-instituutti.fi\/en\/wp-json\/wp\/v2\/pages\/1516\/revisions\/3364"}],"wp:attachment":[{"href":"https:\/\/kansanmusiikki-instituutti.fi\/en\/wp-json\/wp\/v2\/media?parent=1516"}],"curies":[{"name":"wp","href":"https:\/\/api.w.org\/{rel}","templated":true}]}}