{"id":1526,"date":"2021-01-11T10:07:54","date_gmt":"2021-01-11T10:07:54","guid":{"rendered":"https:\/\/kansanmusiikki-instituutti.fi\/?page_id=1526"},"modified":"2026-03-06T11:39:15","modified_gmt":"2026-03-06T11:39:15","slug":"julkaisut","status":"publish","type":"page","link":"https:\/\/kansanmusiikki-instituutti.fi\/en\/julkaisut\/","title":{"rendered":"Publications"},"content":{"rendered":"<p>[et_pb_section fb_built=&#8221;1&#8243; _builder_version=&#8221;4.16&#8243; _module_preset=&#8221;default&#8221; background_enable_image=&#8221;off&#8221; parallax=&#8221;on&#8221; global_colors_info=&#8221;{}&#8221;][et_pb_row column_structure=&#8221;2_3,1_3&#8243; _builder_version=&#8221;4.24.0&#8243; _module_preset=&#8221;default&#8221; animation_direction=&#8221;right&#8221; global_colors_info=&#8221;{}&#8221;][et_pb_column type=&#8221;2_3&#8243; _builder_version=&#8221;4.16&#8243; _module_preset=&#8221;default&#8221; background_color=&#8221;rgba(255,255,255,0.89)&#8221; global_colors_info=&#8221;{}&#8221;][et_pb_image src=&#8221;https:\/\/kansanmusiikki-instituutti.fi\/wp-content\/uploads\/2021\/02\/julkaisut-20210207-102_raj.jpg&#8221; alt=&#8221;Vasemmalta Elias Kentala (viulu) , Aarne J\u00e4rvel\u00e4 (soittaa puusta veistetty\u00e4 pient\u00e4 viulua), Johannes J\u00e4rvel\u00e4 (viulu) ja Veikko Sylvester J\u00e4rvel\u00e4 (harmonikka).&#8221; title_text=&#8221;julkaisut 20210207-102_raj&#8221; _builder_version=&#8221;4.16&#8243; _module_preset=&#8221;default&#8221; global_colors_info=&#8221;{}&#8221;][\/et_pb_image][et_pb_text _builder_version=&#8221;4.16&#8243; _module_preset=&#8221;default&#8221; global_colors_info=&#8221;{}&#8221;]<\/p>\n<h1>Julkaisut<\/h1>\n<p>Kansanmusiikki-instituutti on Suomen suurin kansanmusiikkiaiheisten kirjojen ja levyjen julkaisija. Olemme julkaisseet l\u00e4hes 150 \u00e4\u00e4nitett\u00e4 ja 120 kirja- ja nuottijulkaisua. Lis\u00e4ksi toimitamme yhteisty\u00f6ss\u00e4 Suomen Kansanmusiikkiliiton kanssa <a href=\"https:\/\/kansanmusiikki-lehti.fi\/\">Kansanmusiikki<\/a>-lehte\u00e4.<em><\/em><\/p>\n<p><em><\/em><\/p>\n<p>\u00a0Julkaisujemme joukossa on mm. kansanmusiikkisoittimien soitto-oppaita, mestaripelimannien ja muiden tunnettujen kansansoittajien nuottikirjoja, n\u00e4pp\u00e4rinuotteja sek\u00e4 kansanmusiikkia k\u00e4sittelevi\u00e4 tutkimuksia. \u00c4\u00e4nitteill\u00e4 soivat muun muassa arkistotallenteet, mestaripelimannien tuotanto,\u00a0 arkistotutkimukseen pohjautuvat uudet tallenteet sek\u00e4 tietysti Tallari-yhtyeen tuotanto.<\/p>\n<p>Julkaisuja voi ostaa Kansantaiteenkeskuksen myym\u00e4l\u00e4st\u00e4 tai <a href=\"https:\/\/kauppa.kansanmusiikki-instituutti.fi\/\" target=\"_blank\" rel=\"noopener noreferrer\" title=\"Kansanmusiikki-instituutin verkkokauppa\">verkkokaupastamme<\/a>. Voit tiedustella my\u00f6s Kansanmusiikki-instituutin julkaisemien lehtien vanhoja vuosikertoja tai yksitt\u00e4isi\u00e4 numeroita.<\/p>\n<p>Yhteis\u00f6l\u00e4ht\u00f6isyys on keskeist\u00e4 my\u00f6s julkaisutoiminnassamme. Ota yhteytt\u00e4, jos suunnittelet suomalaiseen kansanmusiikkiin tai kansantanssiin liittyv\u00e4\u00e4 julkaisua, katsotaan, sopiiko projektisi ohjelmaamme!<\/p>\n<p>[\/et_pb_text][et_pb_text _builder_version=&#8221;4.27.3&#8243; _module_preset=&#8221;default&#8221; custom_margin=&#8221;35px|||||&#8221; global_colors_info=&#8221;{}&#8221;]<\/p>\n<h3>Vertaisarviointik\u00e4yt\u00e4nt\u00f6<\/h3>\n<p>Kansanmusiikki-instituutin julkaisuissa julkaistavista vertaisarvioitavista artikkeleista pyydet\u00e4\u00e4n lausunto v\u00e4hint\u00e4\u00e4n kahdelta julkaisun toimituksen ulkopuoliselta asiantuntijalta. Arviointi toteutetaan anonyymisti. Kopiot asiantuntijalausunnoista toimitetaan anonymisoituina kirjoittajille. Arviointiprosessi dokumentoidaan ja tallennetaan. Dokumentoitavia ja tallennettavia asioita ovat k\u00e4sikirjoituksen vastaanottop\u00e4iv\u00e4m\u00e4\u00e4r\u00e4 ja sit\u00e4 koskevan p\u00e4\u00e4t\u00f6ksen l\u00e4hetysp\u00e4iv\u00e4m\u00e4\u00e4r\u00e4, tekij\u00f6iden julkaisuehdotus, tekij\u00f6iden nimet ja k\u00e4sikirjoituksen otsikko, arvioijien nimet ja lausunnot sek\u00e4 toimituksen tekij\u00f6ille l\u00e4hett\u00e4m\u00e4t julkaisemista koskevat p\u00e4\u00e4t\u00f6kset. Tallennetut tiedot eiv\u00e4t ole julkisia. Suostuessaan arvioimaan artikkelin tai kirjan arvioijan katsotaan hyv\u00e4ksyv\u00e4n edell\u00e4 esitetyn vertaisarviointik\u00e4yt\u00e4nn\u00f6n ja vertaisarvioinnin dokumentoinnin.<\/p>\n<p>K\u00e4yt\u00e4mme Tieteellisten seurain valtuuskunnan vertaisarviointitunnusta ja olemme sitoutuneet noudattamaan sen k\u00e4yt\u00f6lle asetettuja ehtoja.<\/p>\n<p><a href=\"https:\/\/kansanmusiikki-instituutti.fi\/wp-content\/uploads\/2021\/09\/Kansanmusiikki-instituutin-julkaisujen-vertaisarvioinnin-tietosuojaseloste.pdf\" target=\"_blank\" rel=\"noopener noreferrer\">Kansanmusiikki-instituutin julkaisujen vertaisarvioinnin tietosuojaseloste<\/a><\/p>\n<p>[\/et_pb_text][\/et_pb_column][et_pb_column type=&#8221;1_3&#8243; _builder_version=&#8221;4.24.0&#8243; _module_preset=&#8221;default&#8221; sticky_limit_bottom=&#8221;row&#8221; sticky_position_tablet=&#8221;none&#8221; sticky_position_phone=&#8221;&#8221; sticky_position_last_edited=&#8221;on|desktop&#8221; global_colors_info=&#8221;{}&#8221;][et_pb_sidebar area=&#8221;sidebar-1&#8243; _builder_version=&#8221;4.16&#8243; _module_preset=&#8221;default&#8221; custom_padding=&#8221;24px|24px|24px|24px|true|true&#8221; sticky_limit_bottom=&#8221;row&#8221; border_width_all=&#8221;1px&#8221; border_color_all=&#8221;rgba(51,51,51,0.39)&#8221; locked=&#8221;off&#8221; global_colors_info=&#8221;{}&#8221;][\/et_pb_sidebar][\/et_pb_column][\/et_pb_row][\/et_pb_section]<\/p>\n","protected":false},"excerpt":{"rendered":"<p>Julkaisut Kansanmusiikki-instituutti on Suomen suurin kansanmusiikkiaiheisten kirjojen ja levyjen julkaisija. Olemme julkaisseet l\u00e4hes 150 \u00e4\u00e4nitett\u00e4 ja 120 kirja- ja nuottijulkaisua. Lis\u00e4ksi toimitamme yhteisty\u00f6ss\u00e4 Suomen Kansanmusiikkiliiton kanssa Kansanmusiikki-lehte\u00e4. \u00a0Julkaisujemme joukossa on mm. kansanmusiikkisoittimien soitto-oppaita, mestaripelimannien ja muiden tunnettujen kansansoittajien nuottikirjoja, n\u00e4pp\u00e4rinuotteja sek\u00e4 kansanmusiikkia k\u00e4sittelevi\u00e4 tutkimuksia. \u00c4\u00e4nitteill\u00e4 soivat muun muassa arkistotallenteet, mestaripelimannien tuotanto,\u00a0 arkistotutkimukseen pohjautuvat uudet tallenteet [&hellip;]<\/p>\n","protected":false},"author":1,"featured_media":0,"parent":0,"menu_order":0,"comment_status":"closed","ping_status":"closed","template":"","meta":{"_et_pb_use_builder":"on","_et_pb_old_content":"","_et_gb_content_width":"","footnotes":""},"class_list":["post-1526","page","type-page","status-publish","hentry"],"yoast_head":"<!-- This site is optimized with the Yoast SEO plugin v27.0 - https:\/\/yoast.com\/product\/yoast-seo-wordpress\/ -->\n<title>Julkaisut - Kansanmusiikki-instituutti<\/title>\n<meta name=\"robots\" content=\"index, follow, max-snippet:-1, max-image-preview:large, max-video-preview:-1\" \/>\n<link rel=\"canonical\" href=\"https:\/\/kansanmusiikki-instituutti.fi\/en\/julkaisut\/\" \/>\n<meta property=\"og:locale\" content=\"en_GB\" \/>\n<meta property=\"og:type\" content=\"article\" \/>\n<meta property=\"og:title\" content=\"Julkaisut - Kansanmusiikki-instituutti\" \/>\n<meta property=\"og:description\" content=\"Julkaisut Kansanmusiikki-instituutti on Suomen suurin kansanmusiikkiaiheisten kirjojen ja levyjen julkaisija. Olemme julkaisseet l\u00e4hes 150 \u00e4\u00e4nitett\u00e4 ja 120 kirja- ja nuottijulkaisua. Lis\u00e4ksi toimitamme yhteisty\u00f6ss\u00e4 Suomen Kansanmusiikkiliiton kanssa Kansanmusiikki-lehte\u00e4. \u00a0Julkaisujemme joukossa on mm. kansanmusiikkisoittimien soitto-oppaita, mestaripelimannien ja muiden tunnettujen kansansoittajien nuottikirjoja, n\u00e4pp\u00e4rinuotteja sek\u00e4 kansanmusiikkia k\u00e4sittelevi\u00e4 tutkimuksia. \u00c4\u00e4nitteill\u00e4 soivat muun muassa arkistotallenteet, mestaripelimannien tuotanto,\u00a0 arkistotutkimukseen pohjautuvat uudet tallenteet [&hellip;]\" \/>\n<meta property=\"og:url\" content=\"https:\/\/kansanmusiikki-instituutti.fi\/en\/julkaisut\/\" \/>\n<meta property=\"og:site_name\" content=\"Kansanmusiikki-instituutti\" \/>\n<meta property=\"article:modified_time\" content=\"2026-03-06T11:39:15+00:00\" \/>\n<meta name=\"twitter:card\" content=\"summary_large_image\" \/>\n<meta name=\"twitter:label1\" content=\"Estimated reading time\" \/>\n\t<meta name=\"twitter:data1\" content=\"2 minutes\" \/>\n<script type=\"application\/ld+json\" class=\"yoast-schema-graph\">{\"@context\":\"https:\/\/schema.org\",\"@graph\":[{\"@type\":\"WebPage\",\"@id\":\"https:\/\/kansanmusiikki-instituutti.fi\/julkaisut\/\",\"url\":\"https:\/\/kansanmusiikki-instituutti.fi\/julkaisut\/\",\"name\":\"Julkaisut - Kansanmusiikki-instituutti\",\"isPartOf\":{\"@id\":\"https:\/\/kansanmusiikki-instituutti.fi\/#website\"},\"datePublished\":\"2021-01-11T10:07:54+00:00\",\"dateModified\":\"2026-03-06T11:39:15+00:00\",\"breadcrumb\":{\"@id\":\"https:\/\/kansanmusiikki-instituutti.fi\/julkaisut\/#breadcrumb\"},\"inLanguage\":\"en-GB\",\"potentialAction\":[{\"@type\":\"ReadAction\",\"target\":[\"https:\/\/kansanmusiikki-instituutti.fi\/julkaisut\/\"]}]},{\"@type\":\"BreadcrumbList\",\"@id\":\"https:\/\/kansanmusiikki-instituutti.fi\/julkaisut\/#breadcrumb\",\"itemListElement\":[{\"@type\":\"ListItem\",\"position\":1,\"name\":\"Home\",\"item\":\"https:\/\/kansanmusiikki-instituutti.fi\/\"},{\"@type\":\"ListItem\",\"position\":2,\"name\":\"Julkaisut\"}]},{\"@type\":\"WebSite\",\"@id\":\"https:\/\/kansanmusiikki-instituutti.fi\/#website\",\"url\":\"https:\/\/kansanmusiikki-instituutti.fi\/\",\"name\":\"Kansanmusiikki-instituutti\",\"description\":\"Finnish Folk Music Institute\",\"potentialAction\":[{\"@type\":\"SearchAction\",\"target\":{\"@type\":\"EntryPoint\",\"urlTemplate\":\"https:\/\/kansanmusiikki-instituutti.fi\/?s={search_term_string}\"},\"query-input\":{\"@type\":\"PropertyValueSpecification\",\"valueRequired\":true,\"valueName\":\"search_term_string\"}}],\"inLanguage\":\"en-GB\"}]}<\/script>\n<!-- \/ Yoast SEO plugin. -->","yoast_head_json":{"title":"Julkaisut - Kansanmusiikki-instituutti","robots":{"index":"index","follow":"follow","max-snippet":"max-snippet:-1","max-image-preview":"max-image-preview:large","max-video-preview":"max-video-preview:-1"},"canonical":"https:\/\/kansanmusiikki-instituutti.fi\/en\/julkaisut\/","og_locale":"en_GB","og_type":"article","og_title":"Julkaisut - Kansanmusiikki-instituutti","og_description":"Julkaisut Kansanmusiikki-instituutti on Suomen suurin kansanmusiikkiaiheisten kirjojen ja levyjen julkaisija. Olemme julkaisseet l\u00e4hes 150 \u00e4\u00e4nitett\u00e4 ja 120 kirja- ja nuottijulkaisua. Lis\u00e4ksi toimitamme yhteisty\u00f6ss\u00e4 Suomen Kansanmusiikkiliiton kanssa Kansanmusiikki-lehte\u00e4. \u00a0Julkaisujemme joukossa on mm. kansanmusiikkisoittimien soitto-oppaita, mestaripelimannien ja muiden tunnettujen kansansoittajien nuottikirjoja, n\u00e4pp\u00e4rinuotteja sek\u00e4 kansanmusiikkia k\u00e4sittelevi\u00e4 tutkimuksia. \u00c4\u00e4nitteill\u00e4 soivat muun muassa arkistotallenteet, mestaripelimannien tuotanto,\u00a0 arkistotutkimukseen pohjautuvat uudet tallenteet [&hellip;]","og_url":"https:\/\/kansanmusiikki-instituutti.fi\/en\/julkaisut\/","og_site_name":"Kansanmusiikki-instituutti","article_modified_time":"2026-03-06T11:39:15+00:00","twitter_card":"summary_large_image","twitter_misc":{"Estimated reading time":"2 minutes"},"schema":{"@context":"https:\/\/schema.org","@graph":[{"@type":"WebPage","@id":"https:\/\/kansanmusiikki-instituutti.fi\/julkaisut\/","url":"https:\/\/kansanmusiikki-instituutti.fi\/julkaisut\/","name":"Julkaisut - Kansanmusiikki-instituutti","isPartOf":{"@id":"https:\/\/kansanmusiikki-instituutti.fi\/#website"},"datePublished":"2021-01-11T10:07:54+00:00","dateModified":"2026-03-06T11:39:15+00:00","breadcrumb":{"@id":"https:\/\/kansanmusiikki-instituutti.fi\/julkaisut\/#breadcrumb"},"inLanguage":"en-GB","potentialAction":[{"@type":"ReadAction","target":["https:\/\/kansanmusiikki-instituutti.fi\/julkaisut\/"]}]},{"@type":"BreadcrumbList","@id":"https:\/\/kansanmusiikki-instituutti.fi\/julkaisut\/#breadcrumb","itemListElement":[{"@type":"ListItem","position":1,"name":"Home","item":"https:\/\/kansanmusiikki-instituutti.fi\/"},{"@type":"ListItem","position":2,"name":"Julkaisut"}]},{"@type":"WebSite","@id":"https:\/\/kansanmusiikki-instituutti.fi\/#website","url":"https:\/\/kansanmusiikki-instituutti.fi\/","name":"The Finnish Folk Music Institute","description":"Finnish Folk Music Institute","potentialAction":[{"@type":"SearchAction","target":{"@type":"EntryPoint","urlTemplate":"https:\/\/kansanmusiikki-instituutti.fi\/?s={search_term_string}"},"query-input":{"@type":"PropertyValueSpecification","valueRequired":true,"valueName":"search_term_string"}}],"inLanguage":"en-GB"}]}},"_links":{"self":[{"href":"https:\/\/kansanmusiikki-instituutti.fi\/en\/wp-json\/wp\/v2\/pages\/1526","targetHints":{"allow":["GET"]}}],"collection":[{"href":"https:\/\/kansanmusiikki-instituutti.fi\/en\/wp-json\/wp\/v2\/pages"}],"about":[{"href":"https:\/\/kansanmusiikki-instituutti.fi\/en\/wp-json\/wp\/v2\/types\/page"}],"author":[{"embeddable":true,"href":"https:\/\/kansanmusiikki-instituutti.fi\/en\/wp-json\/wp\/v2\/users\/1"}],"replies":[{"embeddable":true,"href":"https:\/\/kansanmusiikki-instituutti.fi\/en\/wp-json\/wp\/v2\/comments?post=1526"}],"version-history":[{"count":16,"href":"https:\/\/kansanmusiikki-instituutti.fi\/en\/wp-json\/wp\/v2\/pages\/1526\/revisions"}],"predecessor-version":[{"id":3375,"href":"https:\/\/kansanmusiikki-instituutti.fi\/en\/wp-json\/wp\/v2\/pages\/1526\/revisions\/3375"}],"wp:attachment":[{"href":"https:\/\/kansanmusiikki-instituutti.fi\/en\/wp-json\/wp\/v2\/media?parent=1526"}],"curies":[{"name":"wp","href":"https:\/\/api.w.org\/{rel}","templated":true}]}}