{"id":1541,"date":"2021-01-11T12:47:21","date_gmt":"2021-01-11T12:47:21","guid":{"rendered":"https:\/\/kansanmusiikki-instituutti.fi\/?page_id=1541"},"modified":"2026-03-06T09:59:47","modified_gmt":"2026-03-06T09:59:47","slug":"koulutus","status":"publish","type":"page","link":"https:\/\/kansanmusiikki-instituutti.fi\/en\/koulutus\/","title":{"rendered":"Education"},"content":{"rendered":"<p>[et_pb_section fb_built=&#8221;1&#8243; _builder_version=&#8221;4.16&#8243; _module_preset=&#8221;default&#8221; background_enable_image=&#8221;off&#8221; parallax=&#8221;on&#8221; custom_padding=&#8221;||7px|||&#8221; global_colors_info=&#8221;{}&#8221;][et_pb_row column_structure=&#8221;2_3,1_3&#8243; _builder_version=&#8221;4.16&#8243; _module_preset=&#8221;default&#8221; animation_direction=&#8221;right&#8221; global_colors_info=&#8221;{}&#8221;][et_pb_column type=&#8221;2_3&#8243; _builder_version=&#8221;4.16&#8243; _module_preset=&#8221;default&#8221; background_color=&#8221;rgba(255,255,255,0.89)&#8221; global_colors_info=&#8221;{}&#8221;][et_pb_image src=&#8221;https:\/\/kansanmusiikki-instituutti.fi\/wp-content\/uploads\/2021\/02\/koulutus1_20180206-010.jpg&#8221; alt=&#8221;Kansanmusiikin ja -tanssin opiskelijat esiintym\u00e4ss\u00e4 Kaustisella.&#8221; title_text=&#8221;Koulutus&#8221; _builder_version=&#8221;4.16&#8243; _module_preset=&#8221;default&#8221; global_colors_info=&#8221;{}&#8221;][\/et_pb_image][et_pb_text _builder_version=&#8221;4.16&#8243; _module_preset=&#8221;default&#8221; custom_padding=&#8221;||0px|||&#8221; global_colors_info=&#8221;{}&#8221;]<\/p>\n<h1>Koulutus<\/h1>\n<p>Osallistumme kansanmusiikin opetuksen ja koulutuksen kehitt\u00e4miseen kaikilla tasoilla musiikin varhaiskasvatuksesta peruskouluun ja lukioon, opistoihin ja korkeakouluihin sek\u00e4 aikuiskasvatukseen ja harrastustoimintaan. Organisoimme ja j\u00e4rjest\u00e4mme koulutustapahtumia sek\u00e4 yhteisty\u00f6ss\u00e4 eri oppilaitosten kanssa ett\u00e4 itsen\u00e4isesti, valmistamme ja julkaisemme opetusmateriaalia ja osallistumme yhteisty\u00f6projekteihin. J\u00e4rjest\u00e4mme kansanmusiikin ja tanssin oppilaitosten opiskelijoille opintoperiodijaksoja.<\/p>\n<p>Osallistumme kansanmusiikkipohjaisen lasten ja nuorten <span><a href=\"http:\/\/www.napparit.fi\/\">n\u00e4pp\u00e4rikurssitoiminnan<\/a><\/span> toteuttamiseen ja kehitt\u00e4miseen yhteisty\u00f6ss\u00e4 Kaustisen N\u00e4pp\u00e4rit ry:n ja muiden toimijoiden kanssa, vastaamme N\u00e4pp\u00e4ri-lyhytkurssien koordinoinnista ja kehit\u00e4mme lasten ja nuorten perinnepainotteista kulttuuritoimintaa mm. yhteisty\u00f6ss\u00e4 Lastenkulttuurikeskus Lykyn kanssa.<\/p>\n<p>&nbsp;<\/p>\n<p>[\/et_pb_text][et_pb_image src=&#8221;https:\/\/kansanmusiikki-instituutti.fi\/wp-content\/uploads\/2021\/02\/koulutus4_20180207-040.jpg&#8221; alt=&#8221;Kansanmusiikin ja -tanssin opiskelijoita yhteiskuvassa Kansantaiteenkeskuksen pihalla.&#8221; title_text=&#8221;Opintoperiodilaiset yhteiskuvassa&#8221; _builder_version=&#8221;4.16&#8243; _module_preset=&#8221;default&#8221; global_colors_info=&#8221;{}&#8221;][\/et_pb_image][\/et_pb_column][et_pb_column type=&#8221;1_3&#8243; _builder_version=&#8221;4.16&#8243; _module_preset=&#8221;default&#8221; global_colors_info=&#8221;{}&#8221;][et_pb_sidebar _builder_version=&#8221;4.27.3&#8243; _module_preset=&#8221;default&#8221; header_font=&#8221;||||||||&#8221; custom_padding=&#8221;24px|24px|0px|24px|false|true&#8221; sticky_limit_bottom=&#8221;row&#8221; sticky_position_tablet=&#8221;none&#8221; sticky_position_phone=&#8221;&#8221; sticky_position_last_edited=&#8221;on|phone&#8221; border_width_all=&#8221;1px&#8221; border_color_all=&#8221;rgba(51,51,51,0.43)&#8221; global_module=&#8221;1538&#8243; saved_tabs=&#8221;all&#8221; global_colors_info=&#8221;{}&#8221;][\/et_pb_sidebar][\/et_pb_column][\/et_pb_row][et_pb_row _builder_version=&#8221;4.16&#8243; _module_preset=&#8221;default&#8221; custom_padding=&#8221;||4px|||&#8221; global_colors_info=&#8221;{}&#8221;][et_pb_column type=&#8221;4_4&#8243; _builder_version=&#8221;4.16&#8243; _module_preset=&#8221;default&#8221; global_colors_info=&#8221;{}&#8221;][et_pb_divider _builder_version=&#8221;4.16&#8243; _module_preset=&#8221;default&#8221; global_colors_info=&#8221;{}&#8221;][\/et_pb_divider][\/et_pb_column][\/et_pb_row][\/et_pb_section][et_pb_section fb_built=&#8221;1&#8243; _builder_version=&#8221;4.6.6&#8243; _module_preset=&#8221;default&#8221; custom_padding=&#8221;29px|||||&#8221; global_module=&#8221;1551&#8243; saved_tabs=&#8221;all&#8221; global_colors_info=&#8221;{}&#8221;][et_pb_row use_custom_gutter=&#8221;on&#8221; gutter_width=&#8221;2&#8243; _builder_version=&#8221;4.24.2&#8243; _module_preset=&#8221;default&#8221; width=&#8221;70%&#8221; width_tablet=&#8221;90%&#8221; width_phone=&#8221;&#8221; width_last_edited=&#8221;on|tablet&#8221; custom_padding=&#8221;27px|||||&#8221; global_colors_info=&#8221;{}&#8221;][et_pb_column type=&#8221;4_4&#8243; _builder_version=&#8221;4.16&#8243; _module_preset=&#8221;default&#8221; global_colors_info=&#8221;{}&#8221;][et_pb_text _builder_version=&#8221;4.24.2&#8243; _module_preset=&#8221;default&#8221; header_2_font_size=&#8221;2vw&#8221; custom_margin=&#8221;||40px|||&#8221; header_2_font_size_tablet=&#8221;4vw&#8221; header_2_font_size_phone=&#8221;7vw&#8221; header_2_font_size_last_edited=&#8221;on|phone&#8221; border_width_bottom=&#8221;1px&#8221; global_colors_info=&#8221;{}&#8221;]<\/p>\n<h2>Ajankohtaista<\/h2>\n<p>[\/et_pb_text][et_pb_blog fullwidth=&#8221;off&#8221; posts_number=&#8221;3&#8243; meta_date=&#8221;j.m.Y&#8221; use_manual_excerpt=&#8221;off&#8221; excerpt_length=&#8221;200&#8243; show_author=&#8221;off&#8221; show_categories=&#8221;off&#8221; show_excerpt=&#8221;off&#8221; _builder_version=&#8221;4.24.0&#8243; _module_preset=&#8221;default&#8221; body_line_height=&#8221;1.6em&#8221; pagination_font=&#8221;|800||on|||||&#8221; pagination_text_color=&#8221;#000000&#8243; pagination_font_size=&#8221;14px&#8221; background_color=&#8221;rgba(0,0,0,0)&#8221; text_orientation=&#8221;center&#8221; border_color_all=&#8221;#000000&#8243; border_width_top=&#8221;10px&#8221; border_color_top=&#8221;gcid-9253885b-3508-44a2-9922-3a4034f3e389&#8243; global_colors_info=&#8221;{%22gcid-9253885b-3508-44a2-9922-3a4034f3e389%22:%91%22border_color_top%22%93}&#8221;][\/et_pb_blog][\/et_pb_column][\/et_pb_row][\/et_pb_section]<\/p>\n","protected":false},"excerpt":{"rendered":"<p>Koulutus Osallistumme kansanmusiikin opetuksen ja koulutuksen kehitt\u00e4miseen kaikilla tasoilla musiikin varhaiskasvatuksesta peruskouluun ja lukioon, opistoihin ja korkeakouluihin sek\u00e4 aikuiskasvatukseen ja harrastustoimintaan. Organisoimme ja j\u00e4rjest\u00e4mme koulutustapahtumia sek\u00e4 yhteisty\u00f6ss\u00e4 eri oppilaitosten kanssa ett\u00e4 itsen\u00e4isesti, valmistamme ja julkaisemme opetusmateriaalia ja osallistumme yhteisty\u00f6projekteihin. J\u00e4rjest\u00e4mme kansanmusiikin ja tanssin oppilaitosten opiskelijoille opintoperiodijaksoja. Osallistumme kansanmusiikkipohjaisen lasten ja nuorten n\u00e4pp\u00e4rikurssitoiminnan toteuttamiseen ja kehitt\u00e4miseen [&hellip;]<\/p>\n","protected":false},"author":1,"featured_media":0,"parent":0,"menu_order":0,"comment_status":"closed","ping_status":"closed","template":"","meta":{"_et_pb_use_builder":"on","_et_pb_old_content":"","_et_gb_content_width":"","footnotes":""},"class_list":["post-1541","page","type-page","status-publish","hentry"],"yoast_head":"<!-- This site is optimized with the Yoast SEO plugin v27.0 - https:\/\/yoast.com\/product\/yoast-seo-wordpress\/ -->\n<title>Koulutus - Kansanmusiikki-instituutti<\/title>\n<meta name=\"robots\" content=\"index, follow, max-snippet:-1, max-image-preview:large, max-video-preview:-1\" \/>\n<link rel=\"canonical\" href=\"https:\/\/kansanmusiikki-instituutti.fi\/en\/koulutus\/\" \/>\n<meta property=\"og:locale\" content=\"en_GB\" \/>\n<meta property=\"og:type\" content=\"article\" \/>\n<meta property=\"og:title\" content=\"Koulutus - Kansanmusiikki-instituutti\" \/>\n<meta property=\"og:description\" content=\"Koulutus Osallistumme kansanmusiikin opetuksen ja koulutuksen kehitt\u00e4miseen kaikilla tasoilla musiikin varhaiskasvatuksesta peruskouluun ja lukioon, opistoihin ja korkeakouluihin sek\u00e4 aikuiskasvatukseen ja harrastustoimintaan. Organisoimme ja j\u00e4rjest\u00e4mme koulutustapahtumia sek\u00e4 yhteisty\u00f6ss\u00e4 eri oppilaitosten kanssa ett\u00e4 itsen\u00e4isesti, valmistamme ja julkaisemme opetusmateriaalia ja osallistumme yhteisty\u00f6projekteihin. J\u00e4rjest\u00e4mme kansanmusiikin ja tanssin oppilaitosten opiskelijoille opintoperiodijaksoja. Osallistumme kansanmusiikkipohjaisen lasten ja nuorten n\u00e4pp\u00e4rikurssitoiminnan toteuttamiseen ja kehitt\u00e4miseen [&hellip;]\" \/>\n<meta property=\"og:url\" content=\"https:\/\/kansanmusiikki-instituutti.fi\/en\/koulutus\/\" \/>\n<meta property=\"og:site_name\" content=\"Kansanmusiikki-instituutti\" \/>\n<meta property=\"article:modified_time\" content=\"2026-03-06T09:59:47+00:00\" \/>\n<meta name=\"twitter:card\" content=\"summary_large_image\" \/>\n<meta name=\"twitter:label1\" content=\"Estimated reading time\" \/>\n\t<meta name=\"twitter:data1\" content=\"3 minutes\" \/>\n<script type=\"application\/ld+json\" class=\"yoast-schema-graph\">{\"@context\":\"https:\/\/schema.org\",\"@graph\":[{\"@type\":\"WebPage\",\"@id\":\"https:\/\/kansanmusiikki-instituutti.fi\/koulutus\/\",\"url\":\"https:\/\/kansanmusiikki-instituutti.fi\/koulutus\/\",\"name\":\"Koulutus - Kansanmusiikki-instituutti\",\"isPartOf\":{\"@id\":\"https:\/\/kansanmusiikki-instituutti.fi\/#website\"},\"datePublished\":\"2021-01-11T12:47:21+00:00\",\"dateModified\":\"2026-03-06T09:59:47+00:00\",\"breadcrumb\":{\"@id\":\"https:\/\/kansanmusiikki-instituutti.fi\/koulutus\/#breadcrumb\"},\"inLanguage\":\"en-GB\",\"potentialAction\":[{\"@type\":\"ReadAction\",\"target\":[\"https:\/\/kansanmusiikki-instituutti.fi\/koulutus\/\"]}]},{\"@type\":\"BreadcrumbList\",\"@id\":\"https:\/\/kansanmusiikki-instituutti.fi\/koulutus\/#breadcrumb\",\"itemListElement\":[{\"@type\":\"ListItem\",\"position\":1,\"name\":\"Home\",\"item\":\"https:\/\/kansanmusiikki-instituutti.fi\/\"},{\"@type\":\"ListItem\",\"position\":2,\"name\":\"Koulutus\"}]},{\"@type\":\"WebSite\",\"@id\":\"https:\/\/kansanmusiikki-instituutti.fi\/#website\",\"url\":\"https:\/\/kansanmusiikki-instituutti.fi\/\",\"name\":\"Kansanmusiikki-instituutti\",\"description\":\"Finnish Folk Music Institute\",\"potentialAction\":[{\"@type\":\"SearchAction\",\"target\":{\"@type\":\"EntryPoint\",\"urlTemplate\":\"https:\/\/kansanmusiikki-instituutti.fi\/?s={search_term_string}\"},\"query-input\":{\"@type\":\"PropertyValueSpecification\",\"valueRequired\":true,\"valueName\":\"search_term_string\"}}],\"inLanguage\":\"en-GB\"}]}<\/script>\n<!-- \/ Yoast SEO plugin. -->","yoast_head_json":{"title":"Koulutus - Kansanmusiikki-instituutti","robots":{"index":"index","follow":"follow","max-snippet":"max-snippet:-1","max-image-preview":"max-image-preview:large","max-video-preview":"max-video-preview:-1"},"canonical":"https:\/\/kansanmusiikki-instituutti.fi\/en\/koulutus\/","og_locale":"en_GB","og_type":"article","og_title":"Koulutus - Kansanmusiikki-instituutti","og_description":"Koulutus Osallistumme kansanmusiikin opetuksen ja koulutuksen kehitt\u00e4miseen kaikilla tasoilla musiikin varhaiskasvatuksesta peruskouluun ja lukioon, opistoihin ja korkeakouluihin sek\u00e4 aikuiskasvatukseen ja harrastustoimintaan. Organisoimme ja j\u00e4rjest\u00e4mme koulutustapahtumia sek\u00e4 yhteisty\u00f6ss\u00e4 eri oppilaitosten kanssa ett\u00e4 itsen\u00e4isesti, valmistamme ja julkaisemme opetusmateriaalia ja osallistumme yhteisty\u00f6projekteihin. J\u00e4rjest\u00e4mme kansanmusiikin ja tanssin oppilaitosten opiskelijoille opintoperiodijaksoja. Osallistumme kansanmusiikkipohjaisen lasten ja nuorten n\u00e4pp\u00e4rikurssitoiminnan toteuttamiseen ja kehitt\u00e4miseen [&hellip;]","og_url":"https:\/\/kansanmusiikki-instituutti.fi\/en\/koulutus\/","og_site_name":"Kansanmusiikki-instituutti","article_modified_time":"2026-03-06T09:59:47+00:00","twitter_card":"summary_large_image","twitter_misc":{"Estimated reading time":"3 minutes"},"schema":{"@context":"https:\/\/schema.org","@graph":[{"@type":"WebPage","@id":"https:\/\/kansanmusiikki-instituutti.fi\/koulutus\/","url":"https:\/\/kansanmusiikki-instituutti.fi\/koulutus\/","name":"Koulutus - Kansanmusiikki-instituutti","isPartOf":{"@id":"https:\/\/kansanmusiikki-instituutti.fi\/#website"},"datePublished":"2021-01-11T12:47:21+00:00","dateModified":"2026-03-06T09:59:47+00:00","breadcrumb":{"@id":"https:\/\/kansanmusiikki-instituutti.fi\/koulutus\/#breadcrumb"},"inLanguage":"en-GB","potentialAction":[{"@type":"ReadAction","target":["https:\/\/kansanmusiikki-instituutti.fi\/koulutus\/"]}]},{"@type":"BreadcrumbList","@id":"https:\/\/kansanmusiikki-instituutti.fi\/koulutus\/#breadcrumb","itemListElement":[{"@type":"ListItem","position":1,"name":"Home","item":"https:\/\/kansanmusiikki-instituutti.fi\/"},{"@type":"ListItem","position":2,"name":"Koulutus"}]},{"@type":"WebSite","@id":"https:\/\/kansanmusiikki-instituutti.fi\/#website","url":"https:\/\/kansanmusiikki-instituutti.fi\/","name":"The Finnish Folk Music Institute","description":"Finnish Folk Music Institute","potentialAction":[{"@type":"SearchAction","target":{"@type":"EntryPoint","urlTemplate":"https:\/\/kansanmusiikki-instituutti.fi\/?s={search_term_string}"},"query-input":{"@type":"PropertyValueSpecification","valueRequired":true,"valueName":"search_term_string"}}],"inLanguage":"en-GB"}]}},"_links":{"self":[{"href":"https:\/\/kansanmusiikki-instituutti.fi\/en\/wp-json\/wp\/v2\/pages\/1541","targetHints":{"allow":["GET"]}}],"collection":[{"href":"https:\/\/kansanmusiikki-instituutti.fi\/en\/wp-json\/wp\/v2\/pages"}],"about":[{"href":"https:\/\/kansanmusiikki-instituutti.fi\/en\/wp-json\/wp\/v2\/types\/page"}],"author":[{"embeddable":true,"href":"https:\/\/kansanmusiikki-instituutti.fi\/en\/wp-json\/wp\/v2\/users\/1"}],"replies":[{"embeddable":true,"href":"https:\/\/kansanmusiikki-instituutti.fi\/en\/wp-json\/wp\/v2\/comments?post=1541"}],"version-history":[{"count":10,"href":"https:\/\/kansanmusiikki-instituutti.fi\/en\/wp-json\/wp\/v2\/pages\/1541\/revisions"}],"predecessor-version":[{"id":3366,"href":"https:\/\/kansanmusiikki-instituutti.fi\/en\/wp-json\/wp\/v2\/pages\/1541\/revisions\/3366"}],"wp:attachment":[{"href":"https:\/\/kansanmusiikki-instituutti.fi\/en\/wp-json\/wp\/v2\/media?parent=1541"}],"curies":[{"name":"wp","href":"https:\/\/api.w.org\/{rel}","templated":true}]}}