{"id":1559,"date":"2021-01-11T13:33:08","date_gmt":"2021-01-11T13:33:08","guid":{"rendered":"https:\/\/kansanmusiikki-instituutti.fi\/?page_id=1559"},"modified":"2026-03-06T12:06:38","modified_gmt":"2026-03-06T12:06:38","slug":"arkisto-ja-kirjasto","status":"publish","type":"page","link":"https:\/\/kansanmusiikki-instituutti.fi\/en\/arkisto-ja-kirjasto\/","title":{"rendered":"Archive and Library"},"content":{"rendered":"<p>[et_pb_section fb_built=&#8221;1&#8243; _builder_version=&#8221;4.16&#8243; _module_preset=&#8221;default&#8221; background_enable_image=&#8221;off&#8221; parallax=&#8221;on&#8221; custom_padding=&#8221;21px||7px|||&#8221; global_colors_info=&#8221;{}&#8221;][et_pb_row column_structure=&#8221;2_3,1_3&#8243; _builder_version=&#8221;4.24.0&#8243; _module_preset=&#8221;default&#8221; animation_direction=&#8221;right&#8221; global_colors_info=&#8221;{}&#8221;][et_pb_column type=&#8221;2_3&#8243; _builder_version=&#8221;4.16&#8243; _module_preset=&#8221;default&#8221; background_color=&#8221;rgba(255,255,255,0.89)&#8221; global_colors_info=&#8221;{}&#8221;][et_pb_image src=&#8221;https:\/\/kansanmusiikki-instituutti.fi\/wp-content\/uploads\/2021\/01\/orig_11708.jpg&#8221; alt=&#8221;Salonkyl\u00e4n orkesteri 1930-luvulla. Soittajat vasemmalta: Urho \u00c4mm\u00e4nkoski, Heimo Salo, Waltteri Salo, Tuomas Rauma, Uuno Rauma, Wiljami Niittykoski ja Hugo Rauma.&#8221; title_text=&#8221;orig_11708&#8243; _builder_version=&#8221;4.16&#8243; _module_preset=&#8221;default&#8221; global_colors_info=&#8221;{}&#8221;][\/et_pb_image][et_pb_text _builder_version=&#8221;4.27.3&#8243; _module_preset=&#8221;default&#8221; global_colors_info=&#8221;{}&#8221;]<\/p>\n<h1>Arkisto ja kirjasto<\/h1>\n<p>Arkistomme on laajin suomalainen kansanmusiikkiin ja kansantanssiin erikoistunut arkisto. Kokoelmaan kuuluu mm. n. 6000 tuntia \u00e4\u00e4nitteit\u00e4, 1500 tuntia av-tallenteita, 30000 valokuvaa ja 100000 lehtileikett\u00e4.<\/p>\n<p>Suurimman yksitt\u00e4isen tallennekokoelman muodostavat vuodesta 1968 alkaen nauhoitetut \u00e4\u00e4nitteet Kaustisen Kansanmusiikkijuhlilta. Lis\u00e4ksi aineistoon kuuluu kentt\u00e4matkoilta koottua aineistoa eri puolilta Suomea ja Yhdysvaltojen suomalaisalueilta. Arkiston valokuvat ja videot antavat kattavan kuvan suomalaisen kansanmusiikin ilmi\u00f6ist\u00e4 ja ihmisist\u00e4 usean vuosikymmenen ajalta.<\/p>\n<p>Kansanmusiikki-instituutin k\u00e4sikirjaston kokoelmiin kuuluu n. 5000 nidett\u00e4, yli 2700 \u00e4\u00e4nilevy\u00e4 ja laaja valikoima alan aikakauslehti\u00e4. Kirjat edustavat p\u00e4\u00e4asiassa kansanmusiikkia, kansantanssia, kansanperinnett\u00e4, kansantaidetta ja kulttuurihistoriaa.<\/p>\n<p><a href=\"https:\/\/collecte.cloud\/login\">Verkkotietokantaamme<\/a> on tallennettu arkiston digitoitujen \u00e4\u00e4nitallenteiden, \u00e4\u00e4nitejulkaisujen, kirja- ja nuottikokoelmien viitetiedot, digitaaliset ja digitoidut valokuvat ja Suomen kansansoitinmuseon soitinkokoelman tiedot. Kokoelmien digitointi on edelleen kesken. Tietokantaan p\u00e4\u00e4syyn vaaditaan k\u00e4ytt\u00e4j\u00e4tunnus ja salasana, jotka voi saada t\u00e4ytt\u00e4m\u00e4ll\u00e4 k\u00e4ytt\u00f6ehtositoumuksen ja l\u00e4hett\u00e4m\u00e4ll\u00e4 sen arkistoon postitse tai skannattuna s\u00e4hk\u00f6postitse. Osa tietokannan aineistosta saatetaan v\u00e4hitellen n\u00e4ht\u00e4v\u00e4ksi Finna-palveluun.<\/p>\n<p>Vierailusta paikan p\u00e4\u00e4lle arkistoon ja k\u00e4sikirjastoon kannattaa sopia etuk\u00e4teen. Osa arkistopalveluistamme on maksullisia.<\/p>\n<p>[\/et_pb_text][\/et_pb_column][et_pb_column type=&#8221;1_3&#8243; _builder_version=&#8221;4.24.0&#8243; _module_preset=&#8221;default&#8221; sticky_limit_bottom=&#8221;row&#8221; sticky_position_tablet=&#8221;none&#8221; sticky_position_phone=&#8221;&#8221; sticky_position_last_edited=&#8221;on|desktop&#8221; global_colors_info=&#8221;{}&#8221;][et_pb_sidebar area=&#8221;sidebar-1&#8243; _builder_version=&#8221;4.24.0&#8243; _module_preset=&#8221;default&#8221; custom_padding=&#8221;24px|24px|24px|24px|true|true&#8221; sticky_limit_bottom=&#8221;row&#8221; border_width_all=&#8221;1px&#8221; border_color_all=&#8221;rgba(51,51,51,0.39)&#8221; global_colors_info=&#8221;{}&#8221;][\/et_pb_sidebar][et_pb_sidebar area=&#8221;sidebar-4&#8243; _builder_version=&#8221;4.24.0&#8243; _module_preset=&#8221;default&#8221; custom_padding=&#8221;24px|24px|24px|24px|true|true&#8221; sticky_limit_bottom=&#8221;row&#8221; border_width_all=&#8221;1px&#8221; border_color_all=&#8221;rgba(51,51,51,0.39)&#8221; global_colors_info=&#8221;{}&#8221;][\/et_pb_sidebar][\/et_pb_column][\/et_pb_row][et_pb_row _builder_version=&#8221;4.16&#8243; _module_preset=&#8221;default&#8221; custom_padding=&#8221;||4px|||&#8221; global_colors_info=&#8221;{}&#8221;][et_pb_column type=&#8221;4_4&#8243; _builder_version=&#8221;4.16&#8243; _module_preset=&#8221;default&#8221; global_colors_info=&#8221;{}&#8221;][et_pb_divider _builder_version=&#8221;4.16&#8243; _module_preset=&#8221;default&#8221; global_colors_info=&#8221;{}&#8221;][\/et_pb_divider][\/et_pb_column][\/et_pb_row][\/et_pb_section][et_pb_section fb_built=&#8221;1&#8243; _builder_version=&#8221;4.6.6&#8243; _module_preset=&#8221;default&#8221; custom_padding=&#8221;29px|||||&#8221; global_module=&#8221;1551&#8243; saved_tabs=&#8221;all&#8221; global_colors_info=&#8221;{}&#8221;][et_pb_row use_custom_gutter=&#8221;on&#8221; gutter_width=&#8221;2&#8243; _builder_version=&#8221;4.24.2&#8243; _module_preset=&#8221;default&#8221; width=&#8221;70%&#8221; width_tablet=&#8221;90%&#8221; width_phone=&#8221;&#8221; width_last_edited=&#8221;on|tablet&#8221; custom_padding=&#8221;27px|||||&#8221; global_colors_info=&#8221;{}&#8221;][et_pb_column type=&#8221;4_4&#8243; _builder_version=&#8221;4.16&#8243; _module_preset=&#8221;default&#8221; global_colors_info=&#8221;{}&#8221;][et_pb_text _builder_version=&#8221;4.24.2&#8243; _module_preset=&#8221;default&#8221; header_2_font_size=&#8221;2vw&#8221; custom_margin=&#8221;||40px|||&#8221; header_2_font_size_tablet=&#8221;4vw&#8221; header_2_font_size_phone=&#8221;7vw&#8221; header_2_font_size_last_edited=&#8221;on|phone&#8221; border_width_bottom=&#8221;1px&#8221; global_colors_info=&#8221;{}&#8221;]<\/p>\n<h2>Ajankohtaista<\/h2>\n<p>[\/et_pb_text][et_pb_blog fullwidth=&#8221;off&#8221; posts_number=&#8221;3&#8243; meta_date=&#8221;j.m.Y&#8221; use_manual_excerpt=&#8221;off&#8221; excerpt_length=&#8221;200&#8243; show_author=&#8221;off&#8221; show_categories=&#8221;off&#8221; show_excerpt=&#8221;off&#8221; _builder_version=&#8221;4.24.0&#8243; _module_preset=&#8221;default&#8221; body_line_height=&#8221;1.6em&#8221; pagination_font=&#8221;|800||on|||||&#8221; pagination_text_color=&#8221;#000000&#8243; pagination_font_size=&#8221;14px&#8221; background_color=&#8221;rgba(0,0,0,0)&#8221; text_orientation=&#8221;center&#8221; border_color_all=&#8221;#000000&#8243; border_width_top=&#8221;10px&#8221; border_color_top=&#8221;gcid-9253885b-3508-44a2-9922-3a4034f3e389&#8243; global_colors_info=&#8221;{%22gcid-9253885b-3508-44a2-9922-3a4034f3e389%22:%91%22border_color_top%22%93}&#8221;][\/et_pb_blog][\/et_pb_column][\/et_pb_row][\/et_pb_section]<\/p>\n","protected":false},"excerpt":{"rendered":"<p>Arkisto ja kirjasto Arkistomme on laajin suomalainen kansanmusiikkiin ja kansantanssiin erikoistunut arkisto. Kokoelmaan kuuluu mm. n. 6000 tuntia \u00e4\u00e4nitteit\u00e4, 1500 tuntia av-tallenteita, 30000 valokuvaa ja 100000 lehtileikett\u00e4. Suurimman yksitt\u00e4isen tallennekokoelman muodostavat vuodesta 1968 alkaen nauhoitetut \u00e4\u00e4nitteet Kaustisen Kansanmusiikkijuhlilta. Lis\u00e4ksi aineistoon kuuluu kentt\u00e4matkoilta koottua aineistoa eri puolilta Suomea ja Yhdysvaltojen suomalaisalueilta. Arkiston valokuvat ja videot antavat [&hellip;]<\/p>\n","protected":false},"author":1,"featured_media":0,"parent":0,"menu_order":0,"comment_status":"closed","ping_status":"closed","template":"","meta":{"_et_pb_use_builder":"on","_et_pb_old_content":"","_et_gb_content_width":"","footnotes":""},"class_list":["post-1559","page","type-page","status-publish","hentry"],"yoast_head":"<!-- This site is optimized with the Yoast SEO plugin v27.0 - https:\/\/yoast.com\/product\/yoast-seo-wordpress\/ -->\n<title>Arkisto ja kirjasto - Kansanmusiikki-instituutti<\/title>\n<meta name=\"robots\" content=\"index, follow, max-snippet:-1, max-image-preview:large, max-video-preview:-1\" \/>\n<link rel=\"canonical\" href=\"https:\/\/kansanmusiikki-instituutti.fi\/en\/arkisto-ja-kirjasto\/\" \/>\n<meta property=\"og:locale\" content=\"en_GB\" \/>\n<meta property=\"og:type\" content=\"article\" \/>\n<meta property=\"og:title\" content=\"Arkisto ja kirjasto - Kansanmusiikki-instituutti\" \/>\n<meta property=\"og:description\" content=\"Arkisto ja kirjasto Arkistomme on laajin suomalainen kansanmusiikkiin ja kansantanssiin erikoistunut arkisto. Kokoelmaan kuuluu mm. n. 6000 tuntia \u00e4\u00e4nitteit\u00e4, 1500 tuntia av-tallenteita, 30000 valokuvaa ja 100000 lehtileikett\u00e4. Suurimman yksitt\u00e4isen tallennekokoelman muodostavat vuodesta 1968 alkaen nauhoitetut \u00e4\u00e4nitteet Kaustisen Kansanmusiikkijuhlilta. Lis\u00e4ksi aineistoon kuuluu kentt\u00e4matkoilta koottua aineistoa eri puolilta Suomea ja Yhdysvaltojen suomalaisalueilta. Arkiston valokuvat ja videot antavat [&hellip;]\" \/>\n<meta property=\"og:url\" content=\"https:\/\/kansanmusiikki-instituutti.fi\/en\/arkisto-ja-kirjasto\/\" \/>\n<meta property=\"og:site_name\" content=\"Kansanmusiikki-instituutti\" \/>\n<meta property=\"article:modified_time\" content=\"2026-03-06T12:06:38+00:00\" \/>\n<meta name=\"twitter:card\" content=\"summary_large_image\" \/>\n<meta name=\"twitter:label1\" content=\"Estimated reading time\" \/>\n\t<meta name=\"twitter:data1\" content=\"3 minutes\" \/>\n<script type=\"application\/ld+json\" class=\"yoast-schema-graph\">{\"@context\":\"https:\/\/schema.org\",\"@graph\":[{\"@type\":\"WebPage\",\"@id\":\"https:\/\/kansanmusiikki-instituutti.fi\/arkisto-ja-kirjasto\/\",\"url\":\"https:\/\/kansanmusiikki-instituutti.fi\/arkisto-ja-kirjasto\/\",\"name\":\"Arkisto ja kirjasto - Kansanmusiikki-instituutti\",\"isPartOf\":{\"@id\":\"https:\/\/kansanmusiikki-instituutti.fi\/#website\"},\"datePublished\":\"2021-01-11T13:33:08+00:00\",\"dateModified\":\"2026-03-06T12:06:38+00:00\",\"breadcrumb\":{\"@id\":\"https:\/\/kansanmusiikki-instituutti.fi\/arkisto-ja-kirjasto\/#breadcrumb\"},\"inLanguage\":\"en-GB\",\"potentialAction\":[{\"@type\":\"ReadAction\",\"target\":[\"https:\/\/kansanmusiikki-instituutti.fi\/arkisto-ja-kirjasto\/\"]}]},{\"@type\":\"BreadcrumbList\",\"@id\":\"https:\/\/kansanmusiikki-instituutti.fi\/arkisto-ja-kirjasto\/#breadcrumb\",\"itemListElement\":[{\"@type\":\"ListItem\",\"position\":1,\"name\":\"Home\",\"item\":\"https:\/\/kansanmusiikki-instituutti.fi\/\"},{\"@type\":\"ListItem\",\"position\":2,\"name\":\"Arkisto ja kirjasto\"}]},{\"@type\":\"WebSite\",\"@id\":\"https:\/\/kansanmusiikki-instituutti.fi\/#website\",\"url\":\"https:\/\/kansanmusiikki-instituutti.fi\/\",\"name\":\"Kansanmusiikki-instituutti\",\"description\":\"Finnish Folk Music Institute\",\"potentialAction\":[{\"@type\":\"SearchAction\",\"target\":{\"@type\":\"EntryPoint\",\"urlTemplate\":\"https:\/\/kansanmusiikki-instituutti.fi\/?s={search_term_string}\"},\"query-input\":{\"@type\":\"PropertyValueSpecification\",\"valueRequired\":true,\"valueName\":\"search_term_string\"}}],\"inLanguage\":\"en-GB\"}]}<\/script>\n<!-- \/ Yoast SEO plugin. -->","yoast_head_json":{"title":"Arkisto ja kirjasto - Kansanmusiikki-instituutti","robots":{"index":"index","follow":"follow","max-snippet":"max-snippet:-1","max-image-preview":"max-image-preview:large","max-video-preview":"max-video-preview:-1"},"canonical":"https:\/\/kansanmusiikki-instituutti.fi\/en\/arkisto-ja-kirjasto\/","og_locale":"en_GB","og_type":"article","og_title":"Arkisto ja kirjasto - Kansanmusiikki-instituutti","og_description":"Arkisto ja kirjasto Arkistomme on laajin suomalainen kansanmusiikkiin ja kansantanssiin erikoistunut arkisto. Kokoelmaan kuuluu mm. n. 6000 tuntia \u00e4\u00e4nitteit\u00e4, 1500 tuntia av-tallenteita, 30000 valokuvaa ja 100000 lehtileikett\u00e4. Suurimman yksitt\u00e4isen tallennekokoelman muodostavat vuodesta 1968 alkaen nauhoitetut \u00e4\u00e4nitteet Kaustisen Kansanmusiikkijuhlilta. Lis\u00e4ksi aineistoon kuuluu kentt\u00e4matkoilta koottua aineistoa eri puolilta Suomea ja Yhdysvaltojen suomalaisalueilta. Arkiston valokuvat ja videot antavat [&hellip;]","og_url":"https:\/\/kansanmusiikki-instituutti.fi\/en\/arkisto-ja-kirjasto\/","og_site_name":"Kansanmusiikki-instituutti","article_modified_time":"2026-03-06T12:06:38+00:00","twitter_card":"summary_large_image","twitter_misc":{"Estimated reading time":"3 minutes"},"schema":{"@context":"https:\/\/schema.org","@graph":[{"@type":"WebPage","@id":"https:\/\/kansanmusiikki-instituutti.fi\/arkisto-ja-kirjasto\/","url":"https:\/\/kansanmusiikki-instituutti.fi\/arkisto-ja-kirjasto\/","name":"Arkisto ja kirjasto - Kansanmusiikki-instituutti","isPartOf":{"@id":"https:\/\/kansanmusiikki-instituutti.fi\/#website"},"datePublished":"2021-01-11T13:33:08+00:00","dateModified":"2026-03-06T12:06:38+00:00","breadcrumb":{"@id":"https:\/\/kansanmusiikki-instituutti.fi\/arkisto-ja-kirjasto\/#breadcrumb"},"inLanguage":"en-GB","potentialAction":[{"@type":"ReadAction","target":["https:\/\/kansanmusiikki-instituutti.fi\/arkisto-ja-kirjasto\/"]}]},{"@type":"BreadcrumbList","@id":"https:\/\/kansanmusiikki-instituutti.fi\/arkisto-ja-kirjasto\/#breadcrumb","itemListElement":[{"@type":"ListItem","position":1,"name":"Home","item":"https:\/\/kansanmusiikki-instituutti.fi\/"},{"@type":"ListItem","position":2,"name":"Arkisto ja kirjasto"}]},{"@type":"WebSite","@id":"https:\/\/kansanmusiikki-instituutti.fi\/#website","url":"https:\/\/kansanmusiikki-instituutti.fi\/","name":"The Finnish Folk Music Institute","description":"Finnish Folk Music Institute","potentialAction":[{"@type":"SearchAction","target":{"@type":"EntryPoint","urlTemplate":"https:\/\/kansanmusiikki-instituutti.fi\/?s={search_term_string}"},"query-input":{"@type":"PropertyValueSpecification","valueRequired":true,"valueName":"search_term_string"}}],"inLanguage":"en-GB"}]}},"_links":{"self":[{"href":"https:\/\/kansanmusiikki-instituutti.fi\/en\/wp-json\/wp\/v2\/pages\/1559","targetHints":{"allow":["GET"]}}],"collection":[{"href":"https:\/\/kansanmusiikki-instituutti.fi\/en\/wp-json\/wp\/v2\/pages"}],"about":[{"href":"https:\/\/kansanmusiikki-instituutti.fi\/en\/wp-json\/wp\/v2\/types\/page"}],"author":[{"embeddable":true,"href":"https:\/\/kansanmusiikki-instituutti.fi\/en\/wp-json\/wp\/v2\/users\/1"}],"replies":[{"embeddable":true,"href":"https:\/\/kansanmusiikki-instituutti.fi\/en\/wp-json\/wp\/v2\/comments?post=1559"}],"version-history":[{"count":16,"href":"https:\/\/kansanmusiikki-instituutti.fi\/en\/wp-json\/wp\/v2\/pages\/1559\/revisions"}],"predecessor-version":[{"id":3376,"href":"https:\/\/kansanmusiikki-instituutti.fi\/en\/wp-json\/wp\/v2\/pages\/1559\/revisions\/3376"}],"wp:attachment":[{"href":"https:\/\/kansanmusiikki-instituutti.fi\/en\/wp-json\/wp\/v2\/media?parent=1559"}],"curies":[{"name":"wp","href":"https:\/\/api.w.org\/{rel}","templated":true}]}}