{"id":1576,"date":"2021-01-11T14:28:14","date_gmt":"2021-01-11T14:28:14","guid":{"rendered":"https:\/\/kansanmusiikki-instituutti.fi\/?page_id=1576"},"modified":"2021-04-09T08:06:44","modified_gmt":"2021-04-09T08:06:44","slug":"mita-teemme","status":"publish","type":"page","link":"https:\/\/kansanmusiikki-instituutti.fi\/en\/mita-teemme\/","title":{"rendered":"What we do"},"content":{"rendered":"<p>[et_pb_section fb_built=&#8221;1&#8243; _builder_version=&#8221;4.6.6&#8243; _module_preset=&#8221;default&#8221; background_enable_image=&#8221;off&#8221; parallax=&#8221;on&#8221; custom_padding=&#8221;||7px|||&#8221;][et_pb_row column_structure=&#8221;2_3,1_3&#8243; _builder_version=&#8221;4.6.6&#8243; _module_preset=&#8221;default&#8221; animation_direction=&#8221;right&#8221;][et_pb_column type=&#8221;2_3&#8243; _builder_version=&#8221;4.6.6&#8243; _module_preset=&#8221;default&#8221; background_color=&#8221;rgba(255,255,255,0.89)&#8221;][et_pb_image src=&#8221;https:\/\/kansanmusiikki-instituutti.fi\/wp-content\/uploads\/2021\/01\/orig_11688-2.jpg&#8221; alt=&#8221;Kaustislaiset soittamassa Oulussa kruunuh\u00e4iss\u00e4: Elias Kentala, Mauri Salo, Friiti Ojala ja Konsta Jylh\u00e4.&#8221; title_text=&#8221;orig_11688&#8243; _builder_version=&#8221;4.6.6&#8243; _module_preset=&#8221;default&#8221;][\/et_pb_image][et_pb_text _builder_version=&#8221;4.6.6&#8243; _module_preset=&#8221;default&#8221;]<\/p>\n<h1>Kansanmusiikin ja -tanssin asialla vuodesta 1974<\/h1>\n<p>Kansanmusiikki-instituutti edist\u00e4\u00e4 suomalaista kansanmusiikkia ja kansantanssia. P\u00e4\u00e4teht\u00e4vi\u00e4mme ovat tutkimus, tallennus, arkistointi, tiedotus- ja julkaisutoiminta, koulutus- ja museotoiminta ja kulttuuripoliittinen vaikuttaminen. Kansanmusiikki-instituutti on Unescon aineettoman kulttuuriperinn\u00f6n suojelusopimuksen akkreditoitu asiantuntijaj\u00e4rjest\u00f6. Toimimme Kansantaiteenkeskuksessa Kaustisella.<\/p>\n<p>[\/et_pb_text][\/et_pb_column][et_pb_column type=&#8221;1_3&#8243; _builder_version=&#8221;4.6.6&#8243; _module_preset=&#8221;default&#8221;][et_pb_sidebar _builder_version=&#8221;4.6.6&#8243; _module_preset=&#8221;default&#8221; header_font=&#8221;||||||||&#8221; custom_padding=&#8221;24px|24px|24px|24px|true|true&#8221; sticky_position=&#8221;top&#8221; sticky_offset_top=&#8221;20px&#8221; sticky_limit_bottom=&#8221;row&#8221; sticky_position_tablet=&#8221;none&#8221; sticky_position_last_edited=&#8221;on|phone&#8221; border_width_all=&#8221;1px&#8221; border_color_all=&#8221;rgba(51,51,51,0.43)&#8221; global_module=&#8221;1538&#8243; saved_tabs=&#8221;all&#8221;][\/et_pb_sidebar][\/et_pb_column][\/et_pb_row][et_pb_row _builder_version=&#8221;4.6.6&#8243; _module_preset=&#8221;default&#8221; custom_padding=&#8221;||4px|||&#8221;][et_pb_column type=&#8221;4_4&#8243; _builder_version=&#8221;4.6.6&#8243; _module_preset=&#8221;default&#8221;][et_pb_divider _builder_version=&#8221;4.6.6&#8243; _module_preset=&#8221;default&#8221;][\/et_pb_divider][\/et_pb_column][\/et_pb_row][\/et_pb_section][et_pb_section fb_built=&#8221;1&#8243; _builder_version=&#8221;4.6.6&#8243; _module_preset=&#8221;default&#8221; custom_padding=&#8221;29px|||||&#8221; global_module=&#8221;1551&#8243; saved_tabs=&#8221;all&#8221;][et_pb_row _builder_version=&#8221;4.6.6&#8243; _module_preset=&#8221;default&#8221; custom_padding=&#8221;27px|||||&#8221;][et_pb_column type=&#8221;4_4&#8243; _builder_version=&#8221;4.6.6&#8243; _module_preset=&#8221;default&#8221;][et_pb_text _builder_version=&#8221;4.6.6&#8243; _module_preset=&#8221;default&#8221; header_2_font_size=&#8221;2vw&#8221; custom_margin=&#8221;||40px|||&#8221; header_2_font_size_tablet=&#8221;4vw&#8221; header_2_font_size_phone=&#8221;7vw&#8221; header_2_font_size_last_edited=&#8221;on|phone&#8221;]<\/p>\n<h2 style=\"text-align: center;\">Ajankohtaista<\/h2>\n<p>[\/et_pb_text][et_pb_blog fullwidth=&#8221;off&#8221; posts_number=&#8221;3&#8243; meta_date=&#8221;j.m.Y&#8221; excerpt_length=&#8221;200&#8243; show_author=&#8221;off&#8221; show_categories=&#8221;off&#8221; _builder_version=&#8221;4.6.6&#8243; _module_preset=&#8221;default&#8221; body_line_height=&#8221;1.6em&#8221;][\/et_pb_blog][\/et_pb_column][\/et_pb_row][\/et_pb_section]<\/p>\n","protected":false},"excerpt":{"rendered":"<p>Kansanmusiikin ja -tanssin asialla vuodesta 1974 Kansanmusiikki-instituutti edist\u00e4\u00e4 suomalaista kansanmusiikkia ja kansantanssia. P\u00e4\u00e4teht\u00e4vi\u00e4mme ovat tutkimus, tallennus, arkistointi, tiedotus- ja julkaisutoiminta, koulutus- ja museotoiminta ja kulttuuripoliittinen vaikuttaminen. Kansanmusiikki-instituutti on Unescon aineettoman kulttuuriperinn\u00f6n suojelusopimuksen akkreditoitu asiantuntijaj\u00e4rjest\u00f6. Toimimme Kansantaiteenkeskuksessa Kaustisella.Ajankohtaista<\/p>","protected":false},"author":1,"featured_media":0,"parent":0,"menu_order":0,"comment_status":"closed","ping_status":"closed","template":"","meta":{"_et_pb_use_builder":"on","_et_pb_old_content":"","_et_gb_content_width":"","footnotes":""},"class_list":["post-1576","page","type-page","status-publish","hentry"],"yoast_head":"<!-- This site is optimized with the Yoast SEO plugin v27.0 - https:\/\/yoast.com\/product\/yoast-seo-wordpress\/ -->\n<title>Mit\u00e4 teemme - Kansanmusiikki-instituutti<\/title>\n<meta name=\"robots\" content=\"index, follow, max-snippet:-1, max-image-preview:large, max-video-preview:-1\" \/>\n<link rel=\"canonical\" href=\"https:\/\/kansanmusiikki-instituutti.fi\/en\/mita-teemme\/\" \/>\n<meta property=\"og:locale\" content=\"en_GB\" \/>\n<meta property=\"og:type\" content=\"article\" \/>\n<meta property=\"og:title\" content=\"Mit\u00e4 teemme - Kansanmusiikki-instituutti\" \/>\n<meta property=\"og:description\" content=\"Kansanmusiikin ja -tanssin asialla vuodesta 1974 Kansanmusiikki-instituutti edist\u00e4\u00e4 suomalaista kansanmusiikkia ja kansantanssia. P\u00e4\u00e4teht\u00e4vi\u00e4mme ovat tutkimus, tallennus, arkistointi, tiedotus- ja julkaisutoiminta, koulutus- ja museotoiminta ja kulttuuripoliittinen vaikuttaminen. Kansanmusiikki-instituutti on Unescon aineettoman kulttuuriperinn\u00f6n suojelusopimuksen akkreditoitu asiantuntijaj\u00e4rjest\u00f6. Toimimme Kansantaiteenkeskuksessa Kaustisella.Ajankohtaista\" \/>\n<meta property=\"og:url\" content=\"https:\/\/kansanmusiikki-instituutti.fi\/en\/mita-teemme\/\" \/>\n<meta property=\"og:site_name\" content=\"Kansanmusiikki-instituutti\" \/>\n<meta property=\"article:modified_time\" content=\"2021-04-09T08:06:44+00:00\" \/>\n<meta name=\"twitter:card\" content=\"summary_large_image\" \/>\n<meta name=\"twitter:label1\" content=\"Estimated reading time\" \/>\n\t<meta name=\"twitter:data1\" content=\"2 minutes\" \/>\n<script type=\"application\/ld+json\" class=\"yoast-schema-graph\">{\"@context\":\"https:\/\/schema.org\",\"@graph\":[{\"@type\":\"WebPage\",\"@id\":\"https:\/\/kansanmusiikki-instituutti.fi\/mita-teemme\/\",\"url\":\"https:\/\/kansanmusiikki-instituutti.fi\/mita-teemme\/\",\"name\":\"Mit\u00e4 teemme - Kansanmusiikki-instituutti\",\"isPartOf\":{\"@id\":\"https:\/\/kansanmusiikki-instituutti.fi\/#website\"},\"datePublished\":\"2021-01-11T14:28:14+00:00\",\"dateModified\":\"2021-04-09T08:06:44+00:00\",\"breadcrumb\":{\"@id\":\"https:\/\/kansanmusiikki-instituutti.fi\/mita-teemme\/#breadcrumb\"},\"inLanguage\":\"en-GB\",\"potentialAction\":[{\"@type\":\"ReadAction\",\"target\":[\"https:\/\/kansanmusiikki-instituutti.fi\/mita-teemme\/\"]}]},{\"@type\":\"BreadcrumbList\",\"@id\":\"https:\/\/kansanmusiikki-instituutti.fi\/mita-teemme\/#breadcrumb\",\"itemListElement\":[{\"@type\":\"ListItem\",\"position\":1,\"name\":\"Home\",\"item\":\"https:\/\/kansanmusiikki-instituutti.fi\/\"},{\"@type\":\"ListItem\",\"position\":2,\"name\":\"Mit\u00e4 teemme\"}]},{\"@type\":\"WebSite\",\"@id\":\"https:\/\/kansanmusiikki-instituutti.fi\/#website\",\"url\":\"https:\/\/kansanmusiikki-instituutti.fi\/\",\"name\":\"Kansanmusiikki-instituutti\",\"description\":\"Finnish Folk Music Institute\",\"potentialAction\":[{\"@type\":\"SearchAction\",\"target\":{\"@type\":\"EntryPoint\",\"urlTemplate\":\"https:\/\/kansanmusiikki-instituutti.fi\/?s={search_term_string}\"},\"query-input\":{\"@type\":\"PropertyValueSpecification\",\"valueRequired\":true,\"valueName\":\"search_term_string\"}}],\"inLanguage\":\"en-GB\"}]}<\/script>\n<!-- \/ Yoast SEO plugin. -->","yoast_head_json":{"title":"Mit\u00e4 teemme - Kansanmusiikki-instituutti","robots":{"index":"index","follow":"follow","max-snippet":"max-snippet:-1","max-image-preview":"max-image-preview:large","max-video-preview":"max-video-preview:-1"},"canonical":"https:\/\/kansanmusiikki-instituutti.fi\/en\/mita-teemme\/","og_locale":"en_GB","og_type":"article","og_title":"Mit\u00e4 teemme - Kansanmusiikki-instituutti","og_description":"Kansanmusiikin ja -tanssin asialla vuodesta 1974 Kansanmusiikki-instituutti edist\u00e4\u00e4 suomalaista kansanmusiikkia ja kansantanssia. P\u00e4\u00e4teht\u00e4vi\u00e4mme ovat tutkimus, tallennus, arkistointi, tiedotus- ja julkaisutoiminta, koulutus- ja museotoiminta ja kulttuuripoliittinen vaikuttaminen. Kansanmusiikki-instituutti on Unescon aineettoman kulttuuriperinn\u00f6n suojelusopimuksen akkreditoitu asiantuntijaj\u00e4rjest\u00f6. Toimimme Kansantaiteenkeskuksessa Kaustisella.Ajankohtaista","og_url":"https:\/\/kansanmusiikki-instituutti.fi\/en\/mita-teemme\/","og_site_name":"Kansanmusiikki-instituutti","article_modified_time":"2021-04-09T08:06:44+00:00","twitter_card":"summary_large_image","twitter_misc":{"Estimated reading time":"2 minutes"},"schema":{"@context":"https:\/\/schema.org","@graph":[{"@type":"WebPage","@id":"https:\/\/kansanmusiikki-instituutti.fi\/mita-teemme\/","url":"https:\/\/kansanmusiikki-instituutti.fi\/mita-teemme\/","name":"Mit\u00e4 teemme - Kansanmusiikki-instituutti","isPartOf":{"@id":"https:\/\/kansanmusiikki-instituutti.fi\/#website"},"datePublished":"2021-01-11T14:28:14+00:00","dateModified":"2021-04-09T08:06:44+00:00","breadcrumb":{"@id":"https:\/\/kansanmusiikki-instituutti.fi\/mita-teemme\/#breadcrumb"},"inLanguage":"en-GB","potentialAction":[{"@type":"ReadAction","target":["https:\/\/kansanmusiikki-instituutti.fi\/mita-teemme\/"]}]},{"@type":"BreadcrumbList","@id":"https:\/\/kansanmusiikki-instituutti.fi\/mita-teemme\/#breadcrumb","itemListElement":[{"@type":"ListItem","position":1,"name":"Home","item":"https:\/\/kansanmusiikki-instituutti.fi\/"},{"@type":"ListItem","position":2,"name":"Mit\u00e4 teemme"}]},{"@type":"WebSite","@id":"https:\/\/kansanmusiikki-instituutti.fi\/#website","url":"https:\/\/kansanmusiikki-instituutti.fi\/","name":"The Finnish Folk Music Institute","description":"Finnish Folk Music Institute","potentialAction":[{"@type":"SearchAction","target":{"@type":"EntryPoint","urlTemplate":"https:\/\/kansanmusiikki-instituutti.fi\/?s={search_term_string}"},"query-input":{"@type":"PropertyValueSpecification","valueRequired":true,"valueName":"search_term_string"}}],"inLanguage":"en-GB"}]}},"_links":{"self":[{"href":"https:\/\/kansanmusiikki-instituutti.fi\/en\/wp-json\/wp\/v2\/pages\/1576","targetHints":{"allow":["GET"]}}],"collection":[{"href":"https:\/\/kansanmusiikki-instituutti.fi\/en\/wp-json\/wp\/v2\/pages"}],"about":[{"href":"https:\/\/kansanmusiikki-instituutti.fi\/en\/wp-json\/wp\/v2\/types\/page"}],"author":[{"embeddable":true,"href":"https:\/\/kansanmusiikki-instituutti.fi\/en\/wp-json\/wp\/v2\/users\/1"}],"replies":[{"embeddable":true,"href":"https:\/\/kansanmusiikki-instituutti.fi\/en\/wp-json\/wp\/v2\/comments?post=1576"}],"version-history":[{"count":4,"href":"https:\/\/kansanmusiikki-instituutti.fi\/en\/wp-json\/wp\/v2\/pages\/1576\/revisions"}],"predecessor-version":[{"id":1842,"href":"https:\/\/kansanmusiikki-instituutti.fi\/en\/wp-json\/wp\/v2\/pages\/1576\/revisions\/1842"}],"wp:attachment":[{"href":"https:\/\/kansanmusiikki-instituutti.fi\/en\/wp-json\/wp\/v2\/media?parent=1576"}],"curies":[{"name":"wp","href":"https:\/\/api.w.org\/{rel}","templated":true}]}}