{"id":1588,"date":"2021-01-12T09:01:12","date_gmt":"2021-01-12T09:01:12","guid":{"rendered":"https:\/\/kansanmusiikki-instituutti.fi\/?page_id=1588"},"modified":"2024-02-09T10:09:08","modified_gmt":"2024-02-09T10:09:08","slug":"ota-yhteytta","status":"publish","type":"page","link":"https:\/\/kansanmusiikki-instituutti.fi\/en\/ota-yhteytta\/","title":{"rendered":"Contact Us"},"content":{"rendered":"<p>[et_pb_section fb_built=&#8221;1&#8243; _builder_version=&#8221;4.16&#8243; _module_preset=&#8221;default&#8221; background_enable_image=&#8221;off&#8221; parallax=&#8221;on&#8221; custom_padding=&#8221;||7px|||&#8221; global_colors_info=&#8221;{}&#8221;][et_pb_row column_structure=&#8221;2_3,1_3&#8243; _builder_version=&#8221;4.24.0&#8243; _module_preset=&#8221;default&#8221; animation_direction=&#8221;right&#8221; hover_enabled=&#8221;0&#8243; global_colors_info=&#8221;{}&#8221; sticky_enabled=&#8221;0&#8243;][et_pb_column type=&#8221;2_3&#8243; _builder_version=&#8221;4.16&#8243; _module_preset=&#8221;default&#8221; background_color=&#8221;rgba(255,255,255,0.89)&#8221; global_colors_info=&#8221;{}&#8221;][et_pb_image src=&#8221;https:\/\/kansanmusiikki-instituutti.fi\/wp-content\/uploads\/2021\/01\/orig_15549.jpg&#8221; alt=&#8221;Kaustisen Kansantaiteenkeskus.&#8221; title_text=&#8221;Kansantaiteenkeskus, arkkitehtuuria.&#8221; _builder_version=&#8221;4.16&#8243; _module_preset=&#8221;default&#8221; global_colors_info=&#8221;{}&#8221;][\/et_pb_image][et_pb_text _builder_version=&#8221;4.16&#8243; _module_preset=&#8221;default&#8221; global_colors_info=&#8221;{}&#8221;]<\/p>\n<h1>Ota yhteytt\u00e4<\/h1>\n<p>Toimimme Kaustisella Kansantaiteenkeskuksessa. Olemme avoinna arkisin klo 9\u201316. Vierailuista paikan p\u00e4\u00e4lle kannattaa sopia etuk\u00e4teen.<\/p>\n<p><strong>K\u00e4ynti- ja postiosoite:<\/strong><br \/> Jyv\u00e4skyl\u00e4ntie 3<br \/> 69600 Kaustinen<br \/> FINLAND<\/p>\n<p>Kansanmusiikki-instituuttia hallinnoi Kansanmusiikki-instituutti ry.<br \/> Y-tunnus 2476659-6<br \/> pankkitili OKOYFIHH FI16 512404 20041790<\/p>\n<p>[\/et_pb_text][\/et_pb_column][et_pb_column type=&#8221;1_3&#8243; _builder_version=&#8221;4.24.0&#8243; _module_preset=&#8221;default&#8221; hover_enabled=&#8221;0&#8243; global_colors_info=&#8221;{}&#8221; sticky_enabled=&#8221;0&#8243;][et_pb_sidebar area=&#8221;sidebar-6&#8243; _builder_version=&#8221;4.24.0&#8243; _module_preset=&#8221;default&#8221; header_font=&#8221;||||||||&#8221; custom_padding=&#8221;24px|24px|24px|24px|true|true&#8221; sticky_limit_bottom=&#8221;row&#8221; hover_enabled=&#8221;0&#8243; sticky_position_tablet=&#8221;none&#8221; sticky_position_phone=&#8221;&#8221; sticky_position_last_edited=&#8221;on|tablet&#8221; border_width_all=&#8221;1px&#8221; border_color_all=&#8221;rgba(51,51,51,0.43)&#8221; global_module=&#8221;1595&#8243; saved_tabs=&#8221;all&#8221; global_colors_info=&#8221;{}&#8221; sticky_enabled=&#8221;0&#8243;][\/et_pb_sidebar][\/et_pb_column][\/et_pb_row][et_pb_row _builder_version=&#8221;4.16&#8243; _module_preset=&#8221;default&#8221; custom_padding=&#8221;||4px|||&#8221; global_colors_info=&#8221;{}&#8221;][et_pb_column type=&#8221;4_4&#8243; _builder_version=&#8221;4.16&#8243; _module_preset=&#8221;default&#8221; global_colors_info=&#8221;{}&#8221;][et_pb_divider _builder_version=&#8221;4.16&#8243; _module_preset=&#8221;default&#8221; global_colors_info=&#8221;{}&#8221;][\/et_pb_divider][\/et_pb_column][\/et_pb_row][\/et_pb_section][et_pb_section fb_built=&#8221;1&#8243; _builder_version=&#8221;4.6.6&#8243; _module_preset=&#8221;default&#8221; custom_padding=&#8221;29px|||||&#8221; global_module=&#8221;1551&#8243; saved_tabs=&#8221;all&#8221; global_colors_info=&#8221;{}&#8221;][et_pb_row _builder_version=&#8221;4.16&#8243; _module_preset=&#8221;default&#8221; custom_padding=&#8221;27px|||||&#8221; global_colors_info=&#8221;{}&#8221;][et_pb_column type=&#8221;4_4&#8243; _builder_version=&#8221;4.16&#8243; _module_preset=&#8221;default&#8221; global_colors_info=&#8221;{}&#8221;][et_pb_text _builder_version=&#8221;4.16&#8243; _module_preset=&#8221;default&#8221; header_2_font_size=&#8221;2vw&#8221; custom_margin=&#8221;||40px|||&#8221; header_2_font_size_tablet=&#8221;4vw&#8221; header_2_font_size_phone=&#8221;7vw&#8221; header_2_font_size_last_edited=&#8221;on|phone&#8221; global_colors_info=&#8221;{}&#8221;]<\/p>\n<h2 style=\"text-align: center;\">Ajankohtaista<\/h2>\n<p>[\/et_pb_text][et_pb_blog fullwidth=&#8221;off&#8221; posts_number=&#8221;3&#8243; meta_date=&#8221;j.m.Y&#8221; use_manual_excerpt=&#8221;off&#8221; excerpt_length=&#8221;200&#8243; show_author=&#8221;off&#8221; show_categories=&#8221;off&#8221; show_excerpt=&#8221;off&#8221; _builder_version=&#8221;4.16&#8243; _module_preset=&#8221;default&#8221; body_line_height=&#8221;1.6em&#8221; background_color=&#8221;rgba(0,0,0,0)&#8221; text_orientation=&#8221;center&#8221; global_colors_info=&#8221;{}&#8221;][\/et_pb_blog][\/et_pb_column][\/et_pb_row][\/et_pb_section]<\/p>\n","protected":false},"excerpt":{"rendered":"<p>Ota yhteytt\u00e4 Toimimme Kaustisella Kansantaiteenkeskuksessa. Olemme avoinna arkisin klo 9\u201316. Vierailuista paikan p\u00e4\u00e4lle kannattaa sopia etuk\u00e4teen. K\u00e4ynti- ja postiosoite: Jyv\u00e4skyl\u00e4ntie 3 69600 Kaustinen FINLAND Kansanmusiikki-instituuttia hallinnoi Kansanmusiikki-instituutti ry. Y-tunnus 2476659-6 pankkitili OKOYFIHH FI16 512404 20041790Ajankohtaista<\/p>","protected":false},"author":1,"featured_media":0,"parent":0,"menu_order":0,"comment_status":"closed","ping_status":"closed","template":"","meta":{"_et_pb_use_builder":"on","_et_pb_old_content":"","_et_gb_content_width":"","footnotes":""},"class_list":["post-1588","page","type-page","status-publish","hentry"],"yoast_head":"<!-- This site is optimized with the Yoast SEO plugin v27.0 - https:\/\/yoast.com\/product\/yoast-seo-wordpress\/ -->\n<title>Ota yhteytt\u00e4 - Kansanmusiikki-instituutti<\/title>\n<meta name=\"robots\" content=\"index, follow, max-snippet:-1, max-image-preview:large, max-video-preview:-1\" \/>\n<link rel=\"canonical\" href=\"https:\/\/kansanmusiikki-instituutti.fi\/en\/ota-yhteytta\/\" \/>\n<meta property=\"og:locale\" content=\"en_GB\" \/>\n<meta property=\"og:type\" content=\"article\" \/>\n<meta property=\"og:title\" content=\"Ota yhteytt\u00e4 - Kansanmusiikki-instituutti\" \/>\n<meta property=\"og:description\" content=\"Ota yhteytt\u00e4 Toimimme Kaustisella Kansantaiteenkeskuksessa. Olemme avoinna arkisin klo 9\u201316. Vierailuista paikan p\u00e4\u00e4lle kannattaa sopia etuk\u00e4teen. K\u00e4ynti- ja postiosoite: Jyv\u00e4skyl\u00e4ntie 3 69600 Kaustinen FINLAND Kansanmusiikki-instituuttia hallinnoi Kansanmusiikki-instituutti ry. Y-tunnus 2476659-6 pankkitili OKOYFIHH FI16 512404 20041790Ajankohtaista\" \/>\n<meta property=\"og:url\" content=\"https:\/\/kansanmusiikki-instituutti.fi\/en\/ota-yhteytta\/\" \/>\n<meta property=\"og:site_name\" content=\"Kansanmusiikki-instituutti\" \/>\n<meta property=\"article:modified_time\" content=\"2024-02-09T10:09:08+00:00\" \/>\n<meta name=\"twitter:card\" content=\"summary_large_image\" \/>\n<meta name=\"twitter:label1\" content=\"Estimated reading time\" \/>\n\t<meta name=\"twitter:data1\" content=\"2 minutes\" \/>\n<script type=\"application\/ld+json\" class=\"yoast-schema-graph\">{\"@context\":\"https:\/\/schema.org\",\"@graph\":[{\"@type\":\"WebPage\",\"@id\":\"https:\/\/kansanmusiikki-instituutti.fi\/ota-yhteytta\/\",\"url\":\"https:\/\/kansanmusiikki-instituutti.fi\/ota-yhteytta\/\",\"name\":\"Ota yhteytt\u00e4 - Kansanmusiikki-instituutti\",\"isPartOf\":{\"@id\":\"https:\/\/kansanmusiikki-instituutti.fi\/#website\"},\"datePublished\":\"2021-01-12T09:01:12+00:00\",\"dateModified\":\"2024-02-09T10:09:08+00:00\",\"breadcrumb\":{\"@id\":\"https:\/\/kansanmusiikki-instituutti.fi\/ota-yhteytta\/#breadcrumb\"},\"inLanguage\":\"en-GB\",\"potentialAction\":[{\"@type\":\"ReadAction\",\"target\":[\"https:\/\/kansanmusiikki-instituutti.fi\/ota-yhteytta\/\"]}]},{\"@type\":\"BreadcrumbList\",\"@id\":\"https:\/\/kansanmusiikki-instituutti.fi\/ota-yhteytta\/#breadcrumb\",\"itemListElement\":[{\"@type\":\"ListItem\",\"position\":1,\"name\":\"Home\",\"item\":\"https:\/\/kansanmusiikki-instituutti.fi\/\"},{\"@type\":\"ListItem\",\"position\":2,\"name\":\"Ota yhteytt\u00e4\"}]},{\"@type\":\"WebSite\",\"@id\":\"https:\/\/kansanmusiikki-instituutti.fi\/#website\",\"url\":\"https:\/\/kansanmusiikki-instituutti.fi\/\",\"name\":\"Kansanmusiikki-instituutti\",\"description\":\"Finnish Folk Music Institute\",\"potentialAction\":[{\"@type\":\"SearchAction\",\"target\":{\"@type\":\"EntryPoint\",\"urlTemplate\":\"https:\/\/kansanmusiikki-instituutti.fi\/?s={search_term_string}\"},\"query-input\":{\"@type\":\"PropertyValueSpecification\",\"valueRequired\":true,\"valueName\":\"search_term_string\"}}],\"inLanguage\":\"en-GB\"}]}<\/script>\n<!-- \/ Yoast SEO plugin. -->","yoast_head_json":{"title":"Ota yhteytt\u00e4 - Kansanmusiikki-instituutti","robots":{"index":"index","follow":"follow","max-snippet":"max-snippet:-1","max-image-preview":"max-image-preview:large","max-video-preview":"max-video-preview:-1"},"canonical":"https:\/\/kansanmusiikki-instituutti.fi\/en\/ota-yhteytta\/","og_locale":"en_GB","og_type":"article","og_title":"Ota yhteytt\u00e4 - Kansanmusiikki-instituutti","og_description":"Ota yhteytt\u00e4 Toimimme Kaustisella Kansantaiteenkeskuksessa. Olemme avoinna arkisin klo 9\u201316. Vierailuista paikan p\u00e4\u00e4lle kannattaa sopia etuk\u00e4teen. K\u00e4ynti- ja postiosoite: Jyv\u00e4skyl\u00e4ntie 3 69600 Kaustinen FINLAND Kansanmusiikki-instituuttia hallinnoi Kansanmusiikki-instituutti ry. Y-tunnus 2476659-6 pankkitili OKOYFIHH FI16 512404 20041790Ajankohtaista","og_url":"https:\/\/kansanmusiikki-instituutti.fi\/en\/ota-yhteytta\/","og_site_name":"Kansanmusiikki-instituutti","article_modified_time":"2024-02-09T10:09:08+00:00","twitter_card":"summary_large_image","twitter_misc":{"Estimated reading time":"2 minutes"},"schema":{"@context":"https:\/\/schema.org","@graph":[{"@type":"WebPage","@id":"https:\/\/kansanmusiikki-instituutti.fi\/ota-yhteytta\/","url":"https:\/\/kansanmusiikki-instituutti.fi\/ota-yhteytta\/","name":"Ota yhteytt\u00e4 - Kansanmusiikki-instituutti","isPartOf":{"@id":"https:\/\/kansanmusiikki-instituutti.fi\/#website"},"datePublished":"2021-01-12T09:01:12+00:00","dateModified":"2024-02-09T10:09:08+00:00","breadcrumb":{"@id":"https:\/\/kansanmusiikki-instituutti.fi\/ota-yhteytta\/#breadcrumb"},"inLanguage":"en-GB","potentialAction":[{"@type":"ReadAction","target":["https:\/\/kansanmusiikki-instituutti.fi\/ota-yhteytta\/"]}]},{"@type":"BreadcrumbList","@id":"https:\/\/kansanmusiikki-instituutti.fi\/ota-yhteytta\/#breadcrumb","itemListElement":[{"@type":"ListItem","position":1,"name":"Home","item":"https:\/\/kansanmusiikki-instituutti.fi\/"},{"@type":"ListItem","position":2,"name":"Ota yhteytt\u00e4"}]},{"@type":"WebSite","@id":"https:\/\/kansanmusiikki-instituutti.fi\/#website","url":"https:\/\/kansanmusiikki-instituutti.fi\/","name":"The Finnish Folk Music Institute","description":"Finnish Folk Music Institute","potentialAction":[{"@type":"SearchAction","target":{"@type":"EntryPoint","urlTemplate":"https:\/\/kansanmusiikki-instituutti.fi\/?s={search_term_string}"},"query-input":{"@type":"PropertyValueSpecification","valueRequired":true,"valueName":"search_term_string"}}],"inLanguage":"en-GB"}]}},"_links":{"self":[{"href":"https:\/\/kansanmusiikki-instituutti.fi\/en\/wp-json\/wp\/v2\/pages\/1588","targetHints":{"allow":["GET"]}}],"collection":[{"href":"https:\/\/kansanmusiikki-instituutti.fi\/en\/wp-json\/wp\/v2\/pages"}],"about":[{"href":"https:\/\/kansanmusiikki-instituutti.fi\/en\/wp-json\/wp\/v2\/types\/page"}],"author":[{"embeddable":true,"href":"https:\/\/kansanmusiikki-instituutti.fi\/en\/wp-json\/wp\/v2\/users\/1"}],"replies":[{"embeddable":true,"href":"https:\/\/kansanmusiikki-instituutti.fi\/en\/wp-json\/wp\/v2\/comments?post=1588"}],"version-history":[{"count":5,"href":"https:\/\/kansanmusiikki-instituutti.fi\/en\/wp-json\/wp\/v2\/pages\/1588\/revisions"}],"predecessor-version":[{"id":2564,"href":"https:\/\/kansanmusiikki-instituutti.fi\/en\/wp-json\/wp\/v2\/pages\/1588\/revisions\/2564"}],"wp:attachment":[{"href":"https:\/\/kansanmusiikki-instituutti.fi\/en\/wp-json\/wp\/v2\/media?parent=1588"}],"curies":[{"name":"wp","href":"https:\/\/api.w.org\/{rel}","templated":true}]}}