{"id":1616,"date":"2021-01-12T12:21:37","date_gmt":"2021-01-12T12:21:37","guid":{"rendered":"https:\/\/kansanmusiikki-instituutti.fi\/?page_id=1616"},"modified":"2026-03-06T10:03:51","modified_gmt":"2026-03-06T10:03:51","slug":"aineeton-kulttuuriperinto","status":"publish","type":"page","link":"https:\/\/kansanmusiikki-instituutti.fi\/en\/aineeton-kulttuuriperinto\/","title":{"rendered":"Intangible Cultural Heritage"},"content":{"rendered":"<p>[et_pb_section fb_built=&#8221;1&#8243; _builder_version=&#8221;4.16&#8243; _module_preset=&#8221;default&#8221; background_enable_image=&#8221;off&#8221; parallax=&#8221;on&#8221; custom_padding=&#8221;29px||7px|||&#8221; global_colors_info=&#8221;{}&#8221;][et_pb_row column_structure=&#8221;2_3,1_3&#8243; _builder_version=&#8221;4.24.0&#8243; _module_preset=&#8221;default&#8221; animation_direction=&#8221;right&#8221; global_colors_info=&#8221;{}&#8221;][et_pb_column type=&#8221;2_3&#8243; _builder_version=&#8221;4.16&#8243; _module_preset=&#8221;default&#8221; background_color=&#8221;rgba(255,255,255,0.89)&#8221; global_colors_info=&#8221;{}&#8221;][et_pb_image src=&#8221;https:\/\/kansanmusiikki-instituutti.fi\/wp-content\/uploads\/2021\/02\/aineeton-2.jpg&#8221; alt=&#8221;Lapsipelimanneja yll\u00e4\u00e4n kaustislaisten uusi esiintymispuku, jonka Anneli Qveflander ja Irma Rewell suunnittelivat. Vas Tarmo Isokangas, Asko Hanhikoski, Kreeta-Maria Kentala, Kirsi-Marja Hiivala, Juha Timonen (viulu), Eija Finnil\u00e4, Sirpa Kattilakoski.&#8221; title_text=&#8221;aineeton 2&#8243; _builder_version=&#8221;4.16&#8243; _module_preset=&#8221;default&#8221; global_colors_info=&#8221;{}&#8221;][\/et_pb_image][et_pb_text _builder_version=&#8221;4.16&#8243; _module_preset=&#8221;default&#8221; global_colors_info=&#8221;{}&#8221;]<\/p>\n<h1>Aineeton kulttuuriperint\u00f6<\/h1>\n<p>Kansanmusiikki-instituutti akkreditoitiin Unescon aineettoman kulttuuriperinn\u00f6n suojelusopimuksen asiantuntijaj\u00e4rjest\u00f6ksi ensimm\u00e4isen\u00e4 organisaationa Suomessa (2018).<\/p>\n<p>Unescon yleissopimus aineettoman kulttuuriperinn\u00f6n suojelemisesta hyv\u00e4ksyttiin vuonna 2003. Sopimuksessa on mukana 185 valtiota. Unescon sopimuksessa aineettomalla kulttuuriperinn\u00f6ll\u00e4 tarkoitetaan \u201dk\u00e4yt\u00e4nt\u00f6j\u00e4, kuvauksia, ilmauksia, tietoa, taitoja [\u2013] jotka yhteis\u00f6t [\u2013] tunnustavat osaksi kulttuuriperint\u00f6\u00e4\u00e4n\u201d. Aineeton kulttuuriperint\u00f6 voi olla esimerkiksi suullista perinnett\u00e4, esitt\u00e4v\u00e4\u00e4 taidetta, sosiaalisen el\u00e4m\u00e4n k\u00e4yt\u00e4nt\u00f6j\u00e4, rituaaleja ja juhlamenoja tai luontoa ja maailmankaikkeutta koskevia tietoja, taitoja ja k\u00e4yt\u00e4nt\u00f6j\u00e4.<\/p>\n<p>Toimimme aineettoman kulttuuriperinn\u00f6n suojelun edist\u00e4miseksi ja Unesco-sopimuksen tavoitteiden toteuttamiseksi sek\u00e4 kotimaassa ett\u00e4 kansainv\u00e4lisesti yhteisty\u00f6ss\u00e4 muiden j\u00e4rjest\u00f6jen, perinneyhteis\u00f6jen ja Museoviraston ja muiden viranomaisten kanssa. Aineettoman kulttuuriperinn\u00f6n osaamisohjelmamme t\u00e4ht\u00e4\u00e4 kansalaisj\u00e4rjest\u00f6jen sitouttamiseen aineettoman kulttuuriperinn\u00f6n suojelemiseen, hyvien suojeluk\u00e4yt\u00e4nteiden kokoamiseen, innovointiin ja levitt\u00e4miseen, alan tutkimuksen kehitt\u00e4miseen ja yhteisty\u00f6n luomiseen sek\u00e4 kulttuurisen kest\u00e4v\u00e4n kehityksen huomioimiseen keskeisen\u00e4 osana kest\u00e4v\u00e4n kehityksen tavoitteita.<\/p>\n<p>Kaustinen ICH Academy \u2011ohjelmamme koostuu tutkija- ja opiskelijavierailuista sek\u00e4 luento\u2011 ja seminaarikokonaisuudesta Kaustisen kansanmusiikkijuhlien yhteydess\u00e4.<\/p>\n<p>Kotimaassa toimimme mm. kansanmusiikin ja kansantanssin el\u00e4v\u00e4n perinn\u00f6n ringiss\u00e4, kansallisessa aineettoman kulttuuriperinn\u00f6n asiantuntijaryhm\u00e4ss\u00e4 sek\u00e4 Suomen aineettoman kulttuuriperinn\u00f6n yhdistyksess\u00e4. Kaustisen kansanmusiikkijuhlien El\u00e4v\u00e4n perinn\u00f6n pisteell\u00e4 eri aineettoman kulttuuriperinn\u00f6n alat esitt\u00e4ytyv\u00e4t mm. haastattelujen, esiintymisien ja ty\u00f6n\u00e4yt\u00f6sten kautta.<\/p>\n<p>Kansainv\u00e4lisesti toimimme mm. Unesco-akkreditoitujen j\u00e4rjest\u00f6jen katto-organisaatio <span><a href=\"http:\/\/www.ichngoforum.org\/\">ICH NGO Forumissa<\/a>, Unesco-sopimuksen fasilitaattorien verkostossa ja<\/span> <span><a href=\"https:\/\/safeguardingpractices.com\/the-nordic-and-baltic-network-on-intangible-cultural-heritage\/\">pohjoismais-baltialaisessa aineettoman kulttuuriperinn\u00f6n verkostossa<\/a><\/span>.<\/p>\n<p>&nbsp;<\/p>\n<p>[\/et_pb_text][\/et_pb_column][et_pb_column type=&#8221;1_3&#8243; _builder_version=&#8221;4.24.0&#8243; _module_preset=&#8221;default&#8221; sticky_limit_bottom=&#8221;row&#8221; sticky_position_tablet=&#8221;none&#8221; sticky_position_phone=&#8221;&#8221; sticky_position_last_edited=&#8221;on|desktop&#8221; global_colors_info=&#8221;{}&#8221;][et_pb_sidebar _builder_version=&#8221;4.27.3&#8243; _module_preset=&#8221;default&#8221; header_font=&#8221;||||||||&#8221; custom_padding=&#8221;24px|24px|0px|24px|false|true&#8221; sticky_limit_bottom=&#8221;row&#8221; sticky_position_tablet=&#8221;none&#8221; sticky_position_phone=&#8221;&#8221; sticky_position_last_edited=&#8221;on|phone&#8221; border_width_all=&#8221;1px&#8221; border_color_all=&#8221;rgba(51,51,51,0.43)&#8221; global_module=&#8221;1538&#8243; saved_tabs=&#8221;all&#8221; global_colors_info=&#8221;{}&#8221;][\/et_pb_sidebar][et_pb_sidebar area=&#8221;sidebar-3&#8243; _builder_version=&#8221;4.27.3&#8243; _module_preset=&#8221;default&#8221; custom_padding=&#8221;24px|24px|24px|24px|true|true&#8221; sticky_limit_bottom=&#8221;row&#8221; border_width_all=&#8221;1px&#8221; border_color_all=&#8221;rgba(51,51,51,0.39)&#8221; locked=&#8221;off&#8221; global_colors_info=&#8221;{}&#8221;][\/et_pb_sidebar][\/et_pb_column][\/et_pb_row][et_pb_row _builder_version=&#8221;4.16&#8243; _module_preset=&#8221;default&#8221; custom_padding=&#8221;||4px|||&#8221; global_colors_info=&#8221;{}&#8221;][et_pb_column type=&#8221;4_4&#8243; _builder_version=&#8221;4.16&#8243; _module_preset=&#8221;default&#8221; global_colors_info=&#8221;{}&#8221;][et_pb_divider _builder_version=&#8221;4.16&#8243; _module_preset=&#8221;default&#8221; global_colors_info=&#8221;{}&#8221;][\/et_pb_divider][\/et_pb_column][\/et_pb_row][\/et_pb_section][et_pb_section fb_built=&#8221;1&#8243; _builder_version=&#8221;4.6.6&#8243; _module_preset=&#8221;default&#8221; custom_padding=&#8221;29px|||||&#8221; global_module=&#8221;1551&#8243; saved_tabs=&#8221;all&#8221; global_colors_info=&#8221;{}&#8221;][et_pb_row use_custom_gutter=&#8221;on&#8221; gutter_width=&#8221;2&#8243; _builder_version=&#8221;4.24.2&#8243; _module_preset=&#8221;default&#8221; width=&#8221;70%&#8221; width_tablet=&#8221;90%&#8221; width_phone=&#8221;&#8221; width_last_edited=&#8221;on|tablet&#8221; custom_padding=&#8221;27px|||||&#8221; global_colors_info=&#8221;{}&#8221;][et_pb_column type=&#8221;4_4&#8243; _builder_version=&#8221;4.16&#8243; _module_preset=&#8221;default&#8221; global_colors_info=&#8221;{}&#8221;][et_pb_text _builder_version=&#8221;4.24.2&#8243; _module_preset=&#8221;default&#8221; header_2_font_size=&#8221;2vw&#8221; custom_margin=&#8221;||40px|||&#8221; header_2_font_size_tablet=&#8221;4vw&#8221; header_2_font_size_phone=&#8221;7vw&#8221; header_2_font_size_last_edited=&#8221;on|phone&#8221; border_width_bottom=&#8221;1px&#8221; global_colors_info=&#8221;{}&#8221;]<\/p>\n<h2>Ajankohtaista<\/h2>\n<p>[\/et_pb_text][et_pb_blog fullwidth=&#8221;off&#8221; posts_number=&#8221;3&#8243; meta_date=&#8221;j.m.Y&#8221; use_manual_excerpt=&#8221;off&#8221; excerpt_length=&#8221;200&#8243; show_author=&#8221;off&#8221; show_categories=&#8221;off&#8221; show_excerpt=&#8221;off&#8221; _builder_version=&#8221;4.24.0&#8243; _module_preset=&#8221;default&#8221; body_line_height=&#8221;1.6em&#8221; pagination_font=&#8221;|800||on|||||&#8221; pagination_text_color=&#8221;#000000&#8243; pagination_font_size=&#8221;14px&#8221; background_color=&#8221;rgba(0,0,0,0)&#8221; text_orientation=&#8221;center&#8221; border_color_all=&#8221;#000000&#8243; border_width_top=&#8221;10px&#8221; border_color_top=&#8221;gcid-9253885b-3508-44a2-9922-3a4034f3e389&#8243; global_colors_info=&#8221;{%22gcid-9253885b-3508-44a2-9922-3a4034f3e389%22:%91%22border_color_top%22%93}&#8221;][\/et_pb_blog][\/et_pb_column][\/et_pb_row][\/et_pb_section]<\/p>\n","protected":false},"excerpt":{"rendered":"<p>Aineeton kulttuuriperint\u00f6 Kansanmusiikki-instituutti akkreditoitiin Unescon aineettoman kulttuuriperinn\u00f6n suojelusopimuksen asiantuntijaj\u00e4rjest\u00f6ksi ensimm\u00e4isen\u00e4 organisaationa Suomessa (2018). Unescon yleissopimus aineettoman kulttuuriperinn\u00f6n suojelemisesta hyv\u00e4ksyttiin vuonna 2003. Sopimuksessa on mukana 185 valtiota. Unescon sopimuksessa aineettomalla kulttuuriperinn\u00f6ll\u00e4 tarkoitetaan \u201dk\u00e4yt\u00e4nt\u00f6j\u00e4, kuvauksia, ilmauksia, tietoa, taitoja [\u2013] jotka yhteis\u00f6t [\u2013] tunnustavat osaksi kulttuuriperint\u00f6\u00e4\u00e4n\u201d. Aineeton kulttuuriperint\u00f6 voi olla esimerkiksi suullista perinnett\u00e4, esitt\u00e4v\u00e4\u00e4 taidetta, sosiaalisen el\u00e4m\u00e4n k\u00e4yt\u00e4nt\u00f6j\u00e4, [&hellip;]<\/p>\n","protected":false},"author":1,"featured_media":0,"parent":0,"menu_order":0,"comment_status":"closed","ping_status":"closed","template":"","meta":{"_et_pb_use_builder":"on","_et_pb_old_content":"","_et_gb_content_width":"","footnotes":""},"class_list":["post-1616","page","type-page","status-publish","hentry"],"yoast_head":"<!-- This site is optimized with the Yoast SEO plugin v27.0 - https:\/\/yoast.com\/product\/yoast-seo-wordpress\/ -->\n<title>Aineeton kulttuuriperint\u00f6 - Kansanmusiikki-instituutti<\/title>\n<meta name=\"robots\" content=\"index, follow, max-snippet:-1, max-image-preview:large, max-video-preview:-1\" \/>\n<link rel=\"canonical\" href=\"https:\/\/kansanmusiikki-instituutti.fi\/en\/aineeton-kulttuuriperinto\/\" \/>\n<meta property=\"og:locale\" content=\"en_GB\" \/>\n<meta property=\"og:type\" content=\"article\" \/>\n<meta property=\"og:title\" content=\"Aineeton kulttuuriperint\u00f6 - Kansanmusiikki-instituutti\" \/>\n<meta property=\"og:description\" content=\"Aineeton kulttuuriperint\u00f6 Kansanmusiikki-instituutti akkreditoitiin Unescon aineettoman kulttuuriperinn\u00f6n suojelusopimuksen asiantuntijaj\u00e4rjest\u00f6ksi ensimm\u00e4isen\u00e4 organisaationa Suomessa (2018). Unescon yleissopimus aineettoman kulttuuriperinn\u00f6n suojelemisesta hyv\u00e4ksyttiin vuonna 2003. Sopimuksessa on mukana 185 valtiota. Unescon sopimuksessa aineettomalla kulttuuriperinn\u00f6ll\u00e4 tarkoitetaan \u201dk\u00e4yt\u00e4nt\u00f6j\u00e4, kuvauksia, ilmauksia, tietoa, taitoja [\u2013] jotka yhteis\u00f6t [\u2013] tunnustavat osaksi kulttuuriperint\u00f6\u00e4\u00e4n\u201d. Aineeton kulttuuriperint\u00f6 voi olla esimerkiksi suullista perinnett\u00e4, esitt\u00e4v\u00e4\u00e4 taidetta, sosiaalisen el\u00e4m\u00e4n k\u00e4yt\u00e4nt\u00f6j\u00e4, [&hellip;]\" \/>\n<meta property=\"og:url\" content=\"https:\/\/kansanmusiikki-instituutti.fi\/en\/aineeton-kulttuuriperinto\/\" \/>\n<meta property=\"og:site_name\" content=\"Kansanmusiikki-instituutti\" \/>\n<meta property=\"article:modified_time\" content=\"2026-03-06T10:03:51+00:00\" \/>\n<meta name=\"twitter:card\" content=\"summary_large_image\" \/>\n<meta name=\"twitter:label1\" content=\"Estimated reading time\" \/>\n\t<meta name=\"twitter:data1\" content=\"4 minutes\" \/>\n<script type=\"application\/ld+json\" class=\"yoast-schema-graph\">{\"@context\":\"https:\/\/schema.org\",\"@graph\":[{\"@type\":\"WebPage\",\"@id\":\"https:\/\/kansanmusiikki-instituutti.fi\/aineeton-kulttuuriperinto\/\",\"url\":\"https:\/\/kansanmusiikki-instituutti.fi\/aineeton-kulttuuriperinto\/\",\"name\":\"Aineeton kulttuuriperint\u00f6 - Kansanmusiikki-instituutti\",\"isPartOf\":{\"@id\":\"https:\/\/kansanmusiikki-instituutti.fi\/#website\"},\"datePublished\":\"2021-01-12T12:21:37+00:00\",\"dateModified\":\"2026-03-06T10:03:51+00:00\",\"breadcrumb\":{\"@id\":\"https:\/\/kansanmusiikki-instituutti.fi\/aineeton-kulttuuriperinto\/#breadcrumb\"},\"inLanguage\":\"en-GB\",\"potentialAction\":[{\"@type\":\"ReadAction\",\"target\":[\"https:\/\/kansanmusiikki-instituutti.fi\/aineeton-kulttuuriperinto\/\"]}]},{\"@type\":\"BreadcrumbList\",\"@id\":\"https:\/\/kansanmusiikki-instituutti.fi\/aineeton-kulttuuriperinto\/#breadcrumb\",\"itemListElement\":[{\"@type\":\"ListItem\",\"position\":1,\"name\":\"Home\",\"item\":\"https:\/\/kansanmusiikki-instituutti.fi\/\"},{\"@type\":\"ListItem\",\"position\":2,\"name\":\"Aineeton kulttuuriperint\u00f6\"}]},{\"@type\":\"WebSite\",\"@id\":\"https:\/\/kansanmusiikki-instituutti.fi\/#website\",\"url\":\"https:\/\/kansanmusiikki-instituutti.fi\/\",\"name\":\"Kansanmusiikki-instituutti\",\"description\":\"Finnish Folk Music Institute\",\"potentialAction\":[{\"@type\":\"SearchAction\",\"target\":{\"@type\":\"EntryPoint\",\"urlTemplate\":\"https:\/\/kansanmusiikki-instituutti.fi\/?s={search_term_string}\"},\"query-input\":{\"@type\":\"PropertyValueSpecification\",\"valueRequired\":true,\"valueName\":\"search_term_string\"}}],\"inLanguage\":\"en-GB\"}]}<\/script>\n<!-- \/ Yoast SEO plugin. -->","yoast_head_json":{"title":"Aineeton kulttuuriperint\u00f6 - Kansanmusiikki-instituutti","robots":{"index":"index","follow":"follow","max-snippet":"max-snippet:-1","max-image-preview":"max-image-preview:large","max-video-preview":"max-video-preview:-1"},"canonical":"https:\/\/kansanmusiikki-instituutti.fi\/en\/aineeton-kulttuuriperinto\/","og_locale":"en_GB","og_type":"article","og_title":"Aineeton kulttuuriperint\u00f6 - Kansanmusiikki-instituutti","og_description":"Aineeton kulttuuriperint\u00f6 Kansanmusiikki-instituutti akkreditoitiin Unescon aineettoman kulttuuriperinn\u00f6n suojelusopimuksen asiantuntijaj\u00e4rjest\u00f6ksi ensimm\u00e4isen\u00e4 organisaationa Suomessa (2018). Unescon yleissopimus aineettoman kulttuuriperinn\u00f6n suojelemisesta hyv\u00e4ksyttiin vuonna 2003. Sopimuksessa on mukana 185 valtiota. Unescon sopimuksessa aineettomalla kulttuuriperinn\u00f6ll\u00e4 tarkoitetaan \u201dk\u00e4yt\u00e4nt\u00f6j\u00e4, kuvauksia, ilmauksia, tietoa, taitoja [\u2013] jotka yhteis\u00f6t [\u2013] tunnustavat osaksi kulttuuriperint\u00f6\u00e4\u00e4n\u201d. Aineeton kulttuuriperint\u00f6 voi olla esimerkiksi suullista perinnett\u00e4, esitt\u00e4v\u00e4\u00e4 taidetta, sosiaalisen el\u00e4m\u00e4n k\u00e4yt\u00e4nt\u00f6j\u00e4, [&hellip;]","og_url":"https:\/\/kansanmusiikki-instituutti.fi\/en\/aineeton-kulttuuriperinto\/","og_site_name":"Kansanmusiikki-instituutti","article_modified_time":"2026-03-06T10:03:51+00:00","twitter_card":"summary_large_image","twitter_misc":{"Estimated reading time":"4 minutes"},"schema":{"@context":"https:\/\/schema.org","@graph":[{"@type":"WebPage","@id":"https:\/\/kansanmusiikki-instituutti.fi\/aineeton-kulttuuriperinto\/","url":"https:\/\/kansanmusiikki-instituutti.fi\/aineeton-kulttuuriperinto\/","name":"Aineeton kulttuuriperint\u00f6 - Kansanmusiikki-instituutti","isPartOf":{"@id":"https:\/\/kansanmusiikki-instituutti.fi\/#website"},"datePublished":"2021-01-12T12:21:37+00:00","dateModified":"2026-03-06T10:03:51+00:00","breadcrumb":{"@id":"https:\/\/kansanmusiikki-instituutti.fi\/aineeton-kulttuuriperinto\/#breadcrumb"},"inLanguage":"en-GB","potentialAction":[{"@type":"ReadAction","target":["https:\/\/kansanmusiikki-instituutti.fi\/aineeton-kulttuuriperinto\/"]}]},{"@type":"BreadcrumbList","@id":"https:\/\/kansanmusiikki-instituutti.fi\/aineeton-kulttuuriperinto\/#breadcrumb","itemListElement":[{"@type":"ListItem","position":1,"name":"Home","item":"https:\/\/kansanmusiikki-instituutti.fi\/"},{"@type":"ListItem","position":2,"name":"Aineeton kulttuuriperint\u00f6"}]},{"@type":"WebSite","@id":"https:\/\/kansanmusiikki-instituutti.fi\/#website","url":"https:\/\/kansanmusiikki-instituutti.fi\/","name":"The Finnish Folk Music Institute","description":"Finnish Folk Music Institute","potentialAction":[{"@type":"SearchAction","target":{"@type":"EntryPoint","urlTemplate":"https:\/\/kansanmusiikki-instituutti.fi\/?s={search_term_string}"},"query-input":{"@type":"PropertyValueSpecification","valueRequired":true,"valueName":"search_term_string"}}],"inLanguage":"en-GB"}]}},"_links":{"self":[{"href":"https:\/\/kansanmusiikki-instituutti.fi\/en\/wp-json\/wp\/v2\/pages\/1616","targetHints":{"allow":["GET"]}}],"collection":[{"href":"https:\/\/kansanmusiikki-instituutti.fi\/en\/wp-json\/wp\/v2\/pages"}],"about":[{"href":"https:\/\/kansanmusiikki-instituutti.fi\/en\/wp-json\/wp\/v2\/types\/page"}],"author":[{"embeddable":true,"href":"https:\/\/kansanmusiikki-instituutti.fi\/en\/wp-json\/wp\/v2\/users\/1"}],"replies":[{"embeddable":true,"href":"https:\/\/kansanmusiikki-instituutti.fi\/en\/wp-json\/wp\/v2\/comments?post=1616"}],"version-history":[{"count":21,"href":"https:\/\/kansanmusiikki-instituutti.fi\/en\/wp-json\/wp\/v2\/pages\/1616\/revisions"}],"predecessor-version":[{"id":3403,"href":"https:\/\/kansanmusiikki-instituutti.fi\/en\/wp-json\/wp\/v2\/pages\/1616\/revisions\/3403"}],"wp:attachment":[{"href":"https:\/\/kansanmusiikki-instituutti.fi\/en\/wp-json\/wp\/v2\/media?parent=1616"}],"curies":[{"name":"wp","href":"https:\/\/api.w.org\/{rel}","templated":true}]}}