{"id":1629,"date":"2021-01-12T13:13:21","date_gmt":"2021-01-12T13:13:21","guid":{"rendered":"https:\/\/kansanmusiikki-instituutti.fi\/?page_id=1629"},"modified":"2026-03-06T10:05:19","modified_gmt":"2026-03-06T10:05:19","slug":"suomen-kansansoitinmuseo","status":"publish","type":"page","link":"https:\/\/kansanmusiikki-instituutti.fi\/en\/suomen-kansansoitinmuseo\/","title":{"rendered":"The Finnish Folk Instrument Museum"},"content":{"rendered":"<p>[et_pb_section fb_built=&#8221;1&#8243; _builder_version=&#8221;4.16&#8243; _module_preset=&#8221;default&#8221; background_enable_image=&#8221;off&#8221; parallax=&#8221;on&#8221; custom_padding=&#8221;||7px|||&#8221; global_colors_info=&#8221;{}&#8221;][et_pb_row column_structure=&#8221;2_3,1_3&#8243; _builder_version=&#8221;4.16&#8243; _module_preset=&#8221;default&#8221; animation_direction=&#8221;right&#8221; global_colors_info=&#8221;{}&#8221;][et_pb_column type=&#8221;2_3&#8243; _builder_version=&#8221;4.16&#8243; _module_preset=&#8221;default&#8221; background_color=&#8221;rgba(255,255,255,0.89)&#8221; global_colors_info=&#8221;{}&#8221;][et_pb_image src=&#8221;https:\/\/kansanmusiikki-instituutti.fi\/wp-content\/uploads\/2023\/01\/Museo_Valle_lr_-2479.jpg&#8221; alt=&#8221;Lapsi kuuntelee \u00e4\u00e4nin\u00e4ytett\u00e4 Suomen Kansansoitinmuseossa&#8221; title_text=&#8221;Museo_Valle_lr_-2479&#8243; _builder_version=&#8221;4.16&#8243; _module_preset=&#8221;default&#8221; global_colors_info=&#8221;{}&#8221;][\/et_pb_image][et_pb_text _builder_version=&#8221;4.16&#8243; _module_preset=&#8221;default&#8221; global_colors_info=&#8221;{}&#8221;]<\/p>\n<h1>Suomen kansansoitinmuseo<\/h1>\n<p>Kansanmusiikki-instituutin yll\u00e4pit\u00e4m\u00e4 Suomen kansansoitinmuseo sijaitsee Kaustisella Kansantaiteenkeskuksessa. Museon kokoelmissa on yli tuhat soitinta, jotka kuuluvat Tampereen yliopiston, Kansanmusiikki-instituutin ja Suomen kansansoitinmuseon kokoelmiin. Eniten kokoelmissa on viime vuosisadan pelimannisoittimia.<\/p>\n<p>Museon perusn\u00e4yttely <em>Kaustislainen viulunsoitto \u2013 el\u00e4v\u00e4 perint\u00f6<\/em> esittelee monipuolisesti Kaustisen ja l\u00e4hialueen musiikkiperint\u00f6\u00e4, joka liitettiin vuonna 2021 Unescon ihmiskunnan aineettoman kulttuuriperinn\u00f6n luetteloon. Esineisiin, kuviin ja \u00e4\u00e4niin tutustumisen lis\u00e4ksi n\u00e4yttelyvieras p\u00e4\u00e4see ohjausvideoiden avulla itse mukaan el\u00e4v\u00e4\u00e4n perinteeseen: soittamaan viululla Tutskovin polskaa, kanteleella Halsuan valssia, harmoonilla Maalarin Franssin sotiisia tai tanssimaan kaustislaista flikuleeria. Lapset p\u00e4\u00e4sev\u00e4t tutkimaan aihetta my\u00f6s Soitinsalapoliisin ja Tarkan tutkijan teht\u00e4v\u00e4korttien avulla. N\u00e4yttely on kolmikielinen (suomi, ruotsi, englanti).<\/p>\n<p>Suomen Kansansoitinmuseon soittimista p\u00e4\u00e4osa on luetteloitu ja kuvattu Kansanmusiikki-instituutin tietokantaamme.<\/p>\n<p>Museoon on maksuton p\u00e4\u00e4sy, ja se on avoinna arkisin klo 10\u201316, ryhmille sopimuksen mukaan ja Kaustisen kansanmusiikkijuhlien aikana aamusta iltaan. <span><a href=\"https:\/\/kansanmusiikki-instituutti.fi\/henkilokunta\/\">Ota yhteytt\u00e4 museonhoitajaan<\/a><\/span> ja tilaa esittely, luento, ty\u00f6paja tai muu ryhm\u00e4llesi sopiva kansanmusiikkitilaisuus.<\/p>\n<p>&nbsp;<\/p>\n<p>[\/et_pb_text][\/et_pb_column][et_pb_column type=&#8221;1_3&#8243; _builder_version=&#8221;4.16&#8243; _module_preset=&#8221;default&#8221; global_colors_info=&#8221;{}&#8221;][et_pb_sidebar _builder_version=&#8221;4.27.3&#8243; _module_preset=&#8221;default&#8221; header_font=&#8221;||||||||&#8221; custom_padding=&#8221;24px|24px|0px|24px|false|true&#8221; sticky_limit_bottom=&#8221;row&#8221; sticky_position_tablet=&#8221;none&#8221; sticky_position_phone=&#8221;&#8221; sticky_position_last_edited=&#8221;on|phone&#8221; border_width_all=&#8221;1px&#8221; border_color_all=&#8221;rgba(51,51,51,0.43)&#8221; global_module=&#8221;1538&#8243; saved_tabs=&#8221;all&#8221; global_colors_info=&#8221;{}&#8221;][\/et_pb_sidebar][\/et_pb_column][\/et_pb_row][et_pb_row _builder_version=&#8221;4.16&#8243; _module_preset=&#8221;default&#8221; custom_padding=&#8221;||4px|||&#8221; global_colors_info=&#8221;{}&#8221;][et_pb_column type=&#8221;4_4&#8243; _builder_version=&#8221;4.16&#8243; _module_preset=&#8221;default&#8221; global_colors_info=&#8221;{}&#8221;][et_pb_divider _builder_version=&#8221;4.16&#8243; _module_preset=&#8221;default&#8221; global_colors_info=&#8221;{}&#8221;][\/et_pb_divider][\/et_pb_column][\/et_pb_row][\/et_pb_section][et_pb_section fb_built=&#8221;1&#8243; _builder_version=&#8221;4.6.6&#8243; _module_preset=&#8221;default&#8221; custom_padding=&#8221;29px|||||&#8221; global_module=&#8221;1551&#8243; saved_tabs=&#8221;all&#8221; global_colors_info=&#8221;{}&#8221;][et_pb_row use_custom_gutter=&#8221;on&#8221; gutter_width=&#8221;2&#8243; _builder_version=&#8221;4.24.2&#8243; _module_preset=&#8221;default&#8221; width=&#8221;70%&#8221; width_tablet=&#8221;90%&#8221; width_phone=&#8221;&#8221; width_last_edited=&#8221;on|tablet&#8221; custom_padding=&#8221;27px|||||&#8221; global_colors_info=&#8221;{}&#8221;][et_pb_column type=&#8221;4_4&#8243; _builder_version=&#8221;4.16&#8243; _module_preset=&#8221;default&#8221; global_colors_info=&#8221;{}&#8221;][et_pb_text _builder_version=&#8221;4.24.2&#8243; _module_preset=&#8221;default&#8221; header_2_font_size=&#8221;2vw&#8221; custom_margin=&#8221;||40px|||&#8221; header_2_font_size_tablet=&#8221;4vw&#8221; header_2_font_size_phone=&#8221;7vw&#8221; header_2_font_size_last_edited=&#8221;on|phone&#8221; border_width_bottom=&#8221;1px&#8221; global_colors_info=&#8221;{}&#8221;]<\/p>\n<h2>Ajankohtaista<\/h2>\n<p>[\/et_pb_text][et_pb_blog fullwidth=&#8221;off&#8221; posts_number=&#8221;3&#8243; meta_date=&#8221;j.m.Y&#8221; use_manual_excerpt=&#8221;off&#8221; excerpt_length=&#8221;200&#8243; show_author=&#8221;off&#8221; show_categories=&#8221;off&#8221; show_excerpt=&#8221;off&#8221; _builder_version=&#8221;4.24.0&#8243; _module_preset=&#8221;default&#8221; body_line_height=&#8221;1.6em&#8221; pagination_font=&#8221;|800||on|||||&#8221; pagination_text_color=&#8221;#000000&#8243; pagination_font_size=&#8221;14px&#8221; background_color=&#8221;rgba(0,0,0,0)&#8221; text_orientation=&#8221;center&#8221; border_color_all=&#8221;#000000&#8243; border_width_top=&#8221;10px&#8221; border_color_top=&#8221;gcid-9253885b-3508-44a2-9922-3a4034f3e389&#8243; global_colors_info=&#8221;{%22gcid-9253885b-3508-44a2-9922-3a4034f3e389%22:%91%22border_color_top%22%93}&#8221;][\/et_pb_blog][\/et_pb_column][\/et_pb_row][\/et_pb_section]<\/p>\n","protected":false},"excerpt":{"rendered":"<p>Suomen kansansoitinmuseo Kansanmusiikki-instituutin yll\u00e4pit\u00e4m\u00e4 Suomen kansansoitinmuseo sijaitsee Kaustisella Kansantaiteenkeskuksessa. Museon kokoelmissa on yli tuhat soitinta, jotka kuuluvat Tampereen yliopiston, Kansanmusiikki-instituutin ja Suomen kansansoitinmuseon kokoelmiin. Eniten kokoelmissa on viime vuosisadan pelimannisoittimia. Museon perusn\u00e4yttely Kaustislainen viulunsoitto \u2013 el\u00e4v\u00e4 perint\u00f6 esittelee monipuolisesti Kaustisen ja l\u00e4hialueen musiikkiperint\u00f6\u00e4, joka liitettiin vuonna 2021 Unescon ihmiskunnan aineettoman kulttuuriperinn\u00f6n luetteloon. Esineisiin, kuviin ja [&hellip;]<\/p>\n","protected":false},"author":1,"featured_media":0,"parent":0,"menu_order":0,"comment_status":"closed","ping_status":"closed","template":"","meta":{"_et_pb_use_builder":"on","_et_pb_old_content":"","_et_gb_content_width":"","footnotes":""},"class_list":["post-1629","page","type-page","status-publish","hentry"],"yoast_head":"<!-- This site is optimized with the Yoast SEO plugin v27.0 - https:\/\/yoast.com\/product\/yoast-seo-wordpress\/ -->\n<title>Suomen kansansoitinmuseo - Kansanmusiikki-instituutti<\/title>\n<meta name=\"robots\" content=\"index, follow, max-snippet:-1, max-image-preview:large, max-video-preview:-1\" \/>\n<link rel=\"canonical\" href=\"https:\/\/kansanmusiikki-instituutti.fi\/en\/suomen-kansansoitinmuseo\/\" \/>\n<meta property=\"og:locale\" content=\"en_GB\" \/>\n<meta property=\"og:type\" content=\"article\" \/>\n<meta property=\"og:title\" content=\"Suomen kansansoitinmuseo - Kansanmusiikki-instituutti\" \/>\n<meta property=\"og:description\" content=\"Suomen kansansoitinmuseo Kansanmusiikki-instituutin yll\u00e4pit\u00e4m\u00e4 Suomen kansansoitinmuseo sijaitsee Kaustisella Kansantaiteenkeskuksessa. Museon kokoelmissa on yli tuhat soitinta, jotka kuuluvat Tampereen yliopiston, Kansanmusiikki-instituutin ja Suomen kansansoitinmuseon kokoelmiin. Eniten kokoelmissa on viime vuosisadan pelimannisoittimia. Museon perusn\u00e4yttely Kaustislainen viulunsoitto \u2013 el\u00e4v\u00e4 perint\u00f6 esittelee monipuolisesti Kaustisen ja l\u00e4hialueen musiikkiperint\u00f6\u00e4, joka liitettiin vuonna 2021 Unescon ihmiskunnan aineettoman kulttuuriperinn\u00f6n luetteloon. Esineisiin, kuviin ja [&hellip;]\" \/>\n<meta property=\"og:url\" content=\"https:\/\/kansanmusiikki-instituutti.fi\/en\/suomen-kansansoitinmuseo\/\" \/>\n<meta property=\"og:site_name\" content=\"Kansanmusiikki-instituutti\" \/>\n<meta property=\"article:modified_time\" content=\"2026-03-06T10:05:19+00:00\" \/>\n<meta name=\"twitter:card\" content=\"summary_large_image\" \/>\n<meta name=\"twitter:label1\" content=\"Estimated reading time\" \/>\n\t<meta name=\"twitter:data1\" content=\"2 minutes\" \/>\n<script type=\"application\/ld+json\" class=\"yoast-schema-graph\">{\"@context\":\"https:\/\/schema.org\",\"@graph\":[{\"@type\":\"WebPage\",\"@id\":\"https:\/\/kansanmusiikki-instituutti.fi\/suomen-kansansoitinmuseo\/\",\"url\":\"https:\/\/kansanmusiikki-instituutti.fi\/suomen-kansansoitinmuseo\/\",\"name\":\"Suomen kansansoitinmuseo - Kansanmusiikki-instituutti\",\"isPartOf\":{\"@id\":\"https:\/\/kansanmusiikki-instituutti.fi\/#website\"},\"datePublished\":\"2021-01-12T13:13:21+00:00\",\"dateModified\":\"2026-03-06T10:05:19+00:00\",\"breadcrumb\":{\"@id\":\"https:\/\/kansanmusiikki-instituutti.fi\/suomen-kansansoitinmuseo\/#breadcrumb\"},\"inLanguage\":\"en-GB\",\"potentialAction\":[{\"@type\":\"ReadAction\",\"target\":[\"https:\/\/kansanmusiikki-instituutti.fi\/suomen-kansansoitinmuseo\/\"]}]},{\"@type\":\"BreadcrumbList\",\"@id\":\"https:\/\/kansanmusiikki-instituutti.fi\/suomen-kansansoitinmuseo\/#breadcrumb\",\"itemListElement\":[{\"@type\":\"ListItem\",\"position\":1,\"name\":\"Home\",\"item\":\"https:\/\/kansanmusiikki-instituutti.fi\/\"},{\"@type\":\"ListItem\",\"position\":2,\"name\":\"Suomen kansansoitinmuseo\"}]},{\"@type\":\"WebSite\",\"@id\":\"https:\/\/kansanmusiikki-instituutti.fi\/#website\",\"url\":\"https:\/\/kansanmusiikki-instituutti.fi\/\",\"name\":\"Kansanmusiikki-instituutti\",\"description\":\"Finnish Folk Music Institute\",\"potentialAction\":[{\"@type\":\"SearchAction\",\"target\":{\"@type\":\"EntryPoint\",\"urlTemplate\":\"https:\/\/kansanmusiikki-instituutti.fi\/?s={search_term_string}\"},\"query-input\":{\"@type\":\"PropertyValueSpecification\",\"valueRequired\":true,\"valueName\":\"search_term_string\"}}],\"inLanguage\":\"en-GB\"}]}<\/script>\n<!-- \/ Yoast SEO plugin. -->","yoast_head_json":{"title":"Suomen kansansoitinmuseo - Kansanmusiikki-instituutti","robots":{"index":"index","follow":"follow","max-snippet":"max-snippet:-1","max-image-preview":"max-image-preview:large","max-video-preview":"max-video-preview:-1"},"canonical":"https:\/\/kansanmusiikki-instituutti.fi\/en\/suomen-kansansoitinmuseo\/","og_locale":"en_GB","og_type":"article","og_title":"Suomen kansansoitinmuseo - Kansanmusiikki-instituutti","og_description":"Suomen kansansoitinmuseo Kansanmusiikki-instituutin yll\u00e4pit\u00e4m\u00e4 Suomen kansansoitinmuseo sijaitsee Kaustisella Kansantaiteenkeskuksessa. Museon kokoelmissa on yli tuhat soitinta, jotka kuuluvat Tampereen yliopiston, Kansanmusiikki-instituutin ja Suomen kansansoitinmuseon kokoelmiin. Eniten kokoelmissa on viime vuosisadan pelimannisoittimia. Museon perusn\u00e4yttely Kaustislainen viulunsoitto \u2013 el\u00e4v\u00e4 perint\u00f6 esittelee monipuolisesti Kaustisen ja l\u00e4hialueen musiikkiperint\u00f6\u00e4, joka liitettiin vuonna 2021 Unescon ihmiskunnan aineettoman kulttuuriperinn\u00f6n luetteloon. Esineisiin, kuviin ja [&hellip;]","og_url":"https:\/\/kansanmusiikki-instituutti.fi\/en\/suomen-kansansoitinmuseo\/","og_site_name":"Kansanmusiikki-instituutti","article_modified_time":"2026-03-06T10:05:19+00:00","twitter_card":"summary_large_image","twitter_misc":{"Estimated reading time":"2 minutes"},"schema":{"@context":"https:\/\/schema.org","@graph":[{"@type":"WebPage","@id":"https:\/\/kansanmusiikki-instituutti.fi\/suomen-kansansoitinmuseo\/","url":"https:\/\/kansanmusiikki-instituutti.fi\/suomen-kansansoitinmuseo\/","name":"Suomen kansansoitinmuseo - Kansanmusiikki-instituutti","isPartOf":{"@id":"https:\/\/kansanmusiikki-instituutti.fi\/#website"},"datePublished":"2021-01-12T13:13:21+00:00","dateModified":"2026-03-06T10:05:19+00:00","breadcrumb":{"@id":"https:\/\/kansanmusiikki-instituutti.fi\/suomen-kansansoitinmuseo\/#breadcrumb"},"inLanguage":"en-GB","potentialAction":[{"@type":"ReadAction","target":["https:\/\/kansanmusiikki-instituutti.fi\/suomen-kansansoitinmuseo\/"]}]},{"@type":"BreadcrumbList","@id":"https:\/\/kansanmusiikki-instituutti.fi\/suomen-kansansoitinmuseo\/#breadcrumb","itemListElement":[{"@type":"ListItem","position":1,"name":"Home","item":"https:\/\/kansanmusiikki-instituutti.fi\/"},{"@type":"ListItem","position":2,"name":"Suomen kansansoitinmuseo"}]},{"@type":"WebSite","@id":"https:\/\/kansanmusiikki-instituutti.fi\/#website","url":"https:\/\/kansanmusiikki-instituutti.fi\/","name":"The Finnish Folk Music Institute","description":"Finnish Folk Music Institute","potentialAction":[{"@type":"SearchAction","target":{"@type":"EntryPoint","urlTemplate":"https:\/\/kansanmusiikki-instituutti.fi\/?s={search_term_string}"},"query-input":{"@type":"PropertyValueSpecification","valueRequired":true,"valueName":"search_term_string"}}],"inLanguage":"en-GB"}]}},"_links":{"self":[{"href":"https:\/\/kansanmusiikki-instituutti.fi\/en\/wp-json\/wp\/v2\/pages\/1629","targetHints":{"allow":["GET"]}}],"collection":[{"href":"https:\/\/kansanmusiikki-instituutti.fi\/en\/wp-json\/wp\/v2\/pages"}],"about":[{"href":"https:\/\/kansanmusiikki-instituutti.fi\/en\/wp-json\/wp\/v2\/types\/page"}],"author":[{"embeddable":true,"href":"https:\/\/kansanmusiikki-instituutti.fi\/en\/wp-json\/wp\/v2\/users\/1"}],"replies":[{"embeddable":true,"href":"https:\/\/kansanmusiikki-instituutti.fi\/en\/wp-json\/wp\/v2\/comments?post=1629"}],"version-history":[{"count":11,"href":"https:\/\/kansanmusiikki-instituutti.fi\/en\/wp-json\/wp\/v2\/pages\/1629\/revisions"}],"predecessor-version":[{"id":3370,"href":"https:\/\/kansanmusiikki-instituutti.fi\/en\/wp-json\/wp\/v2\/pages\/1629\/revisions\/3370"}],"wp:attachment":[{"href":"https:\/\/kansanmusiikki-instituutti.fi\/en\/wp-json\/wp\/v2\/media?parent=1629"}],"curies":[{"name":"wp","href":"https:\/\/api.w.org\/{rel}","templated":true}]}}