{"id":1679,"date":"2025-01-10T18:30:00","date_gmt":"2025-01-10T18:30:00","guid":{"rendered":"https:\/\/kansanmusiikki-instituutti.fi\/?page_id=1679"},"modified":"2026-02-04T15:39:29","modified_gmt":"2026-02-04T15:39:29","slug":"konsta-jylha-kilpailu","status":"publish","type":"page","link":"https:\/\/kansanmusiikki-instituutti.fi\/en\/konsta-jylha-kilpailu\/","title":{"rendered":"Konsta Jylh\u00e4 Competition"},"content":{"rendered":"<p>[et_pb_section fb_built=&#8221;1&#8243; _builder_version=&#8221;4.16&#8243; _module_preset=&#8221;default&#8221; background_enable_image=&#8221;off&#8221; parallax=&#8221;on&#8221; custom_padding=&#8221;||7px|||&#8221; global_colors_info=&#8221;{}&#8221;][et_pb_row column_structure=&#8221;2_3,1_3&#8243; _builder_version=&#8221;4.24.0&#8243; _module_preset=&#8221;default&#8221; animation_direction=&#8221;right&#8221; global_colors_info=&#8221;{}&#8221;][et_pb_column type=&#8221;2_3&#8243; _builder_version=&#8221;4.16&#8243; _module_preset=&#8221;default&#8221; background_color=&#8221;rgba(255,255,255,0.89)&#8221; global_colors_info=&#8221;{}&#8221;][et_pb_image src=&#8221;https:\/\/kansanmusiikki-instituutti.fi\/wp-content\/uploads\/2021\/04\/IMG_5874.jpg&#8221; alt=&#8221;Konsta Jylh\u00e4 -kilpailun finaali, Elsa Krohn -yhtye; Sanna Salonen, Antti Korhola ja Teemu Eerola.&#8221; title_text=&#8221;IMG_5874&#8243; _builder_version=&#8221;4.16&#8243; _module_preset=&#8221;default&#8221; global_colors_info=&#8221;{}&#8221;][\/et_pb_image][et_pb_text _builder_version=&#8221;4.27.3&#8243; _module_preset=&#8221;default&#8221; global_colors_info=&#8221;{}&#8221;]<\/p>\n<h1>Konsta Jylh\u00e4 -kilpailu 2026<br \/>13.-14.7.2026 Pelimannitalo, Kaustinen<\/h1>\n<p>Kansanmusiikki-instituutti ja Pelimannitalo ovat vuodesta 2010 alkaen j\u00e4rjest\u00e4neet yhdess\u00e4 kansanmusiikin Konsta Jylh\u00e4 -kilpailun, jonka finaali k\u00e4yd\u00e4\u00e4n Pelimannitalossa osana Kaustisen kansanmusiikkijuhlien ohjelmaa. Vuonna 2026 aiheena ovat balladit.<\/p>\n<p><strong>Konsta Jylh\u00e4 -kilpailun 2026 s\u00e4\u00e4nn\u00f6t:<\/strong><\/p>\n<ul>\n<li>Kilpailu on yleinen, ik\u00e4rajoituksia ei ole.<\/li>\n<li>Kilpailu on kansallinen. Se on tarkoitettu Suomessa asuville muusikoille, soittajille ja laulajille.<\/li>\n<\/ul>\n<ul>\n<li>Esitett\u00e4v\u00e4n musiikin tulee koostua yhdest\u00e4 tai useammasta balladista (kertovasta laulusta), jotka voivat olla perinteisi\u00e4, perinteisist\u00e4 muokattuja tai kokonaan omia.<\/li>\n<li>Kilpailu on pienyhtyeille. Osallistuvassa laulu\u2011 ja\/tai soitinyhtyeess\u00e4 tulee olla v\u00e4hint\u00e4\u00e4n kaksi ja enint\u00e4\u00e4n nelj\u00e4 j\u00e4sent\u00e4. Soittimisto on vapaa.<\/li>\n<li>Sama henkil\u00f6 saa osallistua kilpailuun korkeintaan yhdess\u00e4 kokoonpanossa.<\/li>\n<\/ul>\n<ul>\n<li>Kaikki esitykset ovat akustisia. Jotakin soitinta tai laulua voi tarpeen tullen balanssin saavuttamiseksi vahvistaa.<\/li>\n<\/ul>\n<p>Esikarsinta suoritetaan n\u00e4ytetallenteen perusteella. Kilpailuun osallistutaan t\u00e4ytt\u00e4m\u00e4ll\u00e4 <u><a href=\"https:\/\/gest.fi\/customers\/chfaei\/9568\">ilmoittautumislomake<\/a><\/u>.<\/p>\n<p>Liitteeksi ladataan mp3-muodossa oleva tallenne, joka sis\u00e4lt\u00e4\u00e4 5\u201310 minuuttia musiikkia. Maksimikoko ladattavalle tallenteelle on 8 Mb.<\/p>\n<p>Ilmoittautumislomakkeelle t\u00e4ytyy lis\u00e4t\u00e4 jokaisen yhtyeen j\u00e4senen tiedot. Ilmoittautuminen p\u00e4\u00e4ttyy <strong>30.4.<\/strong><\/p>\n<p>Ilmoittautuneista valitaan kilpailun ensimm\u00e4isen p\u00e4iv\u00e4n semifinaaliin maanantaina 13.7. enint\u00e4\u00e4n kymmenen yhtyett\u00e4. Semifinaalin esityksen kesto on enint\u00e4\u00e4n 10 minuuttia. Kilpailun toisen p\u00e4iv\u00e4n finaaliin tiistaina 14.7. valitaan kuusi yhtyett\u00e4. Finaaliesitys voi kest\u00e4\u00e4 enint\u00e4\u00e4n 15 minuuttia. Esitys voi olla sama, osittain sama tai t\u00e4ysin eri kuin semifinaalissa. <\/p>\n<p>Kilpailuun mukaan p\u00e4\u00e4sseiden matkakuluihin osallistutaan ja majoitus j\u00e4rjestet\u00e4\u00e4n tarvittaessa. Kilpailun voittajayhtye esiintyy Kansanmusiikkijuhlilla omassa konsertissaan ke 15.7. klo 12\u201313. Jos kilpailuun osallistuva yhtye tai muusikko haluaa tarjoutua muihin esiintymisiin juhlilla, siit\u00e4 tulee sopia festivaaliorganisaation kanssa.<\/p>\n<p>Kilpailuun mukaan p\u00e4\u00e4sseille ilmoitetaan toukokuun loppuun menness\u00e4. Kilpailussa jaetaan palkintoina 6000 euroa. Tuomaristo voi jakaa palkintorahat harkintansa mukaan haluamallaan tavalla.<\/p>\n<p>&nbsp;<\/p>\n<h2>Kilpailun t\u00e4h\u00e4nastiset voittajat<\/h2>\n<p style=\"margin: 0cm 0cm 0.0001pt;\">2025 Erkki Virkkala ja Iikka Huntus<br \/>2024 Jenni Ven\u00e4l\u00e4inen<br \/>2023 ENKEL<br \/>2022 Luomuduo<br \/>(2020 ja 2021 kilpailua ei j\u00e4rjestetty)<br \/>2019 Polenta<br \/>2018 Aiode<br \/>2017 M\u00e4S\u00e4<br \/>2016 Teho<\/p>\n<p style=\"margin: 0cm 0cm 0.0001pt;\">2015 Onni Rajaniemi \/ Tero Pajunen<br \/>2014 Ilona Korhonen \/ Outi Pulkkinen<br \/>2013 Arto J\u00e4rvel\u00e4 \/ Anne-Mari Kivim\u00e4ki<br \/>2012 Emilia Lajunen &amp; Suvi Oskala \/ Teija Niku ja Grupa Balkan<br \/>2011 Emilia Lajunen \/ Eero Grundstr\u00f6m<br \/>2010 Erkki Lassila &amp; tyt\u00f6t \/ Anssi Salminen &amp; Markus Luomala<\/p>\n<p style=\"margin: 0cm; margin-bottom: .0001pt;\">Vuosina 2010-2015 kilpailussa oli kaksi sarjaa, perinteinen \/ vapaa.<\/p>\n<p>[\/et_pb_text][\/et_pb_column][et_pb_column type=&#8221;1_3&#8243; _builder_version=&#8221;4.24.0&#8243; _module_preset=&#8221;default&#8221; sticky_limit_bottom=&#8221;row&#8221; sticky_position_tablet=&#8221;none&#8221; sticky_position_phone=&#8221;&#8221; sticky_position_last_edited=&#8221;on|desktop&#8221; global_colors_info=&#8221;{}&#8221;][et_pb_sidebar area=&#8221;sidebar-1&#8243; _builder_version=&#8221;4.16&#8243; _module_preset=&#8221;default&#8221; custom_padding=&#8221;24px|24px|24px|24px|true|true&#8221; sticky_limit_bottom=&#8221;row&#8221; border_width_all=&#8221;1px&#8221; border_color_all=&#8221;rgba(51,51,51,0.39)&#8221; locked=&#8221;off&#8221; global_colors_info=&#8221;{}&#8221;][\/et_pb_sidebar][\/et_pb_column][\/et_pb_row][et_pb_row _builder_version=&#8221;4.16&#8243; _module_preset=&#8221;default&#8221; custom_padding=&#8221;||4px|||&#8221; global_colors_info=&#8221;{}&#8221;][et_pb_column type=&#8221;4_4&#8243; _builder_version=&#8221;4.16&#8243; _module_preset=&#8221;default&#8221; global_colors_info=&#8221;{}&#8221;][et_pb_divider _builder_version=&#8221;4.16&#8243; _module_preset=&#8221;default&#8221; global_colors_info=&#8221;{}&#8221;][\/et_pb_divider][\/et_pb_column][\/et_pb_row][\/et_pb_section][et_pb_section fb_built=&#8221;1&#8243; _builder_version=&#8221;4.6.6&#8243; _module_preset=&#8221;default&#8221; custom_padding=&#8221;29px|||||&#8221; global_module=&#8221;1551&#8243; saved_tabs=&#8221;all&#8221; global_colors_info=&#8221;{}&#8221;][et_pb_row use_custom_gutter=&#8221;on&#8221; gutter_width=&#8221;2&#8243; _builder_version=&#8221;4.24.2&#8243; _module_preset=&#8221;default&#8221; width=&#8221;70%&#8221; width_tablet=&#8221;90%&#8221; width_phone=&#8221;&#8221; width_last_edited=&#8221;on|tablet&#8221; custom_padding=&#8221;27px|||||&#8221; global_colors_info=&#8221;{}&#8221;][et_pb_column type=&#8221;4_4&#8243; _builder_version=&#8221;4.16&#8243; _module_preset=&#8221;default&#8221; global_colors_info=&#8221;{}&#8221;][et_pb_text _builder_version=&#8221;4.24.2&#8243; _module_preset=&#8221;default&#8221; header_2_font_size=&#8221;2vw&#8221; custom_margin=&#8221;||40px|||&#8221; header_2_font_size_tablet=&#8221;4vw&#8221; header_2_font_size_phone=&#8221;7vw&#8221; header_2_font_size_last_edited=&#8221;on|phone&#8221; border_width_bottom=&#8221;1px&#8221; global_colors_info=&#8221;{}&#8221;]<\/p>\n<h2>Ajankohtaista<\/h2>\n<p>[\/et_pb_text][et_pb_blog fullwidth=&#8221;off&#8221; posts_number=&#8221;3&#8243; meta_date=&#8221;j.m.Y&#8221; use_manual_excerpt=&#8221;off&#8221; excerpt_length=&#8221;200&#8243; show_author=&#8221;off&#8221; show_categories=&#8221;off&#8221; show_excerpt=&#8221;off&#8221; _builder_version=&#8221;4.24.0&#8243; _module_preset=&#8221;default&#8221; body_line_height=&#8221;1.6em&#8221; pagination_font=&#8221;|800||on|||||&#8221; pagination_text_color=&#8221;#000000&#8243; pagination_font_size=&#8221;14px&#8221; background_color=&#8221;rgba(0,0,0,0)&#8221; text_orientation=&#8221;center&#8221; border_color_all=&#8221;#000000&#8243; border_width_top=&#8221;10px&#8221; border_color_top=&#8221;gcid-9253885b-3508-44a2-9922-3a4034f3e389&#8243; global_colors_info=&#8221;{%22gcid-9253885b-3508-44a2-9922-3a4034f3e389%22:%91%22border_color_top%22%93}&#8221;][\/et_pb_blog][\/et_pb_column][\/et_pb_row][\/et_pb_section]<\/p>\n","protected":false},"excerpt":{"rendered":"<p>Konsta Jylh\u00e4 -kilpailu 202613.-14.7.2026 Pelimannitalo, Kaustinen Kansanmusiikki-instituutti ja Pelimannitalo ovat vuodesta 2010 alkaen j\u00e4rjest\u00e4neet yhdess\u00e4 kansanmusiikin Konsta Jylh\u00e4 -kilpailun, jonka finaali k\u00e4yd\u00e4\u00e4n Pelimannitalossa osana Kaustisen kansanmusiikkijuhlien ohjelmaa. Vuonna 2026 aiheena ovat balladit. Konsta Jylh\u00e4 -kilpailun 2026 s\u00e4\u00e4nn\u00f6t: Kilpailu on yleinen, ik\u00e4rajoituksia ei ole. Kilpailu on kansallinen. Se on tarkoitettu Suomessa asuville muusikoille, soittajille ja laulajille. [&hellip;]<\/p>\n","protected":false},"author":1,"featured_media":0,"parent":0,"menu_order":0,"comment_status":"closed","ping_status":"closed","template":"","meta":{"_et_pb_use_builder":"on","_et_pb_old_content":"","_et_gb_content_width":"","footnotes":""},"class_list":["post-1679","page","type-page","status-publish","hentry"],"yoast_head":"<!-- This site is optimized with the Yoast SEO plugin v27.0 - https:\/\/yoast.com\/product\/yoast-seo-wordpress\/ -->\n<title>Konsta Jylh\u00e4 -kilpailu - Kansanmusiikki-instituutti<\/title>\n<meta name=\"robots\" content=\"index, follow, max-snippet:-1, max-image-preview:large, max-video-preview:-1\" \/>\n<link rel=\"canonical\" href=\"https:\/\/kansanmusiikki-instituutti.fi\/en\/konsta-jylha-kilpailu\/\" \/>\n<meta property=\"og:locale\" content=\"en_GB\" \/>\n<meta property=\"og:type\" content=\"article\" \/>\n<meta property=\"og:title\" content=\"Konsta Jylh\u00e4 -kilpailu\" \/>\n<meta property=\"og:description\" content=\"Konsta Jylh\u00e4 -kilpailu 2022 j\u00e4rjestet\u00e4\u00e4n Kaustisen kansanmusiikkijuhlien yhteydess\u00e4 11.\u201312.7. Kilpailuun voi osallistua duo, jonka molemmat muusikot asuvat Suomessa. Ainakin toisen soittimen on oltava viulu. Ohjelmiston tulee perustua jonkun merkitt\u00e4v\u00e4n viulupelimannin vanhakantaiseen tyyliin ja s\u00e4velmist\u00f6\u00f6n.\" \/>\n<meta property=\"og:url\" content=\"https:\/\/kansanmusiikki-instituutti.fi\/en\/konsta-jylha-kilpailu\/\" \/>\n<meta property=\"og:site_name\" content=\"Kansanmusiikki-instituutti\" \/>\n<meta property=\"article:modified_time\" content=\"2026-02-04T15:39:29+00:00\" \/>\n<meta property=\"og:image\" content=\"https:\/\/kansanmusiikki-instituutti.fi\/wp-content\/uploads\/2021\/04\/IMG_5874.jpg\" \/>\n\t<meta property=\"og:image:width\" content=\"1024\" \/>\n\t<meta property=\"og:image:height\" content=\"682\" \/>\n\t<meta property=\"og:image:type\" content=\"image\/jpeg\" \/>\n<meta name=\"twitter:card\" content=\"summary_large_image\" \/>\n<meta name=\"twitter:title\" content=\"Konsta Jylh\u00e4 -kilpailu\" \/>\n<meta name=\"twitter:description\" content=\"Konsta Jylh\u00e4 -kilpailu 2022 j\u00e4rjestet\u00e4\u00e4n Kaustisen kansanmusiikkijuhlien yhteydess\u00e4 11.\u201312.7. Kilpailuun voi osallistua duo, jonka molemmat muusikot asuvat Suomessa. Ainakin toisen soittimen on oltava viulu. Ohjelmiston tulee perustua jonkun merkitt\u00e4v\u00e4n viulupelimannin vanhakantaiseen tyyliin ja s\u00e4velmist\u00f6\u00f6n.\" \/>\n<meta name=\"twitter:image\" content=\"https:\/\/kansanmusiikki-instituutti.fi\/wp-content\/uploads\/2021\/04\/IMG_5874.jpg\" \/>\n<meta name=\"twitter:label1\" content=\"Estimated reading time\" \/>\n\t<meta name=\"twitter:data1\" content=\"3 minutes\" \/>\n<script type=\"application\/ld+json\" class=\"yoast-schema-graph\">{\"@context\":\"https:\/\/schema.org\",\"@graph\":[{\"@type\":\"WebPage\",\"@id\":\"https:\/\/kansanmusiikki-instituutti.fi\/konsta-jylha-kilpailu\/\",\"url\":\"https:\/\/kansanmusiikki-instituutti.fi\/konsta-jylha-kilpailu\/\",\"name\":\"Konsta Jylh\u00e4 -kilpailu - Kansanmusiikki-instituutti\",\"isPartOf\":{\"@id\":\"https:\/\/kansanmusiikki-instituutti.fi\/#website\"},\"datePublished\":\"2025-01-10T18:30:00+00:00\",\"dateModified\":\"2026-02-04T15:39:29+00:00\",\"breadcrumb\":{\"@id\":\"https:\/\/kansanmusiikki-instituutti.fi\/konsta-jylha-kilpailu\/#breadcrumb\"},\"inLanguage\":\"en-GB\",\"potentialAction\":[{\"@type\":\"ReadAction\",\"target\":[\"https:\/\/kansanmusiikki-instituutti.fi\/konsta-jylha-kilpailu\/\"]}]},{\"@type\":\"BreadcrumbList\",\"@id\":\"https:\/\/kansanmusiikki-instituutti.fi\/konsta-jylha-kilpailu\/#breadcrumb\",\"itemListElement\":[{\"@type\":\"ListItem\",\"position\":1,\"name\":\"Home\",\"item\":\"https:\/\/kansanmusiikki-instituutti.fi\/\"},{\"@type\":\"ListItem\",\"position\":2,\"name\":\"Konsta Jylh\u00e4 -kilpailu\"}]},{\"@type\":\"WebSite\",\"@id\":\"https:\/\/kansanmusiikki-instituutti.fi\/#website\",\"url\":\"https:\/\/kansanmusiikki-instituutti.fi\/\",\"name\":\"Kansanmusiikki-instituutti\",\"description\":\"Finnish Folk Music Institute\",\"potentialAction\":[{\"@type\":\"SearchAction\",\"target\":{\"@type\":\"EntryPoint\",\"urlTemplate\":\"https:\/\/kansanmusiikki-instituutti.fi\/?s={search_term_string}\"},\"query-input\":{\"@type\":\"PropertyValueSpecification\",\"valueRequired\":true,\"valueName\":\"search_term_string\"}}],\"inLanguage\":\"en-GB\"}]}<\/script>\n<!-- \/ Yoast SEO plugin. -->","yoast_head_json":{"title":"Konsta Jylh\u00e4 -kilpailu - Kansanmusiikki-instituutti","robots":{"index":"index","follow":"follow","max-snippet":"max-snippet:-1","max-image-preview":"max-image-preview:large","max-video-preview":"max-video-preview:-1"},"canonical":"https:\/\/kansanmusiikki-instituutti.fi\/en\/konsta-jylha-kilpailu\/","og_locale":"en_GB","og_type":"article","og_title":"Konsta Jylh\u00e4 -kilpailu","og_description":"Konsta Jylh\u00e4 -kilpailu 2022 j\u00e4rjestet\u00e4\u00e4n Kaustisen kansanmusiikkijuhlien yhteydess\u00e4 11.\u201312.7. Kilpailuun voi osallistua duo, jonka molemmat muusikot asuvat Suomessa. Ainakin toisen soittimen on oltava viulu. Ohjelmiston tulee perustua jonkun merkitt\u00e4v\u00e4n viulupelimannin vanhakantaiseen tyyliin ja s\u00e4velmist\u00f6\u00f6n.","og_url":"https:\/\/kansanmusiikki-instituutti.fi\/en\/konsta-jylha-kilpailu\/","og_site_name":"Kansanmusiikki-instituutti","article_modified_time":"2026-02-04T15:39:29+00:00","og_image":[{"width":1024,"height":682,"url":"https:\/\/kansanmusiikki-instituutti.fi\/wp-content\/uploads\/2021\/04\/IMG_5874.jpg","type":"image\/jpeg"}],"twitter_card":"summary_large_image","twitter_title":"Konsta Jylh\u00e4 -kilpailu","twitter_description":"Konsta Jylh\u00e4 -kilpailu 2022 j\u00e4rjestet\u00e4\u00e4n Kaustisen kansanmusiikkijuhlien yhteydess\u00e4 11.\u201312.7. Kilpailuun voi osallistua duo, jonka molemmat muusikot asuvat Suomessa. Ainakin toisen soittimen on oltava viulu. Ohjelmiston tulee perustua jonkun merkitt\u00e4v\u00e4n viulupelimannin vanhakantaiseen tyyliin ja s\u00e4velmist\u00f6\u00f6n.","twitter_image":"https:\/\/kansanmusiikki-instituutti.fi\/wp-content\/uploads\/2021\/04\/IMG_5874.jpg","twitter_misc":{"Estimated reading time":"3 minutes"},"schema":{"@context":"https:\/\/schema.org","@graph":[{"@type":"WebPage","@id":"https:\/\/kansanmusiikki-instituutti.fi\/konsta-jylha-kilpailu\/","url":"https:\/\/kansanmusiikki-instituutti.fi\/konsta-jylha-kilpailu\/","name":"Konsta Jylh\u00e4 -kilpailu - Kansanmusiikki-instituutti","isPartOf":{"@id":"https:\/\/kansanmusiikki-instituutti.fi\/#website"},"datePublished":"2025-01-10T18:30:00+00:00","dateModified":"2026-02-04T15:39:29+00:00","breadcrumb":{"@id":"https:\/\/kansanmusiikki-instituutti.fi\/konsta-jylha-kilpailu\/#breadcrumb"},"inLanguage":"en-GB","potentialAction":[{"@type":"ReadAction","target":["https:\/\/kansanmusiikki-instituutti.fi\/konsta-jylha-kilpailu\/"]}]},{"@type":"BreadcrumbList","@id":"https:\/\/kansanmusiikki-instituutti.fi\/konsta-jylha-kilpailu\/#breadcrumb","itemListElement":[{"@type":"ListItem","position":1,"name":"Home","item":"https:\/\/kansanmusiikki-instituutti.fi\/"},{"@type":"ListItem","position":2,"name":"Konsta Jylh\u00e4 -kilpailu"}]},{"@type":"WebSite","@id":"https:\/\/kansanmusiikki-instituutti.fi\/#website","url":"https:\/\/kansanmusiikki-instituutti.fi\/","name":"The Finnish Folk Music Institute","description":"Finnish Folk Music Institute","potentialAction":[{"@type":"SearchAction","target":{"@type":"EntryPoint","urlTemplate":"https:\/\/kansanmusiikki-instituutti.fi\/?s={search_term_string}"},"query-input":{"@type":"PropertyValueSpecification","valueRequired":true,"valueName":"search_term_string"}}],"inLanguage":"en-GB"}]}},"_links":{"self":[{"href":"https:\/\/kansanmusiikki-instituutti.fi\/en\/wp-json\/wp\/v2\/pages\/1679","targetHints":{"allow":["GET"]}}],"collection":[{"href":"https:\/\/kansanmusiikki-instituutti.fi\/en\/wp-json\/wp\/v2\/pages"}],"about":[{"href":"https:\/\/kansanmusiikki-instituutti.fi\/en\/wp-json\/wp\/v2\/types\/page"}],"author":[{"embeddable":true,"href":"https:\/\/kansanmusiikki-instituutti.fi\/en\/wp-json\/wp\/v2\/users\/1"}],"replies":[{"embeddable":true,"href":"https:\/\/kansanmusiikki-instituutti.fi\/en\/wp-json\/wp\/v2\/comments?post=1679"}],"version-history":[{"count":37,"href":"https:\/\/kansanmusiikki-instituutti.fi\/en\/wp-json\/wp\/v2\/pages\/1679\/revisions"}],"predecessor-version":[{"id":3255,"href":"https:\/\/kansanmusiikki-instituutti.fi\/en\/wp-json\/wp\/v2\/pages\/1679\/revisions\/3255"}],"wp:attachment":[{"href":"https:\/\/kansanmusiikki-instituutti.fi\/en\/wp-json\/wp\/v2\/media?parent=1679"}],"curies":[{"name":"wp","href":"https:\/\/api.w.org\/{rel}","templated":true}]}}