{"id":1688,"date":"2021-01-18T10:05:10","date_gmt":"2021-01-18T10:05:10","guid":{"rendered":"https:\/\/kansanmusiikki-instituutti.fi\/?page_id=1688"},"modified":"2026-03-06T13:20:27","modified_gmt":"2026-03-06T13:20:27","slug":"hankkeet","status":"publish","type":"page","link":"https:\/\/kansanmusiikki-instituutti.fi\/en\/hankkeet\/","title":{"rendered":"Projects"},"content":{"rendered":"<p>[et_pb_section fb_built=&#8221;1&#8243; _builder_version=&#8221;4.16&#8243; _module_preset=&#8221;default&#8221; background_enable_image=&#8221;off&#8221; parallax=&#8221;on&#8221; custom_padding=&#8221;||7px|||&#8221; global_colors_info=&#8221;{}&#8221;][et_pb_row column_structure=&#8221;2_3,1_3&#8243; _builder_version=&#8221;4.16&#8243; _module_preset=&#8221;default&#8221; animation_direction=&#8221;right&#8221; global_colors_info=&#8221;{}&#8221;][et_pb_column type=&#8221;2_3&#8243; _builder_version=&#8221;4.16&#8243; _module_preset=&#8221;default&#8221; background_color=&#8221;rgba(255,255,255,0.89)&#8221; global_colors_info=&#8221;{}&#8221;][et_pb_image src=&#8221;https:\/\/kansanmusiikki-instituutti.fi\/wp-content\/uploads\/2021\/01\/orig_15755.jpg&#8221; alt=&#8221;Kansanmusiikki-instituutin Koulumusiikkia perhonjokilaaksolaisittain hankkeen ty\u00f6paja Kaustisen keskuskoululla 22.2.2019. Vet\u00e4jin\u00e4 Vuokko Korva ja Tuija Hanhikoski.&#8221; title_text=&#8221;orig_15755&#8243; admin_label=&#8221;Kuva&#8221; _builder_version=&#8221;4.16&#8243; _module_preset=&#8221;default&#8221; global_colors_info=&#8221;{}&#8221;][\/et_pb_image][et_pb_text _builder_version=&#8221;4.27.3&#8243; _module_preset=&#8221;default&#8221; global_colors_info=&#8221;{}&#8221;]<\/p>\n<h1><\/h1>\n<h1>Hankkeet<\/h1>\n<h2>K\u00e4ynniss\u00e4 olevia hankkeita:<\/h2>\n<p>&nbsp;<\/p>\n<h3>ICH Edu North \u2013 living musical heritage (2026\u20132028)<\/h3>\n<p><a href=\"https:\/\/kansanmusiikki-instituutti.fi\/image002-2\/\"><img loading=\"lazy\" decoding=\"async\" src=\"https:\/\/kansanmusiikki-instituutti.fi\/wp-content\/uploads\/2024\/11\/image002-1.png\" width=\"338\" height=\"102\" alt=\"\" class=\"wp-image-2845 alignleft size-full\" srcset=\"https:\/\/kansanmusiikki-instituutti.fi\/wp-content\/uploads\/2024\/11\/image002-1.png 457w, https:\/\/kansanmusiikki-instituutti.fi\/wp-content\/uploads\/2024\/11\/image002-1-300x91.png 300w, https:\/\/kansanmusiikki-instituutti.fi\/wp-content\/uploads\/2024\/11\/image002-1-18x5.png 18w\" sizes=\"auto, (max-width: 338px) 100vw, 338px\" \/><\/a><\/p>\n<p>Musiikkiin painottuva kahdeksan suomalaisen ja ruotsalaisen organisaation hanke syvent\u00e4\u00e4 ymm\u00e4rryst\u00e4 aineettomasta kulttuuriperinn\u00f6st\u00e4 ja kehitt\u00e4\u00e4 tarvittavia taitoja sen edist\u00e4miseksi hy\u00f6dynt\u00e4m\u00e4ll\u00e4 l\u00e4hi- ja verkko-opetusta, elinik\u00e4ist\u00e4 oppimista sek\u00e4 uramahdollisuuksien yhteismarkkinointia koulutus- ja koulutukseen liittyvien organisaatioiden yhteisty\u00f6n avulla. Kehitt\u00e4m\u00e4ll\u00e4 uusia, laajoja ja yhteis\u00f6l\u00e4ht\u00f6isi\u00e4 koulutusratkaisuja ja -malleja hanke tukee kulttuurisen monimuotoisuuden s\u00e4ilytt\u00e4mist\u00e4 sek\u00e4 edist\u00e4\u00e4 osallisuutta ja yhdenvertaista kohtelua, erityisesti v\u00e4hemmist\u00f6kulttuureihin keskittyen. Hankkeen suomalainen p\u00e4\u00e4partneri on Centria-ammattikorkeakoulu. Rahoitus: EU \/ Interreg Aurora, Suomen kansallinen vastinrahoitus Lapin Liitto. <a href=\"https:\/\/net.centria.fi\/en\/project\/ich-north\/\" target=\"_blank\" rel=\"noopener\">Hankkeen verkkosivulle.<\/a><\/p>\n<p>&nbsp;<\/p>\n<h3>Sharing Cultural Spaces &#8211; Envisioning future (2025\u20132027)<\/h3>\n<p><img loading=\"lazy\" decoding=\"async\" src=\"https:\/\/kansanmusiikki-instituutti.fi\/wp-content\/uploads\/2024\/11\/FI_co-funded-by-VERTICAL-RGB_POS-263x300.png\" width=\"100\" height=\"114\" alt=\"Logo: Euroopan unionin osarahoittama\" class=\"wp-image-2863 alignnone size-medium\" style=\"float: left;\" \/>Hankkeessa kehitet\u00e4\u00e4n kulttuuriperinn\u00f6n hy\u00f6dynt\u00e4mist\u00e4 alueiden elinvoiman tukemiseksi j\u00e4rjest\u00e4m\u00e4ll\u00e4 nuorten kulttuuriperint\u00f6leirej\u00e4 osallistujamaissa ja kehitt\u00e4m\u00e4ll\u00e4 Suomen kansansoitinmuseon alueellista vaikuttavuutta. Hankkeen toteuttavat Kansanmusiikki-instituutti (p\u00e4\u00e4partneri), Seto Instituut (Viro) ja Leader-ryhm\u00e4 &#8221;Darisim pasi!&#8221; (Latvia), kukin omalla osahankkeellaan. Hankkeen p\u00e4\u00e4kohderyhm\u00e4n\u00e4 ja hy\u00f6dynsaajina ovat alueen kulttuuriperinn\u00f6n harjoittajayhteis\u00f6t ja \u2011yksil\u00f6t, erityisesti nuoret. Hankkeen tavoiteltuina tuloksina on hankkeeseen osallistuvien nuorten lis\u00e4\u00e4ntynyt sitoutuminen omaan kulttuuriperint\u00f6\u00f6ns\u00e4, alueen kulttuuriperint\u00f6mielikuvan vahvistaminen ja\u00a0 kulttuuripalvelu\u2011 ja kulttuurimatkailutarjonnan tukeminen. Rahoitus EU\/Pirityiset Leader.<\/p>\n<h1><img loading=\"lazy\" decoding=\"async\" src=\"https:\/\/kansanmusiikki-instituutti.fi\/wp-content\/uploads\/2024\/11\/1D2C8B87-DD90-4275-AB87-F7B83513F0C8-300x146.jpg\" width=\"99\" height=\"48\" alt=\"\" class=\"wp-image-2859 alignnone size-medium\" srcset=\"https:\/\/kansanmusiikki-instituutti.fi\/wp-content\/uploads\/2024\/11\/1D2C8B87-DD90-4275-AB87-F7B83513F0C8-300x146.jpg 300w, https:\/\/kansanmusiikki-instituutti.fi\/wp-content\/uploads\/2024\/11\/1D2C8B87-DD90-4275-AB87-F7B83513F0C8-18x9.jpg 18w, https:\/\/kansanmusiikki-instituutti.fi\/wp-content\/uploads\/2024\/11\/1D2C8B87-DD90-4275-AB87-F7B83513F0C8.jpg 350w\" sizes=\"auto, (max-width: 99px) 100vw, 99px\" \/>\u00a0<\/h1>\n<h3><strong><br \/>Culture Goal 2030 (2025<\/strong>\u20132026)<\/h3>\n<h3><\/h3>\n<p>Maailmanlaajuisen Culture Goal 2030 -kampanjan tavoitteena on saada erillinen kulttuuritavoite YK:n vuoden 2030 j\u00e4lkeiseen kest\u00e4v\u00e4n kehityksen ohjelmaan. Hankkeen tavoitteena on levitt\u00e4\u00e4 tietoa tavoitteesta ja kulttuurisesta kest\u00e4v\u00e4st\u00e4 kehityksest\u00e4 Suomessa ja Pohjoismaissa ja saada kampanjaan mukaan laajasti kulttuurialan eri sektoreiden toimijoita. Kansanmusiikki-instituutin lis\u00e4ksi hankkeessa ovat mukana Suomen kansallista kampanjaa koordinoiva Kulta ry. sek\u00e4 hankkeeseen tutkimustietoa tuottava asiantuntijakonsultti John Crowley PHGD Groupista. Rahoitus: Pohjoismainen kulttuurirahasto.<\/p>\n<h3><strong><\/strong><\/h3>\n<h3><strong><\/strong><\/h3>\n<h3><strong><\/strong><\/h3>\n<h3><strong><\/strong><\/h3>\n<h3><strong><\/strong><\/h3>\n<h3><strong><\/strong><\/h3>\n<h3><strong>The Digital Dimension of the Network of UNESCO Cultural Spaces<\/strong><\/h3>\n<h3>(Digit ICH, 2024\u20132027)<\/h3>\n<p><img loading=\"lazy\" decoding=\"async\" src=\"https:\/\/kansanmusiikki-instituutti.fi\/wp-content\/uploads\/2024\/11\/FI_co-funded-by-VERTICAL-RGB_POS-263x300.png\" width=\"100\" height=\"114\" alt=\"Logo: Euroopan unionin osarahoittama\" class=\"wp-image-2863 alignnone size-medium\" style=\"float: left;\" \/> Hankkeen p\u00e4\u00e4tavoitteena on edist\u00e4\u00e4 aineettoman kulttuuriperinn\u00f6n parissa ty\u00f6skentelevien aikuiskouluttajien ja perinteenharjoittajien koulutusta ja kehitt\u00e4\u00e4 aineettoman kulttuuriperinn\u00f6n turvaamiseksi ja esiintuomiseksi innovatiivia digitaalisia ratkaisuja. Hankkeen toimenpitein\u00e4 ovat mm. asiantuntijavaihto, webinaarit, konferenssi ja koulutus- ja informaatiomateriaalien tuottaminen. Hankkeessa on mukana partnereita yhdeks\u00e4st\u00e4 maasta: Georgia, Italia, Kroatia, Latvia, Pohjois-Makedonia, Portugali, Slovakia, Suomi, Viro. Rahoitus EU\/Erasmus+. <a href=\"https:\/\/suitunovads.lv\/erasmus-program-cooperation-partnerships-in-adult-education-project-the-digital-dimension-of-the-network-of-unesco-cultural-spaces-acronym-digitich-agreement-nr-2024-1-lv01-ka22\/\">P\u00e4\u00e4partnerin hankesivulle.<\/a><a href=\"https:\/\/net.centria.fi\/en\/project\/ich-north\/\" target=\"_blank\" rel=\"noopener\"><\/a><\/p>\n<p>&nbsp;<\/p>\n<p>&nbsp;<\/p>\n<p>&nbsp;<\/p>\n<p>&nbsp;<\/p>\n<p>[\/et_pb_text][\/et_pb_column][et_pb_column type=&#8221;1_3&#8243; _builder_version=&#8221;4.16&#8243; _module_preset=&#8221;default&#8221; global_colors_info=&#8221;{}&#8221;][et_pb_sidebar _builder_version=&#8221;4.27.3&#8243; _module_preset=&#8221;default&#8221; header_font=&#8221;||||||||&#8221; custom_padding=&#8221;24px|24px|0px|24px|false|true&#8221; sticky_limit_bottom=&#8221;row&#8221; sticky_position_tablet=&#8221;none&#8221; sticky_position_phone=&#8221;&#8221; sticky_position_last_edited=&#8221;on|phone&#8221; border_width_all=&#8221;1px&#8221; border_color_all=&#8221;rgba(51,51,51,0.43)&#8221; global_module=&#8221;1538&#8243; saved_tabs=&#8221;all&#8221; global_colors_info=&#8221;{}&#8221;][\/et_pb_sidebar][\/et_pb_column][\/et_pb_row][et_pb_row _builder_version=&#8221;4.16&#8243; _module_preset=&#8221;default&#8221; custom_padding=&#8221;||4px|||&#8221; global_colors_info=&#8221;{}&#8221;][et_pb_column type=&#8221;4_4&#8243; _builder_version=&#8221;4.16&#8243; _module_preset=&#8221;default&#8221; global_colors_info=&#8221;{}&#8221;][et_pb_divider _builder_version=&#8221;4.16&#8243; _module_preset=&#8221;default&#8221; global_colors_info=&#8221;{}&#8221;][\/et_pb_divider][\/et_pb_column][\/et_pb_row][\/et_pb_section][et_pb_section fb_built=&#8221;1&#8243; _builder_version=&#8221;4.6.6&#8243; _module_preset=&#8221;default&#8221; custom_padding=&#8221;29px|||||&#8221; global_module=&#8221;1551&#8243; saved_tabs=&#8221;all&#8221; global_colors_info=&#8221;{}&#8221;][et_pb_row use_custom_gutter=&#8221;on&#8221; gutter_width=&#8221;2&#8243; _builder_version=&#8221;4.24.2&#8243; _module_preset=&#8221;default&#8221; width=&#8221;70%&#8221; width_tablet=&#8221;90%&#8221; width_phone=&#8221;&#8221; width_last_edited=&#8221;on|tablet&#8221; custom_padding=&#8221;27px|||||&#8221; global_colors_info=&#8221;{}&#8221;][et_pb_column type=&#8221;4_4&#8243; _builder_version=&#8221;4.16&#8243; _module_preset=&#8221;default&#8221; global_colors_info=&#8221;{}&#8221;][et_pb_text _builder_version=&#8221;4.24.2&#8243; _module_preset=&#8221;default&#8221; header_2_font_size=&#8221;2vw&#8221; custom_margin=&#8221;||40px|||&#8221; header_2_font_size_tablet=&#8221;4vw&#8221; header_2_font_size_phone=&#8221;7vw&#8221; header_2_font_size_last_edited=&#8221;on|phone&#8221; border_width_bottom=&#8221;1px&#8221; global_colors_info=&#8221;{}&#8221;]<\/p>\n<h2>Ajankohtaista<\/h2>\n<p>[\/et_pb_text][et_pb_blog fullwidth=&#8221;off&#8221; posts_number=&#8221;3&#8243; meta_date=&#8221;j.m.Y&#8221; use_manual_excerpt=&#8221;off&#8221; excerpt_length=&#8221;200&#8243; show_author=&#8221;off&#8221; show_categories=&#8221;off&#8221; show_excerpt=&#8221;off&#8221; _builder_version=&#8221;4.24.0&#8243; _module_preset=&#8221;default&#8221; body_line_height=&#8221;1.6em&#8221; pagination_font=&#8221;|800||on|||||&#8221; pagination_text_color=&#8221;#000000&#8243; pagination_font_size=&#8221;14px&#8221; background_color=&#8221;rgba(0,0,0,0)&#8221; text_orientation=&#8221;center&#8221; border_color_all=&#8221;#000000&#8243; border_width_top=&#8221;10px&#8221; border_color_top=&#8221;gcid-9253885b-3508-44a2-9922-3a4034f3e389&#8243; global_colors_info=&#8221;{%22gcid-9253885b-3508-44a2-9922-3a4034f3e389%22:%91%22border_color_top%22%93}&#8221;][\/et_pb_blog][\/et_pb_column][\/et_pb_row][\/et_pb_section]<\/p>\n","protected":false},"excerpt":{"rendered":"<p>Hankkeet K\u00e4ynniss\u00e4 olevia hankkeita: &nbsp; ICH Edu North \u2013 living musical heritage (2026\u20132028) Musiikkiin painottuva kahdeksan suomalaisen ja ruotsalaisen organisaation hanke syvent\u00e4\u00e4 ymm\u00e4rryst\u00e4 aineettomasta kulttuuriperinn\u00f6st\u00e4 ja kehitt\u00e4\u00e4 tarvittavia taitoja sen edist\u00e4miseksi hy\u00f6dynt\u00e4m\u00e4ll\u00e4 l\u00e4hi- ja verkko-opetusta, elinik\u00e4ist\u00e4 oppimista sek\u00e4 uramahdollisuuksien yhteismarkkinointia koulutus- ja koulutukseen liittyvien organisaatioiden yhteisty\u00f6n avulla. Kehitt\u00e4m\u00e4ll\u00e4 uusia, laajoja ja yhteis\u00f6l\u00e4ht\u00f6isi\u00e4 koulutusratkaisuja ja -malleja [&hellip;]<\/p>\n","protected":false},"author":1,"featured_media":0,"parent":0,"menu_order":0,"comment_status":"closed","ping_status":"closed","template":"","meta":{"_et_pb_use_builder":"on","_et_pb_old_content":"","_et_gb_content_width":"","footnotes":""},"class_list":["post-1688","page","type-page","status-publish","hentry"],"yoast_head":"<!-- This site is optimized with the Yoast SEO plugin v27.0 - https:\/\/yoast.com\/product\/yoast-seo-wordpress\/ -->\n<title>Hankkeet - Kansanmusiikki-instituutti<\/title>\n<meta name=\"robots\" content=\"index, follow, max-snippet:-1, max-image-preview:large, max-video-preview:-1\" \/>\n<link rel=\"canonical\" href=\"https:\/\/kansanmusiikki-instituutti.fi\/en\/hankkeet\/\" \/>\n<meta property=\"og:locale\" content=\"en_GB\" \/>\n<meta property=\"og:type\" content=\"article\" \/>\n<meta property=\"og:title\" content=\"Hankkeet - Kansanmusiikki-instituutti\" \/>\n<meta property=\"og:description\" content=\"Hankkeet K\u00e4ynniss\u00e4 olevia hankkeita: &nbsp; ICH Edu North \u2013 living musical heritage (2026\u20132028) Musiikkiin painottuva kahdeksan suomalaisen ja ruotsalaisen organisaation hanke syvent\u00e4\u00e4 ymm\u00e4rryst\u00e4 aineettomasta kulttuuriperinn\u00f6st\u00e4 ja kehitt\u00e4\u00e4 tarvittavia taitoja sen edist\u00e4miseksi hy\u00f6dynt\u00e4m\u00e4ll\u00e4 l\u00e4hi- ja verkko-opetusta, elinik\u00e4ist\u00e4 oppimista sek\u00e4 uramahdollisuuksien yhteismarkkinointia koulutus- ja koulutukseen liittyvien organisaatioiden yhteisty\u00f6n avulla. Kehitt\u00e4m\u00e4ll\u00e4 uusia, laajoja ja yhteis\u00f6l\u00e4ht\u00f6isi\u00e4 koulutusratkaisuja ja -malleja [&hellip;]\" \/>\n<meta property=\"og:url\" content=\"https:\/\/kansanmusiikki-instituutti.fi\/en\/hankkeet\/\" \/>\n<meta property=\"og:site_name\" content=\"Kansanmusiikki-instituutti\" \/>\n<meta property=\"article:modified_time\" content=\"2026-03-06T13:20:27+00:00\" \/>\n<meta property=\"og:image\" content=\"https:\/\/kansanmusiikki-instituutti.fi\/wp-content\/uploads\/2024\/11\/image002-1.png\" \/>\n<meta name=\"twitter:card\" content=\"summary_large_image\" \/>\n<meta name=\"twitter:label1\" content=\"Estimated reading time\" \/>\n\t<meta name=\"twitter:data1\" content=\"3 minutes\" \/>\n<script type=\"application\/ld+json\" class=\"yoast-schema-graph\">{\"@context\":\"https:\/\/schema.org\",\"@graph\":[{\"@type\":\"WebPage\",\"@id\":\"https:\/\/kansanmusiikki-instituutti.fi\/hankkeet\/\",\"url\":\"https:\/\/kansanmusiikki-instituutti.fi\/hankkeet\/\",\"name\":\"Hankkeet - Kansanmusiikki-instituutti\",\"isPartOf\":{\"@id\":\"https:\/\/kansanmusiikki-instituutti.fi\/#website\"},\"primaryImageOfPage\":{\"@id\":\"https:\/\/kansanmusiikki-instituutti.fi\/hankkeet\/#primaryimage\"},\"image\":{\"@id\":\"https:\/\/kansanmusiikki-instituutti.fi\/hankkeet\/#primaryimage\"},\"thumbnailUrl\":\"https:\/\/kansanmusiikki-instituutti.fi\/wp-content\/uploads\/2024\/11\/image002-1.png\",\"datePublished\":\"2021-01-18T10:05:10+00:00\",\"dateModified\":\"2026-03-06T13:20:27+00:00\",\"breadcrumb\":{\"@id\":\"https:\/\/kansanmusiikki-instituutti.fi\/hankkeet\/#breadcrumb\"},\"inLanguage\":\"en-GB\",\"potentialAction\":[{\"@type\":\"ReadAction\",\"target\":[\"https:\/\/kansanmusiikki-instituutti.fi\/hankkeet\/\"]}]},{\"@type\":\"ImageObject\",\"inLanguage\":\"en-GB\",\"@id\":\"https:\/\/kansanmusiikki-instituutti.fi\/hankkeet\/#primaryimage\",\"url\":\"https:\/\/kansanmusiikki-instituutti.fi\/wp-content\/uploads\/2024\/11\/image002-1.png\",\"contentUrl\":\"https:\/\/kansanmusiikki-instituutti.fi\/wp-content\/uploads\/2024\/11\/image002-1.png\"},{\"@type\":\"BreadcrumbList\",\"@id\":\"https:\/\/kansanmusiikki-instituutti.fi\/hankkeet\/#breadcrumb\",\"itemListElement\":[{\"@type\":\"ListItem\",\"position\":1,\"name\":\"Home\",\"item\":\"https:\/\/kansanmusiikki-instituutti.fi\/\"},{\"@type\":\"ListItem\",\"position\":2,\"name\":\"Hankkeet\"}]},{\"@type\":\"WebSite\",\"@id\":\"https:\/\/kansanmusiikki-instituutti.fi\/#website\",\"url\":\"https:\/\/kansanmusiikki-instituutti.fi\/\",\"name\":\"Kansanmusiikki-instituutti\",\"description\":\"Finnish Folk Music Institute\",\"potentialAction\":[{\"@type\":\"SearchAction\",\"target\":{\"@type\":\"EntryPoint\",\"urlTemplate\":\"https:\/\/kansanmusiikki-instituutti.fi\/?s={search_term_string}\"},\"query-input\":{\"@type\":\"PropertyValueSpecification\",\"valueRequired\":true,\"valueName\":\"search_term_string\"}}],\"inLanguage\":\"en-GB\"}]}<\/script>\n<!-- \/ Yoast SEO plugin. -->","yoast_head_json":{"title":"Hankkeet - Kansanmusiikki-instituutti","robots":{"index":"index","follow":"follow","max-snippet":"max-snippet:-1","max-image-preview":"max-image-preview:large","max-video-preview":"max-video-preview:-1"},"canonical":"https:\/\/kansanmusiikki-instituutti.fi\/en\/hankkeet\/","og_locale":"en_GB","og_type":"article","og_title":"Hankkeet - Kansanmusiikki-instituutti","og_description":"Hankkeet K\u00e4ynniss\u00e4 olevia hankkeita: &nbsp; ICH Edu North \u2013 living musical heritage (2026\u20132028) Musiikkiin painottuva kahdeksan suomalaisen ja ruotsalaisen organisaation hanke syvent\u00e4\u00e4 ymm\u00e4rryst\u00e4 aineettomasta kulttuuriperinn\u00f6st\u00e4 ja kehitt\u00e4\u00e4 tarvittavia taitoja sen edist\u00e4miseksi hy\u00f6dynt\u00e4m\u00e4ll\u00e4 l\u00e4hi- ja verkko-opetusta, elinik\u00e4ist\u00e4 oppimista sek\u00e4 uramahdollisuuksien yhteismarkkinointia koulutus- ja koulutukseen liittyvien organisaatioiden yhteisty\u00f6n avulla. Kehitt\u00e4m\u00e4ll\u00e4 uusia, laajoja ja yhteis\u00f6l\u00e4ht\u00f6isi\u00e4 koulutusratkaisuja ja -malleja [&hellip;]","og_url":"https:\/\/kansanmusiikki-instituutti.fi\/en\/hankkeet\/","og_site_name":"Kansanmusiikki-instituutti","article_modified_time":"2026-03-06T13:20:27+00:00","og_image":[{"url":"https:\/\/kansanmusiikki-instituutti.fi\/wp-content\/uploads\/2024\/11\/image002-1.png","type":"","width":"","height":""}],"twitter_card":"summary_large_image","twitter_misc":{"Estimated reading time":"3 minutes"},"schema":{"@context":"https:\/\/schema.org","@graph":[{"@type":"WebPage","@id":"https:\/\/kansanmusiikki-instituutti.fi\/hankkeet\/","url":"https:\/\/kansanmusiikki-instituutti.fi\/hankkeet\/","name":"Hankkeet - Kansanmusiikki-instituutti","isPartOf":{"@id":"https:\/\/kansanmusiikki-instituutti.fi\/#website"},"primaryImageOfPage":{"@id":"https:\/\/kansanmusiikki-instituutti.fi\/hankkeet\/#primaryimage"},"image":{"@id":"https:\/\/kansanmusiikki-instituutti.fi\/hankkeet\/#primaryimage"},"thumbnailUrl":"https:\/\/kansanmusiikki-instituutti.fi\/wp-content\/uploads\/2024\/11\/image002-1.png","datePublished":"2021-01-18T10:05:10+00:00","dateModified":"2026-03-06T13:20:27+00:00","breadcrumb":{"@id":"https:\/\/kansanmusiikki-instituutti.fi\/hankkeet\/#breadcrumb"},"inLanguage":"en-GB","potentialAction":[{"@type":"ReadAction","target":["https:\/\/kansanmusiikki-instituutti.fi\/hankkeet\/"]}]},{"@type":"ImageObject","inLanguage":"en-GB","@id":"https:\/\/kansanmusiikki-instituutti.fi\/hankkeet\/#primaryimage","url":"https:\/\/kansanmusiikki-instituutti.fi\/wp-content\/uploads\/2024\/11\/image002-1.png","contentUrl":"https:\/\/kansanmusiikki-instituutti.fi\/wp-content\/uploads\/2024\/11\/image002-1.png"},{"@type":"BreadcrumbList","@id":"https:\/\/kansanmusiikki-instituutti.fi\/hankkeet\/#breadcrumb","itemListElement":[{"@type":"ListItem","position":1,"name":"Home","item":"https:\/\/kansanmusiikki-instituutti.fi\/"},{"@type":"ListItem","position":2,"name":"Hankkeet"}]},{"@type":"WebSite","@id":"https:\/\/kansanmusiikki-instituutti.fi\/#website","url":"https:\/\/kansanmusiikki-instituutti.fi\/","name":"The Finnish Folk Music Institute","description":"Finnish Folk Music Institute","potentialAction":[{"@type":"SearchAction","target":{"@type":"EntryPoint","urlTemplate":"https:\/\/kansanmusiikki-instituutti.fi\/?s={search_term_string}"},"query-input":{"@type":"PropertyValueSpecification","valueRequired":true,"valueName":"search_term_string"}}],"inLanguage":"en-GB"}]}},"_links":{"self":[{"href":"https:\/\/kansanmusiikki-instituutti.fi\/en\/wp-json\/wp\/v2\/pages\/1688","targetHints":{"allow":["GET"]}}],"collection":[{"href":"https:\/\/kansanmusiikki-instituutti.fi\/en\/wp-json\/wp\/v2\/pages"}],"about":[{"href":"https:\/\/kansanmusiikki-instituutti.fi\/en\/wp-json\/wp\/v2\/types\/page"}],"author":[{"embeddable":true,"href":"https:\/\/kansanmusiikki-instituutti.fi\/en\/wp-json\/wp\/v2\/users\/1"}],"replies":[{"embeddable":true,"href":"https:\/\/kansanmusiikki-instituutti.fi\/en\/wp-json\/wp\/v2\/comments?post=1688"}],"version-history":[{"count":21,"href":"https:\/\/kansanmusiikki-instituutti.fi\/en\/wp-json\/wp\/v2\/pages\/1688\/revisions"}],"predecessor-version":[{"id":3380,"href":"https:\/\/kansanmusiikki-instituutti.fi\/en\/wp-json\/wp\/v2\/pages\/1688\/revisions\/3380"}],"wp:attachment":[{"href":"https:\/\/kansanmusiikki-instituutti.fi\/en\/wp-json\/wp\/v2\/media?parent=1688"}],"curies":[{"name":"wp","href":"https:\/\/api.w.org\/{rel}","templated":true}]}}