{"id":1819,"date":"2021-02-22T06:53:24","date_gmt":"2021-02-22T06:53:24","guid":{"rendered":"https:\/\/kansanmusiikki-instituutti.fi\/?page_id=1819"},"modified":"2026-02-20T10:11:53","modified_gmt":"2026-02-20T10:11:53","slug":"yhdistys","status":"publish","type":"page","link":"https:\/\/kansanmusiikki-instituutti.fi\/en\/yhdistys\/","title":{"rendered":"The Association"},"content":{"rendered":"<p>[et_pb_section fb_built=&#8221;1&#8243; _builder_version=&#8221;4.16&#8243; _module_preset=&#8221;default&#8221; background_enable_image=&#8221;off&#8221; parallax=&#8221;on&#8221; custom_padding=&#8221;||7px|||&#8221; global_colors_info=&#8221;{}&#8221;][et_pb_row column_structure=&#8221;2_3,1_3&#8243; _builder_version=&#8221;4.16&#8243; _module_preset=&#8221;default&#8221; animation_direction=&#8221;right&#8221; global_colors_info=&#8221;{}&#8221;][et_pb_column type=&#8221;2_3&#8243; _builder_version=&#8221;4.16&#8243; _module_preset=&#8221;default&#8221; background_color=&#8221;rgba(255,255,255,0.89)&#8221; global_colors_info=&#8221;{}&#8221;][et_pb_image src=&#8221;https:\/\/kansanmusiikki-instituutti.fi\/wp-content\/uploads\/2021\/01\/orig_9551.jpg&#8221; alt=&#8221;Kaustisen Kansantaiteenkeskus.&#8221; title_text=&#8221;KAUSTISEN KANSANTAITEENKESKUS 1997KUVA AKI PAAVOLA&#8221; _builder_version=&#8221;4.16&#8243; _module_preset=&#8221;default&#8221; global_colors_info=&#8221;{}&#8221;][\/et_pb_image][et_pb_text _builder_version=&#8221;4.27.3&#8243; _module_preset=&#8221;default&#8221; global_colors_info=&#8221;{}&#8221;]<\/p>\n<h1>Yhdistys<\/h1>\n<p>Kansanmusiikki-institituuttia hallinnoi Kansanmusiikki-instituutti ry, jonka toimintayksik\u00f6t ovat Kansanmusiikki-instituutti ja kansanmusiikkiyhtye Tallari.<\/p>\n<p>Yhdistyksen j\u00e4seneksi voivat liitty\u00e4 yksityishenkil\u00f6t tai yhteis\u00f6t. J\u00e4senmaksut vuodelle 2026 ovat 20 \u20ac\/henkil\u00f6j\u00e4sen ja 50 \u20ac\/yhteis\u00f6j\u00e4sen. J\u00e4senhakemuksen voi l\u00e4hett\u00e4\u00e4 s\u00e4hk\u00f6postitse osoitteella <a href=\"mailto:matti.hakamaki@kaustinen.fi\">matti.hakamaki@kaustinen.fi<\/a> tai kirjeitse osoitteella Kansanmusiikki-instituutti ry, Jyv\u00e4skyl\u00e4ntie 3, 69600 Kaustinen.<\/p>\n<p>Toimintansa tukemiseksi yhdistys voi ottaa vastaan lahjoituksia tai testamentteja.<\/p>\n<h2><\/h2>\n<h2><\/h2>\n<h2><\/h2>\n<h2>Kansanmusiikki-instituutti ry:n hallitus 2026<\/h2>\n<p><strong>Vilma Timonen<\/strong>, puheenjohtaja<br \/><strong>Mats Granfors<\/strong><br \/><strong>Anni J\u00e4rvel\u00e4<\/strong><br \/><strong>Minna Lankinen<\/strong><br \/><strong>Antti Paalanen<\/strong><br \/><strong>Timo P\u00e4rkk\u00e4<\/strong><\/p>\n<p><strong>Mauno J\u00e4rvel\u00e4<\/strong> (varaj\u00e4sen)<br \/><strong>Kauppi Virkkala<\/strong>\u00a0(varaj\u00e4sen)<\/p>\n<p>&nbsp;<\/p>\n<h2>Kansanmusiikki-instituutin neuvottelukunta 2025\u20132027<\/h2>\n<p>dosentti <strong>Hannu Saha<\/strong>, Humppila, puheenjohtaja<br \/>johtaja <strong>Marko Aittola<\/strong>, Kokkola<br \/>johtaja <strong>Johanna Bj\u00f6rkholm<\/strong>, Vaasa<br \/>kansanedustaja <strong>Pia Hiltunen<\/strong>, Oulu<br \/>kansanedustaja <strong>Inka Hopsu<\/strong>, Espoo<br \/>rehtori <strong>Tapio Huttula<\/strong>, Kokkola<br \/>kirjailija <strong>Juha Itkonen<\/strong>, Helsinki<br \/>kansanedustaja <strong>Janne Jukkola<\/strong>, Kokkola<br \/>toiminnanjohtaja <strong>Jaana Kari<\/strong>, H\u00e4meenlinna<br \/>professori emeritus <strong>Heikki Laitinen<\/strong>, Helsinki<br \/>p\u00e4\u00e4sihteeri <strong>Kati Mikkola<\/strong>, Helsinki<br \/>puheenjohtaja <strong>Pirita N\u00e4kk\u00e4l\u00e4j\u00e4rvi<\/strong>, Inari<br \/>kaupunginhallituksen pj. <strong>Oliver Pietil\u00e4<\/strong>, Kokkola<br \/>kansanedustaja <strong>Pia Sillanp\u00e4\u00e4<\/strong>, Kokkola<br \/>varadekaani <strong>Tuuli Talvitie<\/strong>, Akaa<\/p>\n<p>[\/et_pb_text][\/et_pb_column][et_pb_column type=&#8221;1_3&#8243; _builder_version=&#8221;4.16&#8243; _module_preset=&#8221;default&#8221; global_colors_info=&#8221;{}&#8221;][et_pb_sidebar area=&#8221;sidebar-6&#8243; _builder_version=&#8221;4.24.0&#8243; _module_preset=&#8221;default&#8221; header_font=&#8221;||||||||&#8221; custom_padding=&#8221;24px|24px|24px|24px|true|true&#8221; sticky_limit_bottom=&#8221;row&#8221; sticky_position_tablet=&#8221;none&#8221; sticky_position_phone=&#8221;&#8221; sticky_position_last_edited=&#8221;on|tablet&#8221; border_width_all=&#8221;1px&#8221; border_color_all=&#8221;rgba(51,51,51,0.43)&#8221; global_module=&#8221;1595&#8243; saved_tabs=&#8221;all&#8221; global_colors_info=&#8221;{}&#8221;][\/et_pb_sidebar][\/et_pb_column][\/et_pb_row][et_pb_row _builder_version=&#8221;4.16&#8243; _module_preset=&#8221;default&#8221; custom_padding=&#8221;||4px|||&#8221; global_colors_info=&#8221;{}&#8221;][et_pb_column type=&#8221;4_4&#8243; _builder_version=&#8221;4.16&#8243; _module_preset=&#8221;default&#8221; global_colors_info=&#8221;{}&#8221;][et_pb_divider _builder_version=&#8221;4.16&#8243; _module_preset=&#8221;default&#8221; global_colors_info=&#8221;{}&#8221;][\/et_pb_divider][\/et_pb_column][\/et_pb_row][\/et_pb_section][et_pb_section fb_built=&#8221;1&#8243; _builder_version=&#8221;4.6.6&#8243; _module_preset=&#8221;default&#8221; custom_padding=&#8221;29px|||||&#8221; global_module=&#8221;1551&#8243; saved_tabs=&#8221;all&#8221; global_colors_info=&#8221;{}&#8221;][et_pb_row use_custom_gutter=&#8221;on&#8221; gutter_width=&#8221;2&#8243; _builder_version=&#8221;4.24.2&#8243; _module_preset=&#8221;default&#8221; width=&#8221;70%&#8221; width_tablet=&#8221;90%&#8221; width_phone=&#8221;&#8221; width_last_edited=&#8221;on|tablet&#8221; custom_padding=&#8221;27px|||||&#8221; global_colors_info=&#8221;{}&#8221;][et_pb_column type=&#8221;4_4&#8243; _builder_version=&#8221;4.16&#8243; _module_preset=&#8221;default&#8221; global_colors_info=&#8221;{}&#8221;][et_pb_text _builder_version=&#8221;4.24.2&#8243; _module_preset=&#8221;default&#8221; header_2_font_size=&#8221;2vw&#8221; custom_margin=&#8221;||40px|||&#8221; header_2_font_size_tablet=&#8221;4vw&#8221; header_2_font_size_phone=&#8221;7vw&#8221; header_2_font_size_last_edited=&#8221;on|phone&#8221; border_width_bottom=&#8221;1px&#8221; global_colors_info=&#8221;{}&#8221;]<\/p>\n<h2>Ajankohtaista<\/h2>\n<p>[\/et_pb_text][et_pb_blog fullwidth=&#8221;off&#8221; posts_number=&#8221;3&#8243; meta_date=&#8221;j.m.Y&#8221; use_manual_excerpt=&#8221;off&#8221; excerpt_length=&#8221;200&#8243; show_author=&#8221;off&#8221; show_categories=&#8221;off&#8221; show_excerpt=&#8221;off&#8221; _builder_version=&#8221;4.24.0&#8243; _module_preset=&#8221;default&#8221; body_line_height=&#8221;1.6em&#8221; pagination_font=&#8221;|800||on|||||&#8221; pagination_text_color=&#8221;#000000&#8243; pagination_font_size=&#8221;14px&#8221; background_color=&#8221;rgba(0,0,0,0)&#8221; text_orientation=&#8221;center&#8221; border_color_all=&#8221;#000000&#8243; border_width_top=&#8221;10px&#8221; border_color_top=&#8221;gcid-9253885b-3508-44a2-9922-3a4034f3e389&#8243; global_colors_info=&#8221;{%22gcid-9253885b-3508-44a2-9922-3a4034f3e389%22:%91%22border_color_top%22%93}&#8221;][\/et_pb_blog][\/et_pb_column][\/et_pb_row][\/et_pb_section]<\/p>\n","protected":false},"excerpt":{"rendered":"<p>Yhdistys Kansanmusiikki-institituuttia hallinnoi Kansanmusiikki-instituutti ry, jonka toimintayksik\u00f6t ovat Kansanmusiikki-instituutti ja kansanmusiikkiyhtye Tallari. Yhdistyksen j\u00e4seneksi voivat liitty\u00e4 yksityishenkil\u00f6t tai yhteis\u00f6t. J\u00e4senmaksut vuodelle 2026 ovat 20 \u20ac\/henkil\u00f6j\u00e4sen ja 50 \u20ac\/yhteis\u00f6j\u00e4sen. J\u00e4senhakemuksen voi l\u00e4hett\u00e4\u00e4 s\u00e4hk\u00f6postitse osoitteella matti.hakamaki@kaustinen.fi tai kirjeitse osoitteella Kansanmusiikki-instituutti ry, Jyv\u00e4skyl\u00e4ntie 3, 69600 Kaustinen. Toimintansa tukemiseksi yhdistys voi ottaa vastaan lahjoituksia tai testamentteja. Kansanmusiikki-instituutti ry:n hallitus [&hellip;]<\/p>\n","protected":false},"author":1,"featured_media":0,"parent":0,"menu_order":0,"comment_status":"closed","ping_status":"closed","template":"","meta":{"_et_pb_use_builder":"on","_et_pb_old_content":"","_et_gb_content_width":"","footnotes":""},"class_list":["post-1819","page","type-page","status-publish","hentry"],"yoast_head":"<!-- This site is optimized with the Yoast SEO plugin v27.0 - https:\/\/yoast.com\/product\/yoast-seo-wordpress\/ -->\n<title>Yhdistys - Kansanmusiikki-instituutti<\/title>\n<meta name=\"robots\" content=\"index, follow, max-snippet:-1, max-image-preview:large, max-video-preview:-1\" \/>\n<link rel=\"canonical\" href=\"https:\/\/kansanmusiikki-instituutti.fi\/en\/yhdistys\/\" \/>\n<meta property=\"og:locale\" content=\"en_GB\" \/>\n<meta property=\"og:type\" content=\"article\" \/>\n<meta property=\"og:title\" content=\"Yhdistys - Kansanmusiikki-instituutti\" \/>\n<meta property=\"og:description\" content=\"Yhdistys Kansanmusiikki-institituuttia hallinnoi Kansanmusiikki-instituutti ry, jonka toimintayksik\u00f6t ovat Kansanmusiikki-instituutti ja kansanmusiikkiyhtye Tallari. Yhdistyksen j\u00e4seneksi voivat liitty\u00e4 yksityishenkil\u00f6t tai yhteis\u00f6t. J\u00e4senmaksut vuodelle 2026 ovat 20 \u20ac\/henkil\u00f6j\u00e4sen ja 50 \u20ac\/yhteis\u00f6j\u00e4sen. J\u00e4senhakemuksen voi l\u00e4hett\u00e4\u00e4 s\u00e4hk\u00f6postitse osoitteella matti.hakamaki@kaustinen.fi tai kirjeitse osoitteella Kansanmusiikki-instituutti ry, Jyv\u00e4skyl\u00e4ntie 3, 69600 Kaustinen. Toimintansa tukemiseksi yhdistys voi ottaa vastaan lahjoituksia tai testamentteja. Kansanmusiikki-instituutti ry:n hallitus [&hellip;]\" \/>\n<meta property=\"og:url\" content=\"https:\/\/kansanmusiikki-instituutti.fi\/en\/yhdistys\/\" \/>\n<meta property=\"og:site_name\" content=\"Kansanmusiikki-instituutti\" \/>\n<meta property=\"article:modified_time\" content=\"2026-02-20T10:11:53+00:00\" \/>\n<meta name=\"twitter:card\" content=\"summary_large_image\" \/>\n<meta name=\"twitter:label1\" content=\"Estimated reading time\" \/>\n\t<meta name=\"twitter:data1\" content=\"1 minute\" \/>\n<script type=\"application\/ld+json\" class=\"yoast-schema-graph\">{\"@context\":\"https:\/\/schema.org\",\"@graph\":[{\"@type\":\"WebPage\",\"@id\":\"https:\/\/kansanmusiikki-instituutti.fi\/yhdistys\/\",\"url\":\"https:\/\/kansanmusiikki-instituutti.fi\/yhdistys\/\",\"name\":\"Yhdistys - Kansanmusiikki-instituutti\",\"isPartOf\":{\"@id\":\"https:\/\/kansanmusiikki-instituutti.fi\/#website\"},\"datePublished\":\"2021-02-22T06:53:24+00:00\",\"dateModified\":\"2026-02-20T10:11:53+00:00\",\"breadcrumb\":{\"@id\":\"https:\/\/kansanmusiikki-instituutti.fi\/yhdistys\/#breadcrumb\"},\"inLanguage\":\"en-GB\",\"potentialAction\":[{\"@type\":\"ReadAction\",\"target\":[\"https:\/\/kansanmusiikki-instituutti.fi\/yhdistys\/\"]}]},{\"@type\":\"BreadcrumbList\",\"@id\":\"https:\/\/kansanmusiikki-instituutti.fi\/yhdistys\/#breadcrumb\",\"itemListElement\":[{\"@type\":\"ListItem\",\"position\":1,\"name\":\"Home\",\"item\":\"https:\/\/kansanmusiikki-instituutti.fi\/\"},{\"@type\":\"ListItem\",\"position\":2,\"name\":\"Yhdistys\"}]},{\"@type\":\"WebSite\",\"@id\":\"https:\/\/kansanmusiikki-instituutti.fi\/#website\",\"url\":\"https:\/\/kansanmusiikki-instituutti.fi\/\",\"name\":\"Kansanmusiikki-instituutti\",\"description\":\"Finnish Folk Music Institute\",\"potentialAction\":[{\"@type\":\"SearchAction\",\"target\":{\"@type\":\"EntryPoint\",\"urlTemplate\":\"https:\/\/kansanmusiikki-instituutti.fi\/?s={search_term_string}\"},\"query-input\":{\"@type\":\"PropertyValueSpecification\",\"valueRequired\":true,\"valueName\":\"search_term_string\"}}],\"inLanguage\":\"en-GB\"}]}<\/script>\n<!-- \/ Yoast SEO plugin. -->","yoast_head_json":{"title":"Yhdistys - Kansanmusiikki-instituutti","robots":{"index":"index","follow":"follow","max-snippet":"max-snippet:-1","max-image-preview":"max-image-preview:large","max-video-preview":"max-video-preview:-1"},"canonical":"https:\/\/kansanmusiikki-instituutti.fi\/en\/yhdistys\/","og_locale":"en_GB","og_type":"article","og_title":"Yhdistys - Kansanmusiikki-instituutti","og_description":"Yhdistys Kansanmusiikki-institituuttia hallinnoi Kansanmusiikki-instituutti ry, jonka toimintayksik\u00f6t ovat Kansanmusiikki-instituutti ja kansanmusiikkiyhtye Tallari. Yhdistyksen j\u00e4seneksi voivat liitty\u00e4 yksityishenkil\u00f6t tai yhteis\u00f6t. J\u00e4senmaksut vuodelle 2026 ovat 20 \u20ac\/henkil\u00f6j\u00e4sen ja 50 \u20ac\/yhteis\u00f6j\u00e4sen. J\u00e4senhakemuksen voi l\u00e4hett\u00e4\u00e4 s\u00e4hk\u00f6postitse osoitteella matti.hakamaki@kaustinen.fi tai kirjeitse osoitteella Kansanmusiikki-instituutti ry, Jyv\u00e4skyl\u00e4ntie 3, 69600 Kaustinen. Toimintansa tukemiseksi yhdistys voi ottaa vastaan lahjoituksia tai testamentteja. Kansanmusiikki-instituutti ry:n hallitus [&hellip;]","og_url":"https:\/\/kansanmusiikki-instituutti.fi\/en\/yhdistys\/","og_site_name":"Kansanmusiikki-instituutti","article_modified_time":"2026-02-20T10:11:53+00:00","twitter_card":"summary_large_image","twitter_misc":{"Estimated reading time":"1 minute"},"schema":{"@context":"https:\/\/schema.org","@graph":[{"@type":"WebPage","@id":"https:\/\/kansanmusiikki-instituutti.fi\/yhdistys\/","url":"https:\/\/kansanmusiikki-instituutti.fi\/yhdistys\/","name":"Yhdistys - Kansanmusiikki-instituutti","isPartOf":{"@id":"https:\/\/kansanmusiikki-instituutti.fi\/#website"},"datePublished":"2021-02-22T06:53:24+00:00","dateModified":"2026-02-20T10:11:53+00:00","breadcrumb":{"@id":"https:\/\/kansanmusiikki-instituutti.fi\/yhdistys\/#breadcrumb"},"inLanguage":"en-GB","potentialAction":[{"@type":"ReadAction","target":["https:\/\/kansanmusiikki-instituutti.fi\/yhdistys\/"]}]},{"@type":"BreadcrumbList","@id":"https:\/\/kansanmusiikki-instituutti.fi\/yhdistys\/#breadcrumb","itemListElement":[{"@type":"ListItem","position":1,"name":"Home","item":"https:\/\/kansanmusiikki-instituutti.fi\/"},{"@type":"ListItem","position":2,"name":"Yhdistys"}]},{"@type":"WebSite","@id":"https:\/\/kansanmusiikki-instituutti.fi\/#website","url":"https:\/\/kansanmusiikki-instituutti.fi\/","name":"The Finnish Folk Music Institute","description":"Finnish Folk Music Institute","potentialAction":[{"@type":"SearchAction","target":{"@type":"EntryPoint","urlTemplate":"https:\/\/kansanmusiikki-instituutti.fi\/?s={search_term_string}"},"query-input":{"@type":"PropertyValueSpecification","valueRequired":true,"valueName":"search_term_string"}}],"inLanguage":"en-GB"}]}},"_links":{"self":[{"href":"https:\/\/kansanmusiikki-instituutti.fi\/en\/wp-json\/wp\/v2\/pages\/1819","targetHints":{"allow":["GET"]}}],"collection":[{"href":"https:\/\/kansanmusiikki-instituutti.fi\/en\/wp-json\/wp\/v2\/pages"}],"about":[{"href":"https:\/\/kansanmusiikki-instituutti.fi\/en\/wp-json\/wp\/v2\/types\/page"}],"author":[{"embeddable":true,"href":"https:\/\/kansanmusiikki-instituutti.fi\/en\/wp-json\/wp\/v2\/users\/1"}],"replies":[{"embeddable":true,"href":"https:\/\/kansanmusiikki-instituutti.fi\/en\/wp-json\/wp\/v2\/comments?post=1819"}],"version-history":[{"count":14,"href":"https:\/\/kansanmusiikki-instituutti.fi\/en\/wp-json\/wp\/v2\/pages\/1819\/revisions"}],"predecessor-version":[{"id":3354,"href":"https:\/\/kansanmusiikki-instituutti.fi\/en\/wp-json\/wp\/v2\/pages\/1819\/revisions\/3354"}],"wp:attachment":[{"href":"https:\/\/kansanmusiikki-instituutti.fi\/en\/wp-json\/wp\/v2\/media?parent=1819"}],"curies":[{"name":"wp","href":"https:\/\/api.w.org\/{rel}","templated":true}]}}