{"id":1879,"date":"2021-06-08T06:50:44","date_gmt":"2021-06-08T06:50:44","guid":{"rendered":"https:\/\/kansanmusiikki-instituutti.fi\/?page_id=1879"},"modified":"2023-05-09T06:41:09","modified_gmt":"2023-05-09T06:41:09","slug":"exchange-programme-for-nordic-baltic-ich-network","status":"publish","type":"page","link":"https:\/\/kansanmusiikki-instituutti.fi\/en\/exchange-programme-for-nordic-baltic-ich-network\/","title":{"rendered":"Exchange programme for Nordic-Baltic ICH Network"},"content":{"rendered":"<p>[et_pb_section fb_built=&#8221;1&#8243; _builder_version=&#8221;4.6.6&#8243; _module_preset=&#8221;default&#8221; custom_padding=&#8221;|0px||0px||&#8221;][et_pb_row column_structure=&#8221;1_3,2_3&#8243; _builder_version=&#8221;4.6.6&#8243; _module_preset=&#8221;default&#8221; width=&#8221;70%&#8221; width_tablet=&#8221;80%&#8221; width_phone=&#8221;90%&#8221; width_last_edited=&#8221;on|tablet&#8221;][et_pb_column type=&#8221;1_3&#8243; _builder_version=&#8221;4.6.6&#8243; _module_preset=&#8221;default&#8221;][et_pb_image src=&#8221;https:\/\/kansanmusiikki-instituutti.fi\/wp-content\/uploads\/2021\/06\/20190121-p-103-scaled.jpg&#8221; title_text=&#8221;20190121-p-103&#8243; _builder_version=&#8221;4.6.6&#8243; _module_preset=&#8221;default&#8221;][\/et_pb_image][\/et_pb_column][et_pb_column type=&#8221;2_3&#8243; _builder_version=&#8221;4.6.6&#8243; _module_preset=&#8221;default&#8221;][et_pb_text _builder_version=&#8221;4.6.6&#8243; _module_preset=&#8221;default&#8221; hover_enabled=&#8221;0&#8243; sticky_enabled=&#8221;0&#8243;]<\/p>\n<p><strong>Erasmus+ ohjelman tukema ja Kansanmusiikki-instituutin hallinnoima Sheritage-hanke j\u00e4rjest\u00e4\u00e4 vuonna 2023 pohjoismais-baltialaisen aineettoman kulttuuriperinn\u00f6n verkoston j\u00e4senten vierailuja, joissa jaetaan tietoa suojelutoimenpiteist\u00e4 ja hyvist\u00e4 k\u00e4yt\u00e4nteist\u00e4. Vaihto-ohjelman kielen\u00e4 on englanti.<\/strong><\/p>\n<h1>Exchange programme for Nordic and Baltic network on Intangible Cultural Heritage (ICH)<\/h1>\n<p>You can apply to go on a visit via Nordic and Baltic network on Intangible Cultural Heritage in order to exchange and share good practices on community involvement in the Safeguarding of Intangible Cultural Heritage (ICH).<\/p>\n<p>ICH exchange activities include funding for three visits, where a person working on safeguarding ICH in the Nordic or Baltic region will travel to a minimum of two-day period to another organization working with living heritage. The visit is possible to organize also online (see more in financing).<\/p>\n<p>See previous exchange experiences from the years 2021\u20132022\u00a0<a href=\"https:\/\/safeguardingpractices.com\/good-practice\/exchange-programme-for-sharing-nordic-baltic-experiences\/\" target=\"_blank\" rel=\"noopener noreferrer\">Safeguardingpractices.com.<\/a><\/p>\n<h2>How to apply<\/h2>\n<p><span>As a member of the network you can apply to go for a visit by filling out an electronic application below. The potential hosts and destinations in the Nordic and Baltic regions are:<br \/> <\/span><span>1. Storytelling Network of Kronoberg \u00a0(Sweden), <a href=\"http:\/\/www.sagobygden.se\" target=\"_blank\" rel=\"noopener noreferrer\">www.sagobygden.se<\/a><br \/> <\/span><span>2. Suiti Cultural Heritage Foundation (Latvia),\u00a0<\/span><span><a href=\"https:\/\/suitunovads.lv\/en\/sakums-english\/\" target=\"_blank\" rel=\"noopener noreferrer\">www.suitunovads.lv<\/a><br \/> <\/span><span>3. Finnish Folk Music Institute (Finland),\u00a0<a href=\"http:\/\/www.kansanmusiikki-instituutti.fi\/en\" target=\"_blank\" rel=\"noopener noreferrer\">www.kansanmusiikki-instituutti.fi\/en<\/a><\/span><\/p>\n<p><span>Visitors: <strong><a href=\"https:\/\/forms.gle\/YumvVSUhyaH8B8Gz6\" target=\"_blank\" rel=\"noopener noreferrer\">Please find the application form here<\/a><\/strong><\/span><span><br \/> <strong>Application deadline is 15 May 2023.<\/strong><\/span><\/p>\n<p>After the application deadline, the\u00a0participating organisations will select the members of the network for visits.\u00a0<span>Interdisciplinary visits will be encouraged and given priority, for the purpose of searching for general ICH methodology for community involvement across different domains.\u00a0<\/span><\/p>\n<p>All applicants will be informed of the results before the end of May.<\/p>\n<h2>Time period<\/h2>\n<p>The time period for the visits is between June and October 2023 (Final dates for the visits are agreed between the host and the expert).<\/p>\n<p><span>Recommended visiting times:<\/span><br \/> <span>Storytelling Network of Kronoberg :<br \/> &#8211; 8\u201310 September , Cultural heritage days, special program is the Museum of Legends\u00a0<\/span><\/p>\n<p><span>Suiti Cultural Heritage Foundation:<br \/> &#8211; 27 August, Suiti Crafts Day<br \/> &#8211; 29\u201330 September St. Michael&#8217;s festival<br \/> <\/span><\/p>\n<p><span>Finnish Folk Music Institute:<br \/> &#8211; 8\u20139 June, Diversity of Music Heritage -symposium<br \/> &#8211; 10\u201316 July, Kaustinen Folk Music Festival<br \/> &#8211; October week 40, no specific ICH happenings<\/span><\/p>\n<p>If you have questions, please contact Outi Valo (outi.valo@kaustinen.fi).<\/p>\n<h2>Financing<\/h2>\n<p>The exchange of information is possible to organize in the host&#8217;s position or online via virtual meetings.<\/p>\n<p><strong>Exchange of information by a visit: <\/strong><\/p>\n<p>The exchange programme covers expenses for members of the network up to 700 euros each. These expenses can consist of travel-expenses, accommodation and meals. All the receipts must be sent with the financial report (the expenses are covered only according to the receipts). Please note, that if the expenses exceed 700 euros, the travelling members need to take care of the rest of the costs themselves. The network member applying for the visit is responsible for purchasing the tickets, accommodation etc. The member is also responsible for travel insurance and all other practical issues and costs.<\/p>\n<p><span>The hosts present their activities, safeguarding methods and share information related to ICH in their own context, and organize an audience for the visitor to share hers\/his experience during the stay.<\/span><\/p>\n<p><strong>Online exchange of information:<\/strong><\/p>\n<p>Due to the work and time that online exchange demands, the programme pays a small fee (230 euros as salary for one person or 350 as an invoice for an organisation) for both the visitor and the host. The exchange participants can agree on the online exchange arrangements among each other. The exchange can include for example video meetings, online concerts or rehearsals related to ICH practices or practitioners. Time used for the online exchange should be similar to a physical one (at least 2 x 4 hours).<\/p>\n<h2>Reports from the exchange:<\/h2>\n<p>The visitor will make a short report on his\/her experiences (1-2 pages) and a short video-interview or a blog writing on the good practice he\/she chooses (both travelling and online exchange). Videos are not allowed to include music because of copyright issues. Videos\/ blog writings and photographs will be later added to the <a href=\"https:\/\/safeguardingpractices.com\/\" target=\"_blank\" rel=\"noopener noreferrer\">safeguardingpractices.com<\/a> webpage and\/or to <a href=\"https:\/\/epale.ec.europa.eu\/en\" target=\"_blank\" rel=\"noopener noreferrer\">Epale<\/a>, Electronic Platform for Adult Learning in Europe. This will further enrich the diversity of the practices showcased in the webpage and spread information on elements of intangible cultural heritage in the region and their safeguarding both to practitioners, experts and the general public.\u00a0After the exchanges the project can organise Europass Mobility documents for those, who would prefer it in their work, studies etc.<\/p>\n<p>If the member of the network makes the\u00a0 visit by travelling, he\/she is required to make after the visit an expense invoice that specifies his\/her travel expenses clearly. All receipts must be attached to the expense invoice and only travel-expenses, accommodation and meals are covered until 700 euros.<\/p>\n<p>&nbsp;<\/p>\n<h2><span>Not yet a member of the network?<br \/><\/span><\/h2>\n<div><span>The Nordic and Baltic Net<\/span><span>work on ICH is open for all stakeholders and domains working in the spirit of the UNESCO Convention for the Safeguarding of Intangible Cultural Heritage: researchers, representatives of the State Parties of the 2003 Convention, practitioners, community workers etc.<\/span><\/div>\n<div><span>\u00a0<\/span><\/div>\n<div><span>As members of the network are considered all who have joined the google-group and\/or the Facebook page of the Network. You can find instructions how\u00a0to join the network from <a href=\"https:\/\/safeguardingpractices.com\/the-nordic-and-baltic-network-on-intangible-cultural-heritage\/\" target=\"_blank\" rel=\"noopener noreferrer\">here<\/a>.<\/span><span><\/span><\/div>\n<div>\n<div><\/div>\n<\/div>\n<p>&nbsp;<\/p>\n<p><img loading=\"lazy\" decoding=\"async\" src=\"https:\/\/kansanmusiikki-instituutti.fi\/wp-content\/uploads\/2023\/04\/EN_Co-fundedbytheEU_RGB_Monochrome-300x67.png\" width=\"300\" height=\"67\" alt=\"\" class=\"wp-image-2303 alignnone size-medium\" \/><\/p>\n<p>The exchange programme is organised by the Erasmus+ project &#8221;Sharing intangible cultural heritage in Nordic and Baltic Region (SHERITAGE)&#8221;. Project has received EU funding for all communications. The European Commission is not responsible for the content of this publication. More information about the Erasmus+ programme: <a href=\"https:\/\/www.oph.fi\/en\/education-development-and-internationalisation\/erasmus-programme-finland-2021-2027\">www.oph.fi\/erasmusplus<\/a><\/p>\n<p>[\/et_pb_text][\/et_pb_column][\/et_pb_row][\/et_pb_section]<\/p>\n","protected":false},"excerpt":{"rendered":"<p>Erasmus+ ohjelman tukema ja Kansanmusiikki-instituutin hallinnoima Sheritage-hanke j\u00e4rjest\u00e4\u00e4 vuonna 2023 pohjoismais-baltialaisen aineettoman kulttuuriperinn\u00f6n verkoston j\u00e4senten vierailuja, joissa jaetaan tietoa suojelutoimenpiteist\u00e4 ja hyvist\u00e4 k\u00e4yt\u00e4nteist\u00e4. Vaihto-ohjelman kielen\u00e4 on englanti. Exchange programme for Nordic and Baltic network on Intangible Cultural Heritage (ICH) You can apply to go on a visit via Nordic and Baltic network on Intangible Cultural [&hellip;]<\/p>\n","protected":false},"author":1,"featured_media":0,"parent":0,"menu_order":0,"comment_status":"closed","ping_status":"closed","template":"","meta":{"_et_pb_use_builder":"on","_et_pb_old_content":"","_et_gb_content_width":"","footnotes":""},"class_list":["post-1879","page","type-page","status-publish","hentry"],"yoast_head":"<!-- This site is optimized with the Yoast SEO plugin v27.0 - https:\/\/yoast.com\/product\/yoast-seo-wordpress\/ -->\n<title>Exchange programme for Nordic-Baltic ICH Network - Kansanmusiikki-instituutti<\/title>\n<meta name=\"robots\" content=\"index, follow, max-snippet:-1, max-image-preview:large, max-video-preview:-1\" \/>\n<link rel=\"canonical\" href=\"https:\/\/kansanmusiikki-instituutti.fi\/en\/exchange-programme-for-nordic-baltic-ich-network\/\" \/>\n<meta property=\"og:locale\" content=\"en_GB\" \/>\n<meta property=\"og:type\" content=\"article\" \/>\n<meta property=\"og:title\" content=\"Exchange programme for Nordic-Baltic ICH Network - Kansanmusiikki-instituutti\" \/>\n<meta property=\"og:description\" content=\"Erasmus+ ohjelman tukema ja Kansanmusiikki-instituutin hallinnoima Sheritage-hanke j\u00e4rjest\u00e4\u00e4 vuonna 2023 pohjoismais-baltialaisen aineettoman kulttuuriperinn\u00f6n verkoston j\u00e4senten vierailuja, joissa jaetaan tietoa suojelutoimenpiteist\u00e4 ja hyvist\u00e4 k\u00e4yt\u00e4nteist\u00e4. Vaihto-ohjelman kielen\u00e4 on englanti. Exchange programme for Nordic and Baltic network on Intangible Cultural Heritage (ICH) You can apply to go on a visit via Nordic and Baltic network on Intangible Cultural [&hellip;]\" \/>\n<meta property=\"og:url\" content=\"https:\/\/kansanmusiikki-instituutti.fi\/en\/exchange-programme-for-nordic-baltic-ich-network\/\" \/>\n<meta property=\"og:site_name\" content=\"Kansanmusiikki-instituutti\" \/>\n<meta property=\"article:modified_time\" content=\"2023-05-09T06:41:09+00:00\" \/>\n<meta property=\"og:image\" content=\"https:\/\/kansanmusiikki-instituutti.fi\/wp-content\/uploads\/2023\/04\/EN_Co-fundedbytheEU_RGB_Monochrome-300x67.png\" \/>\n<meta name=\"twitter:card\" content=\"summary_large_image\" \/>\n<meta name=\"twitter:label1\" content=\"Estimated reading time\" \/>\n\t<meta name=\"twitter:data1\" content=\"5 minutes\" \/>\n<script type=\"application\/ld+json\" class=\"yoast-schema-graph\">{\"@context\":\"https:\/\/schema.org\",\"@graph\":[{\"@type\":\"WebPage\",\"@id\":\"https:\/\/kansanmusiikki-instituutti.fi\/exchange-programme-for-nordic-baltic-ich-network\/\",\"url\":\"https:\/\/kansanmusiikki-instituutti.fi\/exchange-programme-for-nordic-baltic-ich-network\/\",\"name\":\"Exchange programme for Nordic-Baltic ICH Network - Kansanmusiikki-instituutti\",\"isPartOf\":{\"@id\":\"https:\/\/kansanmusiikki-instituutti.fi\/#website\"},\"primaryImageOfPage\":{\"@id\":\"https:\/\/kansanmusiikki-instituutti.fi\/exchange-programme-for-nordic-baltic-ich-network\/#primaryimage\"},\"image\":{\"@id\":\"https:\/\/kansanmusiikki-instituutti.fi\/exchange-programme-for-nordic-baltic-ich-network\/#primaryimage\"},\"thumbnailUrl\":\"https:\/\/kansanmusiikki-instituutti.fi\/wp-content\/uploads\/2023\/04\/EN_Co-fundedbytheEU_RGB_Monochrome-300x67.png\",\"datePublished\":\"2021-06-08T06:50:44+00:00\",\"dateModified\":\"2023-05-09T06:41:09+00:00\",\"breadcrumb\":{\"@id\":\"https:\/\/kansanmusiikki-instituutti.fi\/exchange-programme-for-nordic-baltic-ich-network\/#breadcrumb\"},\"inLanguage\":\"en-GB\",\"potentialAction\":[{\"@type\":\"ReadAction\",\"target\":[\"https:\/\/kansanmusiikki-instituutti.fi\/exchange-programme-for-nordic-baltic-ich-network\/\"]}]},{\"@type\":\"ImageObject\",\"inLanguage\":\"en-GB\",\"@id\":\"https:\/\/kansanmusiikki-instituutti.fi\/exchange-programme-for-nordic-baltic-ich-network\/#primaryimage\",\"url\":\"https:\/\/kansanmusiikki-instituutti.fi\/wp-content\/uploads\/2023\/04\/EN_Co-fundedbytheEU_RGB_Monochrome-300x67.png\",\"contentUrl\":\"https:\/\/kansanmusiikki-instituutti.fi\/wp-content\/uploads\/2023\/04\/EN_Co-fundedbytheEU_RGB_Monochrome-300x67.png\"},{\"@type\":\"BreadcrumbList\",\"@id\":\"https:\/\/kansanmusiikki-instituutti.fi\/exchange-programme-for-nordic-baltic-ich-network\/#breadcrumb\",\"itemListElement\":[{\"@type\":\"ListItem\",\"position\":1,\"name\":\"Home\",\"item\":\"https:\/\/kansanmusiikki-instituutti.fi\/\"},{\"@type\":\"ListItem\",\"position\":2,\"name\":\"Exchange programme for Nordic-Baltic ICH Network\"}]},{\"@type\":\"WebSite\",\"@id\":\"https:\/\/kansanmusiikki-instituutti.fi\/#website\",\"url\":\"https:\/\/kansanmusiikki-instituutti.fi\/\",\"name\":\"Kansanmusiikki-instituutti\",\"description\":\"Finnish Folk Music Institute\",\"potentialAction\":[{\"@type\":\"SearchAction\",\"target\":{\"@type\":\"EntryPoint\",\"urlTemplate\":\"https:\/\/kansanmusiikki-instituutti.fi\/?s={search_term_string}\"},\"query-input\":{\"@type\":\"PropertyValueSpecification\",\"valueRequired\":true,\"valueName\":\"search_term_string\"}}],\"inLanguage\":\"en-GB\"}]}<\/script>\n<!-- \/ Yoast SEO plugin. -->","yoast_head_json":{"title":"Exchange programme for Nordic-Baltic ICH Network - Kansanmusiikki-instituutti","robots":{"index":"index","follow":"follow","max-snippet":"max-snippet:-1","max-image-preview":"max-image-preview:large","max-video-preview":"max-video-preview:-1"},"canonical":"https:\/\/kansanmusiikki-instituutti.fi\/en\/exchange-programme-for-nordic-baltic-ich-network\/","og_locale":"en_GB","og_type":"article","og_title":"Exchange programme for Nordic-Baltic ICH Network - Kansanmusiikki-instituutti","og_description":"Erasmus+ ohjelman tukema ja Kansanmusiikki-instituutin hallinnoima Sheritage-hanke j\u00e4rjest\u00e4\u00e4 vuonna 2023 pohjoismais-baltialaisen aineettoman kulttuuriperinn\u00f6n verkoston j\u00e4senten vierailuja, joissa jaetaan tietoa suojelutoimenpiteist\u00e4 ja hyvist\u00e4 k\u00e4yt\u00e4nteist\u00e4. Vaihto-ohjelman kielen\u00e4 on englanti. Exchange programme for Nordic and Baltic network on Intangible Cultural Heritage (ICH) You can apply to go on a visit via Nordic and Baltic network on Intangible Cultural [&hellip;]","og_url":"https:\/\/kansanmusiikki-instituutti.fi\/en\/exchange-programme-for-nordic-baltic-ich-network\/","og_site_name":"Kansanmusiikki-instituutti","article_modified_time":"2023-05-09T06:41:09+00:00","og_image":[{"url":"https:\/\/kansanmusiikki-instituutti.fi\/wp-content\/uploads\/2023\/04\/EN_Co-fundedbytheEU_RGB_Monochrome-300x67.png","type":"","width":"","height":""}],"twitter_card":"summary_large_image","twitter_misc":{"Estimated reading time":"5 minutes"},"schema":{"@context":"https:\/\/schema.org","@graph":[{"@type":"WebPage","@id":"https:\/\/kansanmusiikki-instituutti.fi\/exchange-programme-for-nordic-baltic-ich-network\/","url":"https:\/\/kansanmusiikki-instituutti.fi\/exchange-programme-for-nordic-baltic-ich-network\/","name":"Exchange programme for Nordic-Baltic ICH Network - Kansanmusiikki-instituutti","isPartOf":{"@id":"https:\/\/kansanmusiikki-instituutti.fi\/#website"},"primaryImageOfPage":{"@id":"https:\/\/kansanmusiikki-instituutti.fi\/exchange-programme-for-nordic-baltic-ich-network\/#primaryimage"},"image":{"@id":"https:\/\/kansanmusiikki-instituutti.fi\/exchange-programme-for-nordic-baltic-ich-network\/#primaryimage"},"thumbnailUrl":"https:\/\/kansanmusiikki-instituutti.fi\/wp-content\/uploads\/2023\/04\/EN_Co-fundedbytheEU_RGB_Monochrome-300x67.png","datePublished":"2021-06-08T06:50:44+00:00","dateModified":"2023-05-09T06:41:09+00:00","breadcrumb":{"@id":"https:\/\/kansanmusiikki-instituutti.fi\/exchange-programme-for-nordic-baltic-ich-network\/#breadcrumb"},"inLanguage":"en-GB","potentialAction":[{"@type":"ReadAction","target":["https:\/\/kansanmusiikki-instituutti.fi\/exchange-programme-for-nordic-baltic-ich-network\/"]}]},{"@type":"ImageObject","inLanguage":"en-GB","@id":"https:\/\/kansanmusiikki-instituutti.fi\/exchange-programme-for-nordic-baltic-ich-network\/#primaryimage","url":"https:\/\/kansanmusiikki-instituutti.fi\/wp-content\/uploads\/2023\/04\/EN_Co-fundedbytheEU_RGB_Monochrome-300x67.png","contentUrl":"https:\/\/kansanmusiikki-instituutti.fi\/wp-content\/uploads\/2023\/04\/EN_Co-fundedbytheEU_RGB_Monochrome-300x67.png"},{"@type":"BreadcrumbList","@id":"https:\/\/kansanmusiikki-instituutti.fi\/exchange-programme-for-nordic-baltic-ich-network\/#breadcrumb","itemListElement":[{"@type":"ListItem","position":1,"name":"Home","item":"https:\/\/kansanmusiikki-instituutti.fi\/"},{"@type":"ListItem","position":2,"name":"Exchange programme for Nordic-Baltic ICH Network"}]},{"@type":"WebSite","@id":"https:\/\/kansanmusiikki-instituutti.fi\/#website","url":"https:\/\/kansanmusiikki-instituutti.fi\/","name":"The Finnish Folk Music Institute","description":"Finnish Folk Music Institute","potentialAction":[{"@type":"SearchAction","target":{"@type":"EntryPoint","urlTemplate":"https:\/\/kansanmusiikki-instituutti.fi\/?s={search_term_string}"},"query-input":{"@type":"PropertyValueSpecification","valueRequired":true,"valueName":"search_term_string"}}],"inLanguage":"en-GB"}]}},"_links":{"self":[{"href":"https:\/\/kansanmusiikki-instituutti.fi\/en\/wp-json\/wp\/v2\/pages\/1879","targetHints":{"allow":["GET"]}}],"collection":[{"href":"https:\/\/kansanmusiikki-instituutti.fi\/en\/wp-json\/wp\/v2\/pages"}],"about":[{"href":"https:\/\/kansanmusiikki-instituutti.fi\/en\/wp-json\/wp\/v2\/types\/page"}],"author":[{"embeddable":true,"href":"https:\/\/kansanmusiikki-instituutti.fi\/en\/wp-json\/wp\/v2\/users\/1"}],"replies":[{"embeddable":true,"href":"https:\/\/kansanmusiikki-instituutti.fi\/en\/wp-json\/wp\/v2\/comments?post=1879"}],"version-history":[{"count":32,"href":"https:\/\/kansanmusiikki-instituutti.fi\/en\/wp-json\/wp\/v2\/pages\/1879\/revisions"}],"predecessor-version":[{"id":2318,"href":"https:\/\/kansanmusiikki-instituutti.fi\/en\/wp-json\/wp\/v2\/pages\/1879\/revisions\/2318"}],"wp:attachment":[{"href":"https:\/\/kansanmusiikki-instituutti.fi\/en\/wp-json\/wp\/v2\/media?parent=1879"}],"curies":[{"name":"wp","href":"https:\/\/api.w.org\/{rel}","templated":true}]}}