{"id":1946,"date":"2021-09-02T15:23:40","date_gmt":"2021-09-02T15:23:40","guid":{"rendered":"https:\/\/kansanmusiikki-instituutti.fi\/?page_id=1946"},"modified":"2021-10-11T08:48:34","modified_gmt":"2021-10-11T08:48:34","slug":"koulutus-kirjastot-ja-aineeton-kulttuuriperinto","status":"publish","type":"page","link":"https:\/\/kansanmusiikki-instituutti.fi\/en\/koulutus-kirjastot-ja-aineeton-kulttuuriperinto\/","title":{"rendered":"Koulutus: kirjastot ja aineeton kulttuuriperint\u00f6 (Only in Finnish)"},"content":{"rendered":"<p>[et_pb_section fb_built=&#8221;1&#8243; _builder_version=&#8221;4.6.6&#8243; _module_preset=&#8221;default&#8221;][et_pb_row column_structure=&#8221;1_3,2_3&#8243; _builder_version=&#8221;4.6.6&#8243; _module_preset=&#8221;default&#8221; width=&#8221;70%&#8221; width_tablet=&#8221;80%&#8221; width_phone=&#8221;90%&#8221; width_last_edited=&#8221;on|tablet&#8221;][et_pb_column type=&#8221;1_3&#8243; _builder_version=&#8221;4.6.6&#8243; _module_preset=&#8221;default&#8221;][et_pb_image src=&#8221;https:\/\/kansanmusiikki-instituutti.fi\/wp-content\/uploads\/2021\/09\/Kaustisenkirjasto_sirkus.jpeg&#8221; title_text=&#8221;Kaustisenkirjasto_sirkus&#8221; _builder_version=&#8221;4.6.6&#8243; _module_preset=&#8221;default&#8221;][\/et_pb_image][et_pb_image src=&#8221;https:\/\/kansanmusiikki-instituutti.fi\/wp-content\/uploads\/2021\/09\/Kaustisenkirjasto_panu.jpeg&#8221; title_text=&#8221;Kaustisenkirjasto_panu&#8221; _builder_version=&#8221;4.6.6&#8243; _module_preset=&#8221;default&#8221;][\/et_pb_image][et_pb_image src=&#8221;https:\/\/kansanmusiikki-instituutti.fi\/wp-content\/uploads\/2021\/09\/Kaustisenkirjasto_kasityo\u0308t.jpeg&#8221; title_text=&#8221;Kaustisenkirjasto_kasityo\u0308t&#8221; _builder_version=&#8221;4.6.6&#8243; _module_preset=&#8221;default&#8221;][\/et_pb_image][\/et_pb_column][et_pb_column type=&#8221;2_3&#8243; _builder_version=&#8221;4.6.6&#8243; _module_preset=&#8221;default&#8221;][et_pb_text _builder_version=&#8221;4.6.6&#8243; _module_preset=&#8221;default&#8221; hover_enabled=&#8221;0&#8243; sticky_enabled=&#8221;0&#8243;]<\/p>\n<h1><strong>Koulutus: Kirjastot ja aineeton kulttuuriperint\u00f6<\/strong><\/h1>\n<p>Tervetuloa Kirjastot ja aineeton kulttuuriperint\u00f6 -verkkokoulutukseen 12. ja 15.10. pohtimaan, miten kirjastot voisivat vaalia el\u00e4v\u00e4\u00e4 perint\u00f6\u00e4 omissa yhteis\u00f6iss\u00e4\u00e4n.<\/p>\n<p>El\u00e4v\u00e4n perinn\u00f6n eli aineettoman kulttuuriperinn\u00f6n yhteiskunnallinen merkitys on tunnistettu viime vuosikymmenin\u00e4 varsinkin Unescon aineettoman kulttuuriperinn\u00f6n suojelusopimuksen (2003) my\u00f6t\u00e4, ja aihe on Suomessa vahvasti ajankohtainen mm. Suomen esitetty\u00e4 ensimm\u00e4iset kohteensa Unescon ihmiskunnan aineettoman kulttuuriperinn\u00f6n luetteloihin (saunaperinne vuonna 2020 ja kaustislainen viulunsoittoperinne vuonna 2021).<\/p>\n<p>El\u00e4v\u00e4\u00e4 perint\u00f6\u00e4 ovat mm. suullinen perinne, esitt\u00e4v\u00e4 taide, juhlat ja tavat, k\u00e4sity\u00f6taidot tai luontoa ja maailmankaikkeutta koskevat tiedot ja taidot. N\u00e4ist\u00e4 monet ovat kirjastoissa esill\u00e4 eri tavoin, lainamateriaalin lis\u00e4ksi lis\u00e4ksi vaikkapa n\u00e4yttelyiss\u00e4, musiikkiesityksiss\u00e4, lainattavissa v\u00e4lineiss\u00e4, kirjastoissa j\u00e4rjestett\u00e4viss\u00e4 harrastuspiireiss\u00e4. Kirjastolain mukaan yleiset kirjastot tarjoavat tiloja oppimiseen, harrastamiseen, ty\u00f6skentelyyn ja kansalaistoimintaan sek\u00e4 edist\u00e4v\u00e4t yhteiskunnallista ja kulttuurista vuoropuhelua. Lain l\u00e4ht\u00f6kohdat, yhteis\u00f6llisyys, moniarvoisuus ja kulttuurinen moninaisuus, ovat my\u00f6s el\u00e4v\u00e4n perinn\u00f6n keskeisi\u00e4 piirteit\u00e4.<\/p>\n<p>Koulutuksessa johdatetaan aineettoman kulttuuriperinn\u00f6n k\u00e4sitteisiin ja ilmi\u00f6ihin, esitell\u00e4\u00e4n el\u00e4v\u00e4\u00e4 perint\u00f6\u00e4 yhteis\u00f6llisist\u00e4 n\u00e4k\u00f6kulmista ja pohditaan yhdess\u00e4 kirjastojen roolia el\u00e4v\u00e4n perinn\u00f6n vaalimisessa ja perinneyhteis\u00f6jen tukemisessa. Alustajina \u00e4\u00e4ness\u00e4 ovat niin asiantuntijat kuin perinteenharjoittajat eri aloilta, ja pienryhm\u00e4ty\u00f6skentelyss\u00e4 pohdimme my\u00f6s uusia tapoja ja mahdollisuuksia aineettoman kulttuuriperinn\u00f6n vaalimiseen kirjastoissa.<\/p>\n<p>Seminaarin j\u00e4rjest\u00e4\u00e4 Kansanmusiikki-instituutti, joka on Unescon aineettoman kulttuuriperinn\u00f6n komitean akkreditoitu asiantuntijaj\u00e4rjest\u00f6. Seminaari j\u00e4rjestet\u00e4\u00e4n yhteisty\u00f6ss\u00e4 Museoviraston kanssa.<\/p>\n<p style=\"padding-left: 30px;\">Ajankohdat<br \/> 1. Osa ti 12.10.2021 klo 13-15<br \/> 2. Osa pe 15.10.2021 klo 13-15<\/p>\n<p><strong><\/strong><\/p>\n<h3><strong>1. Osa ti 12.10. klo 13-15:<\/strong><\/h3>\n<p style=\"padding-left: 30px;\">13.00 Tervetuloa!<\/p>\n<p style=\"padding-left: 30px;\">13.10 Aineeton kulttuuriperint\u00f6, Unesco-sopimus ja sen toimeenpano Suomessa<\/p>\n<p style=\"padding-left: 60px;\">Matti Hakam\u00e4ki, Kansanmusiikki-instituutti<br \/> Leena Marsio, Museovirasto<\/p>\n<p style=\"padding-left: 30px;\">13.40 Perinteenharjoittajan n\u00e4k\u00f6kulma<\/p>\n<p style=\"padding-left: 60px;\">Mauno J\u00e4rvel\u00e4, viulupelimanni ja pedagogi, Kaustinen<br \/> Markku Vaaraniemi, perinnekalastaja, Kukkolankoski\/Tornionjokilaakso<\/p>\n<p style=\"padding-left: 30px;\">14.10 Teht\u00e4v\u00e4nanto itsen\u00e4iseen ty\u00f6skentelyyn<\/p>\n<p style=\"padding-left: 30px;\">14.15 Itsen\u00e4inen ty\u00f6skentely: oman asiakaskuntani kulttuuriperint\u00f6<\/p>\n<p style=\"padding-left: 30px;\">14.35 Yhteinen tulosten purku ja keskustelu<\/p>\n<p style=\"padding-left: 30px;\">14.55 Loppukeskustelu<\/p>\n<p style=\"padding-left: 30px;\">15.00 Koulutuksen 1.osa p\u00e4\u00e4ttyy<\/p>\n<p>&nbsp;<\/p>\n<h3><strong>2. Osa pe 15.10.2021 klo 13-15:<\/strong><\/h3>\n<p style=\"padding-left: 30px;\">13.00 Inspiroidu kirjastojen l\u00e4hialojen hyvist\u00e4 k\u00e4yt\u00e4nteist\u00e4: museot, arkistot ja kulttuuriperint\u00f6matkailu<\/p>\n<p style=\"padding-left: 60px;\">Matti Hakam\u00e4ki, Kansanmusiikki-instituutti<br \/> Leena Marsio, Museovirasto<br \/> Suvi King, Saamelaisarkisto<\/p>\n<p style=\"padding-left: 30px;\">13.30 El\u00e4v\u00e4 perinne kirjastoissa, esimerkkej\u00e4<\/p>\n<p style=\"padding-left: 60px;\">Lyhyit\u00e4 esittelypuheenvuoroja mm. Helsingin kaupunginkirjasto (Opi musiikin tuntijaksi, taitajaksi, kokijaksi! -hanke), Kaustisen kirjasto ja Joutsan kirjasto. Kirjastoissa suojellaan el\u00e4v\u00e4\u00e4 perint\u00f6\u00e4 my\u00f6s muun muassa suullisen perinteen ja k\u00e4sity\u00f6taitojen osalta. Jos haluatte kertoa oman kirjastonne hyvist\u00e4 k\u00e4yt\u00e4nteist\u00e4, otamme mielell\u00e4mme etuk\u00e4teen sovittuja, lyhyit\u00e4 puheenvuoroja ohjelmaan (yhteydenotot Outi Valo, outi.valo@kaustinen.fi)<\/p>\n<p style=\"padding-left: 30px;\">14.00 Pienryhm\u00e4keskustelu: miten kirjastot voivat vaalia aineetonta kulttuuriperint\u00f6\u00e4<\/p>\n<p style=\"padding-left: 30px;\">14.30 Ryhm\u00e4keskustelu ja yhteinen purku<\/p>\n<p style=\"padding-left: 30px;\">15.00 Koulutuksen 2.osa p\u00e4\u00e4ttyy<\/p>\n<p>&nbsp;<\/p>\n<h3><strong>Ilmoittautumiset:<\/strong><\/h3>\n<p>Ilmoittaudu pe 8.10 menness\u00e4 <a href=\"https:\/\/forms.gle\/fVDMqqJUaLvsFCAs9\" target=\"_blank\" rel=\"noopener noreferrer\">s\u00e4hk\u00f6isell\u00e4 lomakkeella<\/a>.<\/p>\n<p>Koulutus j\u00e4rjestet\u00e4\u00e4n verkossa Zoom-alustalla. L\u00e4het\u00e4mme osallistumislinkin ja muut ohjeet maanantaina 11.10. koulutukseen ilmoittautuneille.<\/p>\n<p>Lis\u00e4tiedot:<br \/> Outi Valo, Kansanmusiikki-instituutti<br \/> Outi.valo@kaustinen.fi<\/p>\n<p>&nbsp;<\/p>\n<p>[\/et_pb_text][\/et_pb_column][\/et_pb_row][\/et_pb_section]<\/p>\n","protected":false},"excerpt":{"rendered":"<p>Koulutus: Kirjastot ja aineeton kulttuuriperint\u00f6 Tervetuloa Kirjastot ja aineeton kulttuuriperint\u00f6 -verkkokoulutukseen 12. ja 15.10. pohtimaan, miten kirjastot voisivat vaalia el\u00e4v\u00e4\u00e4 perint\u00f6\u00e4 omissa yhteis\u00f6iss\u00e4\u00e4n. El\u00e4v\u00e4n perinn\u00f6n eli aineettoman kulttuuriperinn\u00f6n yhteiskunnallinen merkitys on tunnistettu viime vuosikymmenin\u00e4 varsinkin Unescon aineettoman kulttuuriperinn\u00f6n suojelusopimuksen (2003) my\u00f6t\u00e4, ja aihe on Suomessa vahvasti ajankohtainen mm. Suomen esitetty\u00e4 ensimm\u00e4iset kohteensa Unescon ihmiskunnan aineettoman [&hellip;]<\/p>\n","protected":false},"author":4,"featured_media":1974,"parent":0,"menu_order":0,"comment_status":"closed","ping_status":"closed","template":"","meta":{"_et_pb_use_builder":"on","_et_pb_old_content":"","_et_gb_content_width":"","footnotes":""},"class_list":["post-1946","page","type-page","status-publish","has-post-thumbnail","hentry"],"yoast_head":"<!-- This site is optimized with the Yoast SEO plugin v27.0 - https:\/\/yoast.com\/product\/yoast-seo-wordpress\/ -->\n<title>Koulutus: kirjastot ja aineeton kulttuuriperint\u00f6 - Kansanmusiikki-instituutti<\/title>\n<meta name=\"robots\" content=\"index, follow, max-snippet:-1, max-image-preview:large, max-video-preview:-1\" \/>\n<link rel=\"canonical\" href=\"https:\/\/kansanmusiikki-instituutti.fi\/en\/koulutus-kirjastot-ja-aineeton-kulttuuriperinto\/\" \/>\n<meta property=\"og:locale\" content=\"en_GB\" \/>\n<meta property=\"og:type\" content=\"article\" \/>\n<meta property=\"og:title\" content=\"Koulutus: kirjastot ja aineeton kulttuuriperint\u00f6 - Kansanmusiikki-instituutti\" \/>\n<meta property=\"og:description\" content=\"Koulutus: Kirjastot ja aineeton kulttuuriperint\u00f6 Tervetuloa Kirjastot ja aineeton kulttuuriperint\u00f6 -verkkokoulutukseen 12. ja 15.10. pohtimaan, miten kirjastot voisivat vaalia el\u00e4v\u00e4\u00e4 perint\u00f6\u00e4 omissa yhteis\u00f6iss\u00e4\u00e4n. El\u00e4v\u00e4n perinn\u00f6n eli aineettoman kulttuuriperinn\u00f6n yhteiskunnallinen merkitys on tunnistettu viime vuosikymmenin\u00e4 varsinkin Unescon aineettoman kulttuuriperinn\u00f6n suojelusopimuksen (2003) my\u00f6t\u00e4, ja aihe on Suomessa vahvasti ajankohtainen mm. Suomen esitetty\u00e4 ensimm\u00e4iset kohteensa Unescon ihmiskunnan aineettoman [&hellip;]\" \/>\n<meta property=\"og:url\" content=\"https:\/\/kansanmusiikki-instituutti.fi\/en\/koulutus-kirjastot-ja-aineeton-kulttuuriperinto\/\" \/>\n<meta property=\"og:site_name\" content=\"Kansanmusiikki-instituutti\" \/>\n<meta property=\"article:modified_time\" content=\"2021-10-11T08:48:34+00:00\" \/>\n<meta property=\"og:image\" content=\"https:\/\/kansanmusiikki-instituutti.fi\/wp-content\/uploads\/2021\/09\/Kaustisenkirjasto_panu_vaaka.jpeg\" \/>\n\t<meta property=\"og:image:width\" content=\"1077\" \/>\n\t<meta property=\"og:image:height\" content=\"740\" \/>\n\t<meta property=\"og:image:type\" content=\"image\/jpeg\" \/>\n<meta name=\"twitter:card\" content=\"summary_large_image\" \/>\n<meta name=\"twitter:label1\" content=\"Estimated reading time\" \/>\n\t<meta name=\"twitter:data1\" content=\"2 minutes\" \/>\n<script type=\"application\/ld+json\" class=\"yoast-schema-graph\">{\"@context\":\"https:\/\/schema.org\",\"@graph\":[{\"@type\":\"WebPage\",\"@id\":\"https:\/\/kansanmusiikki-instituutti.fi\/koulutus-kirjastot-ja-aineeton-kulttuuriperinto\/\",\"url\":\"https:\/\/kansanmusiikki-instituutti.fi\/koulutus-kirjastot-ja-aineeton-kulttuuriperinto\/\",\"name\":\"Koulutus: kirjastot ja aineeton kulttuuriperint\u00f6 - Kansanmusiikki-instituutti\",\"isPartOf\":{\"@id\":\"https:\/\/kansanmusiikki-instituutti.fi\/#website\"},\"primaryImageOfPage\":{\"@id\":\"https:\/\/kansanmusiikki-instituutti.fi\/koulutus-kirjastot-ja-aineeton-kulttuuriperinto\/#primaryimage\"},\"image\":{\"@id\":\"https:\/\/kansanmusiikki-instituutti.fi\/koulutus-kirjastot-ja-aineeton-kulttuuriperinto\/#primaryimage\"},\"thumbnailUrl\":\"https:\/\/kansanmusiikki-instituutti.fi\/wp-content\/uploads\/2021\/09\/Kaustisenkirjasto_panu_vaaka.jpeg\",\"datePublished\":\"2021-09-02T15:23:40+00:00\",\"dateModified\":\"2021-10-11T08:48:34+00:00\",\"breadcrumb\":{\"@id\":\"https:\/\/kansanmusiikki-instituutti.fi\/koulutus-kirjastot-ja-aineeton-kulttuuriperinto\/#breadcrumb\"},\"inLanguage\":\"en-GB\",\"potentialAction\":[{\"@type\":\"ReadAction\",\"target\":[\"https:\/\/kansanmusiikki-instituutti.fi\/koulutus-kirjastot-ja-aineeton-kulttuuriperinto\/\"]}]},{\"@type\":\"ImageObject\",\"inLanguage\":\"en-GB\",\"@id\":\"https:\/\/kansanmusiikki-instituutti.fi\/koulutus-kirjastot-ja-aineeton-kulttuuriperinto\/#primaryimage\",\"url\":\"https:\/\/kansanmusiikki-instituutti.fi\/wp-content\/uploads\/2021\/09\/Kaustisenkirjasto_panu_vaaka.jpeg\",\"contentUrl\":\"https:\/\/kansanmusiikki-instituutti.fi\/wp-content\/uploads\/2021\/09\/Kaustisenkirjasto_panu_vaaka.jpeg\",\"width\":1077,\"height\":740},{\"@type\":\"BreadcrumbList\",\"@id\":\"https:\/\/kansanmusiikki-instituutti.fi\/koulutus-kirjastot-ja-aineeton-kulttuuriperinto\/#breadcrumb\",\"itemListElement\":[{\"@type\":\"ListItem\",\"position\":1,\"name\":\"Home\",\"item\":\"https:\/\/kansanmusiikki-instituutti.fi\/\"},{\"@type\":\"ListItem\",\"position\":2,\"name\":\"Koulutus: kirjastot ja aineeton kulttuuriperint\u00f6\"}]},{\"@type\":\"WebSite\",\"@id\":\"https:\/\/kansanmusiikki-instituutti.fi\/#website\",\"url\":\"https:\/\/kansanmusiikki-instituutti.fi\/\",\"name\":\"Kansanmusiikki-instituutti\",\"description\":\"Finnish Folk Music Institute\",\"potentialAction\":[{\"@type\":\"SearchAction\",\"target\":{\"@type\":\"EntryPoint\",\"urlTemplate\":\"https:\/\/kansanmusiikki-instituutti.fi\/?s={search_term_string}\"},\"query-input\":{\"@type\":\"PropertyValueSpecification\",\"valueRequired\":true,\"valueName\":\"search_term_string\"}}],\"inLanguage\":\"en-GB\"}]}<\/script>\n<!-- \/ Yoast SEO plugin. -->","yoast_head_json":{"title":"Koulutus: kirjastot ja aineeton kulttuuriperint\u00f6 - Kansanmusiikki-instituutti","robots":{"index":"index","follow":"follow","max-snippet":"max-snippet:-1","max-image-preview":"max-image-preview:large","max-video-preview":"max-video-preview:-1"},"canonical":"https:\/\/kansanmusiikki-instituutti.fi\/en\/koulutus-kirjastot-ja-aineeton-kulttuuriperinto\/","og_locale":"en_GB","og_type":"article","og_title":"Koulutus: kirjastot ja aineeton kulttuuriperint\u00f6 - Kansanmusiikki-instituutti","og_description":"Koulutus: Kirjastot ja aineeton kulttuuriperint\u00f6 Tervetuloa Kirjastot ja aineeton kulttuuriperint\u00f6 -verkkokoulutukseen 12. ja 15.10. pohtimaan, miten kirjastot voisivat vaalia el\u00e4v\u00e4\u00e4 perint\u00f6\u00e4 omissa yhteis\u00f6iss\u00e4\u00e4n. El\u00e4v\u00e4n perinn\u00f6n eli aineettoman kulttuuriperinn\u00f6n yhteiskunnallinen merkitys on tunnistettu viime vuosikymmenin\u00e4 varsinkin Unescon aineettoman kulttuuriperinn\u00f6n suojelusopimuksen (2003) my\u00f6t\u00e4, ja aihe on Suomessa vahvasti ajankohtainen mm. Suomen esitetty\u00e4 ensimm\u00e4iset kohteensa Unescon ihmiskunnan aineettoman [&hellip;]","og_url":"https:\/\/kansanmusiikki-instituutti.fi\/en\/koulutus-kirjastot-ja-aineeton-kulttuuriperinto\/","og_site_name":"Kansanmusiikki-instituutti","article_modified_time":"2021-10-11T08:48:34+00:00","og_image":[{"width":1077,"height":740,"url":"https:\/\/kansanmusiikki-instituutti.fi\/wp-content\/uploads\/2021\/09\/Kaustisenkirjasto_panu_vaaka.jpeg","type":"image\/jpeg"}],"twitter_card":"summary_large_image","twitter_misc":{"Estimated reading time":"2 minutes"},"schema":{"@context":"https:\/\/schema.org","@graph":[{"@type":"WebPage","@id":"https:\/\/kansanmusiikki-instituutti.fi\/koulutus-kirjastot-ja-aineeton-kulttuuriperinto\/","url":"https:\/\/kansanmusiikki-instituutti.fi\/koulutus-kirjastot-ja-aineeton-kulttuuriperinto\/","name":"Koulutus: kirjastot ja aineeton kulttuuriperint\u00f6 - Kansanmusiikki-instituutti","isPartOf":{"@id":"https:\/\/kansanmusiikki-instituutti.fi\/#website"},"primaryImageOfPage":{"@id":"https:\/\/kansanmusiikki-instituutti.fi\/koulutus-kirjastot-ja-aineeton-kulttuuriperinto\/#primaryimage"},"image":{"@id":"https:\/\/kansanmusiikki-instituutti.fi\/koulutus-kirjastot-ja-aineeton-kulttuuriperinto\/#primaryimage"},"thumbnailUrl":"https:\/\/kansanmusiikki-instituutti.fi\/wp-content\/uploads\/2021\/09\/Kaustisenkirjasto_panu_vaaka.jpeg","datePublished":"2021-09-02T15:23:40+00:00","dateModified":"2021-10-11T08:48:34+00:00","breadcrumb":{"@id":"https:\/\/kansanmusiikki-instituutti.fi\/koulutus-kirjastot-ja-aineeton-kulttuuriperinto\/#breadcrumb"},"inLanguage":"en-GB","potentialAction":[{"@type":"ReadAction","target":["https:\/\/kansanmusiikki-instituutti.fi\/koulutus-kirjastot-ja-aineeton-kulttuuriperinto\/"]}]},{"@type":"ImageObject","inLanguage":"en-GB","@id":"https:\/\/kansanmusiikki-instituutti.fi\/koulutus-kirjastot-ja-aineeton-kulttuuriperinto\/#primaryimage","url":"https:\/\/kansanmusiikki-instituutti.fi\/wp-content\/uploads\/2021\/09\/Kaustisenkirjasto_panu_vaaka.jpeg","contentUrl":"https:\/\/kansanmusiikki-instituutti.fi\/wp-content\/uploads\/2021\/09\/Kaustisenkirjasto_panu_vaaka.jpeg","width":1077,"height":740},{"@type":"BreadcrumbList","@id":"https:\/\/kansanmusiikki-instituutti.fi\/koulutus-kirjastot-ja-aineeton-kulttuuriperinto\/#breadcrumb","itemListElement":[{"@type":"ListItem","position":1,"name":"Home","item":"https:\/\/kansanmusiikki-instituutti.fi\/"},{"@type":"ListItem","position":2,"name":"Koulutus: kirjastot ja aineeton kulttuuriperint\u00f6"}]},{"@type":"WebSite","@id":"https:\/\/kansanmusiikki-instituutti.fi\/#website","url":"https:\/\/kansanmusiikki-instituutti.fi\/","name":"The Finnish Folk Music Institute","description":"Finnish Folk Music Institute","potentialAction":[{"@type":"SearchAction","target":{"@type":"EntryPoint","urlTemplate":"https:\/\/kansanmusiikki-instituutti.fi\/?s={search_term_string}"},"query-input":{"@type":"PropertyValueSpecification","valueRequired":true,"valueName":"search_term_string"}}],"inLanguage":"en-GB"}]}},"_links":{"self":[{"href":"https:\/\/kansanmusiikki-instituutti.fi\/en\/wp-json\/wp\/v2\/pages\/1946","targetHints":{"allow":["GET"]}}],"collection":[{"href":"https:\/\/kansanmusiikki-instituutti.fi\/en\/wp-json\/wp\/v2\/pages"}],"about":[{"href":"https:\/\/kansanmusiikki-instituutti.fi\/en\/wp-json\/wp\/v2\/types\/page"}],"author":[{"embeddable":true,"href":"https:\/\/kansanmusiikki-instituutti.fi\/en\/wp-json\/wp\/v2\/users\/4"}],"replies":[{"embeddable":true,"href":"https:\/\/kansanmusiikki-instituutti.fi\/en\/wp-json\/wp\/v2\/comments?post=1946"}],"version-history":[{"count":16,"href":"https:\/\/kansanmusiikki-instituutti.fi\/en\/wp-json\/wp\/v2\/pages\/1946\/revisions"}],"predecessor-version":[{"id":2021,"href":"https:\/\/kansanmusiikki-instituutti.fi\/en\/wp-json\/wp\/v2\/pages\/1946\/revisions\/2021"}],"wp:featuredmedia":[{"embeddable":true,"href":"https:\/\/kansanmusiikki-instituutti.fi\/en\/wp-json\/wp\/v2\/media\/1974"}],"wp:attachment":[{"href":"https:\/\/kansanmusiikki-instituutti.fi\/en\/wp-json\/wp\/v2\/media?parent=1946"}],"curies":[{"name":"wp","href":"https:\/\/api.w.org\/{rel}","templated":true}]}}